{"id":8092,"date":"2025-10-03T14:09:12","date_gmt":"2025-10-03T12:09:12","guid":{"rendered":"https:\/\/alterdata.com\/?page_id=8092"},"modified":"2026-03-09T13:07:00","modified_gmt":"2026-03-09T12:07:00","slug":"regulamin-konferencji","status":"publish","type":"page","link":"https:\/\/alterdata.com\/pl\/regulamin-konferencji\/","title":{"rendered":"Regulamin Konferencji &#8222;Biznes oparty o dane&#8221;"},"content":{"rendered":"\n<p><strong>Regulamin konferencji \u201cBiznes Oparty o Dane<\/strong><strong>\u201d<\/strong><\/p>\n\n\n\n<p>Szanowni Pa\u0144stwo,<\/p>\n\n\n\n<p>Niniejszy Regulamin okre\u015bla zasady uczestnictwa w konferencji \u201cBiznes Oparty o Dane\u201d, kt\u00f3rej organizatorem jest ALTERDATA.IO sp. z o.o. z siedzib\u0105 w Warszawie przy ul. Domaniewskiej 47\/10, 02-672 Warszawa, adres e-mail: <a href=\"mailto:office@alterdata.io\">office@alterdata.io<\/a>.&nbsp;<\/p>\n\n\n\n<p>Zapraszamy do zapoznania<\/p>\n\n\n\n<h2 class=\"wp-block-heading has-text-align-center\"><strong>\u00a7 1<\/strong> Definicje<\/h2>\n\n\n\n<p>Na potrzeby niniejszego regulaminu przyjmuje si\u0119 nast\u0119puj\u0105ce znaczenie poni\u017cszych poj\u0119\u0107:<\/p>\n\n\n\n<ol class=\"wp-block-list\">\n<li>Konferencja \u2013 konferencja <strong>\u201cBiznes Oparty o Dane\u201d<\/strong> odbywaj\u0105ca si\u0119 15.04.2026 r. w Warszawie.<\/li>\n\n\n\n<li>Organizator \u2013 ALTERDATA.IO sp. z o.o. z siedzib\u0105 w Warszawie przy ul. Domaniewskiej 47\/10, 02-672 Warszawa, adres e-mail: <a href=\"mailto:office@alterdata.io\">office@alterdata.io<\/a>.&nbsp;<\/li>\n\n\n\n<li>Regulamin \u2013 niniejszy regulamin dost\u0119pny pod adresem <a href=\"https:\/\/alterdata.com\/pl\/regulamin-konferencji\/\">https:\/\/alterdata.com\/pl\/regulamin-konferencji\/<\/a>.<\/li>\n\n\n\n<li>Strona Konferencji \u2013 strona internetowa dost\u0119pna pod adresem <a href=\"https:\/\/alterdata.com\/pl\/biznes-oparty-o-dane\/\">https:\/\/alterdata.com\/pl\/biznes-oparty-o-dane\/<\/a>.<\/li>\n\n\n\n<li>Uczestnik \u2013 osoba fizyczna posiadaj\u0105ca pe\u0142n\u0105 zdolno\u015b\u0107 do czynno\u015bci prawnych bior\u0105ca udzia\u0142 w Konferencji,<\/li>\n<\/ol>\n\n\n\n<h2 class=\"wp-block-heading has-text-align-center\"><strong>\u00a7 <\/strong>2 <strong>Postanowienia wst\u0119pne<\/strong><\/h2>\n\n\n\n<ol class=\"wp-block-list\">\n<li>Konferencja organizowana jest przez Organizatora.<\/li>\n\n\n\n<li>Konferencja odbywa si\u0119 15.04.2026 r. w <strong>sali konferencyjnej WTW Wio\u015blarska 6, 00-411 Warszawa,<\/strong> w godzinach 9.30.-15.00.<\/li>\n\n\n\n<li>Wszelkie szczeg\u00f3\u0142y dotycz\u0105ce Konferencji, takie jak program, sylwetki prelegent\u00f3w, opisy poszczeg\u00f3lnych wyst\u0105pie\u0144, dost\u0119pne s\u0105 na Stronie Konferencji. Organizator zastrzega sobie prawo do dokonywania zmian w programie Konferencji z uwagi na okoliczno\u015bci od niego niezale\u017cne. Wszelkie zmiany b\u0119d\u0105 komunikowane na Stronie Konferencji.&nbsp;<\/li>\n\n\n\n<li>Organizator zastrzega sobie prawo do odwo\u0142ania lub prze\u0142o\u017cenia terminu Konferencji, jak r\u00f3wnie\u017c do zmiany miejsca odbywania si\u0119 Konferencji z przyczyn niezale\u017cnych od Organizatora.&nbsp;<\/li>\n\n\n\n<li>Udzia\u0142 w Konferencji jest bezp\u0142atny.&nbsp;<\/li>\n<\/ol>\n\n\n\n<h2 class=\"wp-block-heading has-text-align-center\"><strong>\u00a7 <\/strong>3 <strong><strong>Rejestracja na Konferencj\u0119<\/strong><\/strong><\/h2>\n\n\n\n<ol class=\"wp-block-list\">\n<li>Udzia\u0142 w Konferencji mo\u017cliwy jest po dokonaniu zg\u0142oszenia.&nbsp;<\/li>\n\n\n\n<li>W celu rejestracji, nale\u017cy podj\u0105\u0107 nast\u0119puj\u0105ce kroki:\n<ol class=\"wp-block-list\">\n<li>Wype\u0142ni\u0107 formularz \u201e<strong>Do\u0142\u0105cz do wydarzenia! <\/strong>dost\u0119pny na Stronie konferencji,<\/li>\n\n\n\n<li>Przeczyta\u0107 i zaakceptowa\u0107 Regulamin,<\/li>\n\n\n\n<li>klikn\u0105\u0107 w przycisk \u201eWy\u015blij wiadomo\u015b\u0107\u201d.<\/li>\n<\/ol>\n<\/li>\n\n\n\n<li>Na adres e-mail podany w formularzu zostanie wys\u0142ana wiadomo\u015b\u0107 z potwierdzeniem rejestracji na Konferencj\u0119.&nbsp;&nbsp;<\/li>\n<\/ol>\n\n\n\n<h2 class=\"wp-block-heading has-text-align-center\"><strong>\u00a7 4<\/strong> Wst\u0119p na teren Konferencji<\/h2>\n\n\n\n<p>Wst\u0119p na teren Konferencji mo\u017cliwy jest po uprzednim potwierdzeniu swojej obecno\u015bci przy stworzonym w tym celu stanowisku.&nbsp;<\/p>\n\n\n\n<ol class=\"wp-block-list\">\n<li>Potwierdzaj\u0105c swoj\u0105 obecno\u015b\u0107, Uczestnik Konferencji otrzyma indywidualny identyfikator oraz materia\u0142y startowe.&nbsp;<\/li>\n\n\n\n<li>Organizator zachowuje prawo do odmowy wst\u0119pu na teren Konferencji osobom w stanie wskazuj\u0105cym na spo\u017cycie alkoholu lub innych substancji odurzaj\u0105cych, os\u00f3b agresywnych lub w inny spos\u00f3b zagra\u017caj\u0105cych bezpiecze\u0144stwu.&nbsp;<\/li>\n\n\n\n<li>Na teren odbywania si\u0119 Konferencji nie wolno wnosi\u0107 przedmiot\u00f3w mog\u0105cych stanowi\u0107 zagro\u017cenie dla bezpiecze\u0144stwa, takich jak: bro\u0144, \u015brodki wybuchowe, \u015brodki toksyczne, u\u017cywki, wszelkiego rodzaju gazy obronne.&nbsp;<\/li>\n<\/ol>\n\n\n\n<h2 class=\"wp-block-heading has-text-align-center\"><strong>\u00a7 5<\/strong> <strong>\u015awiadczenia Organizatora<\/strong><\/h2>\n\n\n\n<ol class=\"wp-block-list\">\n<li>Organizator zapewnia uczestnikom Konferencji mo\u017cliwo\u015b\u0107 uczestnictwa we wszystkich prelekcjach, warsztatach, panelach itp. odbywaj\u0105cych si\u0119 w czasie Konferencji, podstawowy catering podczas Konferencji oraz materia\u0142y pokonferencyjne.<\/li>\n\n\n\n<li>Koszty dojazdu do miejsca odbywania si\u0119 Konferencji, koszty zakwaterowania i inne koszty zwi\u0105zane z udzia\u0142em w Konferencji pokrywa samodzielne Uczestnik.&nbsp;<\/li>\n<\/ol>\n\n\n\n<h2 class=\"wp-block-heading has-text-align-center\"><strong>\u00a7 6<\/strong> <strong>Wizerunek<\/strong><\/h2>\n\n\n\n<ol class=\"wp-block-list\">\n<li>Bior\u0105c udzia\u0142 w Konferencji, Uczestnik przyjmuje do wiadomo\u015bci, \u017ce podczas Konferencji mog\u0105 by\u0107 wykonywane zdj\u0119cia oraz filmy wideo w celu stworzenia, a nast\u0119pnie rozpowszechniania w Internecie r\u00f3\u017cnego rodzaju relacji z Konferencji.<\/li>\n\n\n\n<li>Organizator niniejszym informuje Uczestnika, \u017ce zgodnie z art. 81 ust. 2 pkt 2 ustawy o prawie autorskim i prawach pokrewnych zezwolenia nie wymaga rozpowszechnianie wizerunku osoby stanowi\u0105cej jedynie szczeg\u00f3\u0142 ca\u0142o\u015bci. Niezale\u017cnie od tego, bior\u0105c udzia\u0142 w Konferencji, Uczestnik wyra\u017ca zgod\u0119 na rozpowszechnianie swojego wizerunku utrwalonego na zdj\u0119ciach oraz filmach wideo wykonanych podczas Konferencji. Zgoda obejmuje rozpowszechnianie zdj\u0119\u0107 i film\u00f3w w Internecie w celach zwi\u0105zanych z relacjonowaniem, recenzowaniem i opisywaniem Konferencji. Zgod\u0119 Uczestnik mo\u017ce w ka\u017cdej chwili cofn\u0105\u0107, jak r\u00f3wnie\u017c ju\u017c w chwili wykonywania zdj\u0119cia lub filmu przez fotografa o\u015bwiadczy\u0107, \u017ce nie wyra\u017ca zgody na opisane powy\u017cej rozpowszechnianie swojego wizerunku. Cofni\u0119cie zgody mo\u017cliwe jest poprzez indywidualny kontakt z Organizatorem, w szczeg\u00f3lno\u015bci za po\u015brednictwem poczty elektronicznej <a href=\"mailto:office@alterdata.io\">office@alterdata.io<\/a>. Cofni\u0119cie zgody dzia\u0142a wy\u0142\u0105cznie na przysz\u0142o\u015b\u0107 i nie wp\u0142ywa na legalno\u015b\u0107 rozpowszechniania wizerunku przed cofni\u0119ciem zgody.&nbsp;<\/li>\n<\/ol>\n\n\n\n<h2 class=\"wp-block-heading has-text-align-center\"><strong>\u00a7 <\/strong>7 <strong>Dane osobowe<\/strong><\/h2>\n\n\n\n<ol class=\"wp-block-list\">\n<li>Administratorem danych osobowych Uczestnik\u00f3w jest Organizator tj. ALTERDATA.IO sp. z o.o. z siedzib\u0105 w Warszawie przy ul. Domaniewskiej 47\/10, 02-672 Warszawa, adres e-mail: office@alterdata.io, dalej jako \u201eAdministrator\u201d.<\/li>\n\n\n\n<li>Administrator powo\u0142a\u0142 Inspektora Ochrony Danych (IOD), z kt\u00f3rym mo\u017cesz si\u0119 skontaktowa\u0107 pod adresem e-mail: <a href=\"mailto:iod@alterdata.io\">iod@alterdata.io<\/a>.<\/li>\n\n\n\n<li>Dane osobowe b\u0119d\u0105 przetwarzane w celu wykonania umowy tj. organizacji Konferencji, zapewnienia zarejestrowanemu Uczestnikowi mo\u017cliwo\u015bci uczestnictwa we wszystkich prelekcjach odbywaj\u0105cych si\u0119 w czasie Konferencji oraz wykonania czynno\u015bci organizacyjnych zwi\u0105zanych z Konferencj\u0105 (m.in. potwierdzenie rejestracji, weryfikacja to\u017csamo\u015bci przed wej\u015bciem na wydarzenie) na podstawie art. 6 ust. 1 lit. b RODO.<\/li>\n\n\n\n<li>Je\u017celi podczas rejestracji na Konferencj\u0119, Uczestnik wyrazi dobrowoln\u0105 zgod\u0119 na kontakt marketingowy Organizator b\u0119dzie przetwarza\u0142 wskazany adres e-mail w celu wys\u0142ania wiadomo\u015bci, w kt\u00f3rych mog\u0105 znale\u017a\u0107 si\u0119 informacje marketingowe i handlowe dotycz\u0105ce dzia\u0142alno\u015bci Alterdata.io (np. materia\u0142y z wydarzenia, ankieta badania poziomu zadowolenia z wydarzenia). Podstaw\u0105 prawn\u0105 przetwarzania danych Uczestnika we wskazanym celu jest jego zgoda (art. 6 ust. 1 lit. a RODO).<\/li>\n\n\n\n<li>Wizerunek zarejestrowany podczas Konferencji b\u0119dzie przetwarzany na podstawie prawnie uzasadnionego interesu Administratora (art. 6 ust. 1 lit. f RODO) w celu zdania relacji z wydarzenia (co stanowi wskazany interes administratora).<\/li>\n\n\n\n<li>Dane osobowe mog\u0105 by\u0107 r\u00f3wnie\u017c przetwarzane w celu ewentualnego dochodzenia roszcze\u0144 lub obrony przed roszczeniami, co stanowi prawnie uzasadniony interes Administratora (art. 6 ust. 1 lit. f RODO).<\/li>\n\n\n\n<li>Dane osobowe b\u0119d\u0105 przetwarzane przez okres przedawnienia roszcze\u0144 a w przypadku przetwarzania na podstawie zgody, do momentu jej wycofania.<\/li>\n\n\n\n<li>W zakresie wizerunku Uczestnik\u00f3w utrwalonych w zwi\u0105zku uczestnictwem w Konferencji, materia\u0142y zawieraj\u0105ce wizerunki mog\u0105 by\u0107 rozpowszechniane w Internecie, a co za tym idzie nie jest mo\u017cliwe jednoznaczne wskazanie okresu przetwarzania danych osobowych w postaci wizerunku. Uczestnikowi przys\u0142uguje natomiast prawo do za\u017c\u0105dania usuni\u0119cia materia\u0142\u00f3w zawieraj\u0105cych jego wizerunek. \u017b\u0105danie takie nie ma wp\u0142ywu na legalno\u015b\u0107 dokonanego uprzednio rozpowszechnienia materia\u0142\u00f3w, kt\u00f3re to rozpowszechnienie dokonywane jest na podstawie przepis\u00f3w prawa (art. 81 ustawy o prawie autorskim) lub na podstawie zgody Uczestnika, o kt\u00f3rej mowa w \u00a7 6 Regulaminu.&nbsp;<\/li>\n\n\n\n<li>Odbiorcami danych osobowych Uczestnika mog\u0105 by\u0107 podmioty \u015bwiadcz\u0105ce dla Administratora us\u0142ugi informatyczne (np. hosting skrzynek mailowych, hosting serwera) prawne, doradcze na podstawie stosownych um\u00f3w oraz podmioty upowa\u017cnione do otrzymania danych osobowych na podstawie obowi\u0105zuj\u0105cych przepis\u00f3w prawa.<\/li>\n\n\n\n<li>Na zasadach opisanych w RODO Uczestnik nast\u0119puj\u0105ce prawa:<\/li>\n<\/ol>\n\n\n\n<ol class=\"wp-block-list\">\n<li>wycofania zgody na przetwarzanie danych osobowych w ka\u017cdym czasie, co nie b\u0119dzie mia\u0142o wp\u0142ywu na zgodno\u015b\u0107 z prawem przetwarzania, kt\u00f3rego dokonano przed wycofaniem zgody;<\/li>\n\n\n\n<li>dost\u0119pu do tre\u015bci swoich danych oraz uzyskania ich kopii,<\/li>\n\n\n\n<li>\u017c\u0105dania sprostowania danych,<\/li>\n\n\n\n<li>\u017c\u0105dania usuni\u0119cia danych,<\/li>\n\n\n\n<li>\u017c\u0105dania ograniczenia przetwarzania danych,<\/li>\n\n\n\n<li>wniesienia sprzeciwu wobec przetwarzania na podstawie prawnie uzasadnionego interesu Administratora.<\/li>\n<\/ol>\n\n\n\n<ol start=\"11\" class=\"wp-block-list\">\n<li>Realizacja uprawnie\u0144 mo\u017cliwa jest poprzez indywidualny kontakt z Organizatorem, w&nbsp;szczeg\u00f3lno\u015bci za po\u015brednictwem poczty elektronicznej: <a href=\"mailto:iod@alterdata.io\">iod@alterdata.io<\/a><\/li>\n\n\n\n<li>Uczestnik ma r\u00f3wnie\u017c prawo wniesienia skargi do Prezesa Urz\u0119du Ochrony Danych Osobowych, gdy uzna, \u017ce Organizator przetwarza dane osobowe niezgodnie z prawem.<\/li>\n\n\n\n<li>Podanie danych osobowych w celu rejestracji na wydarzenie jest obowi\u0105zkiem umownym. Bez podania danych udzia\u0142 w wydarzeniu nie b\u0119dzie mo\u017cliwy. Wyra\u017cenie zgody na kontakt marketingowy jest dobrowolne.<\/li>\n\n\n\n<li>Dane osobowe nie b\u0119d\u0105 poddawane zautomatyzowanemu podejmowaniu decyzji, w tym profilowaniu.<\/li>\n\n\n\n<li>Dane osobowe b\u0119d\u0105 przechowywane w systemie firmy ActiveCampaign, na serwerach umieszczonych w Unii Europejskiej, jednak w przypadku awarii lub wsparcia technicznego niekt\u00f3re dane mog\u0105 by\u0107 przekazane na serwery firmy do USA.&nbsp; Dostawca oprogramowania gwarantuje odpowiedni poziom ochrony danych, a transfer odbywa si\u0119 przy zastosowaniu mechanizm\u00f3w zgodno\u015bci przewidzianych przez RODO, w szczeg\u00f3lno\u015bci poprzez korzystanie ze standardowych klauzul umownych.<\/li>\n<\/ol>\n\n\n\n<h2 class=\"wp-block-heading has-text-align-center\"><strong>\u00a7 <\/strong>8 <strong>Prawa w\u0142asno\u015bci intelektualnej<\/strong><\/h2>\n\n\n\n<p>Organizator poucza niniejszym Uczestnik\u00f3w, \u017ce materia\u0142y udost\u0119pniane Uczestnikom w&nbsp;zwi\u0105zku z udzia\u0142em w Konferencji, jak r\u00f3wnie\u017c tre\u015bci prezentowane podczas Konferencji mog\u0105 by\u0107 obj\u0119te ochron\u0105 prawa autorskiego oraz prawa w\u0142asno\u015bci przemys\u0142owej, a ich dalsze rozpowszechnianie mo\u017ce stanowi\u0107 naruszenie praw podmiot\u00f3w uprawnionych daj\u0105ce podstaw\u0119 do poci\u0105gni\u0119cia do odpowiedzialno\u015bci cywilnej lub karnej.&nbsp;<\/p>\n\n\n\n<h2 class=\"wp-block-heading has-text-align-center\"><strong>\u00a7 <\/strong>9 <strong>Reklamacje<\/strong><\/h2>\n\n\n\n<ol class=\"wp-block-list\">\n<li>Wszelkie reklamacje zwi\u0105zane z Konferencj\u0105 mog\u0105 by\u0107 zg\u0142aszane w formie pisemnej na adres Organizatora lub w formie elektronicznej na adres e-mail <a href=\"mailto:office@alterdata.io\">office@alterdata.io<\/a>.<\/li>\n\n\n\n<li>Reklamacja powinna zawiera\u0107 dane pozwalaj\u0105ce na identyfikacj\u0119 osoby reklamuj\u0105cej i&nbsp;podj\u0119cie z ni\u0105 kontaktu, uzasadnienie reklamacji oraz \u017c\u0105dania z ni\u0105 zwi\u0105zane.<\/li>\n\n\n\n<li>Reklamacje b\u0119d\u0105 rozpatrywane w terminie 14 dni od daty dor\u0119czenia reklamacji Organizatorowi. Organizator ustosunkuje si\u0119 do reklamacji w takiej samej formie, w jakiej reklamacja zosta\u0142a mu dor\u0119czona.<\/li>\n<\/ol>\n\n\n\n<h2 class=\"wp-block-heading has-text-align-center\"><strong>\u00a7 <\/strong>10 <strong>Postanowienia ko\u0144cowe<\/strong><\/h2>\n\n\n\n<ol class=\"wp-block-list\">\n<li>Regulamin zosta\u0142 przygotowany w oparciu o prawo polskie.&nbsp;<\/li>\n\n\n\n<li>Organizator zastrzega sobie prawo do dokonywania zmian w Regulaminie. O tre\u015bci zmian Regulaminu Organizator obwieszcza na stronie internetowej co najmniej 7 dni przed wej\u015bciem zmian w \u017cycie.<\/li>\n\n\n\n<li>Regulamin wchodzi w \u017cycie z dniem 03.10.2025 r.<\/li>\n<\/ol>\n\n\n\n<p><\/p>\n","protected":false},"excerpt":{"rendered":"<p>Regulamin konferencji \u201cBiznes Oparty o Dane\u201d Szanowni Pa\u0144stwo, Niniejszy Regulamin okre\u015bla zasady uczestnictwa w konferencji \u201cBiznes Oparty o Dane\u201d, kt\u00f3rej organizatorem jest ALTERDATA.IO sp. z o.o. z siedzib\u0105 w Warszawie przy ul. Domaniewskiej 47\/10, 02-672 Warszawa, adres e-mail: office@alterdata.io.&nbsp; Zapraszamy do zapoznania \u00a7 1 Definicje Na potrzeby niniejszego regulaminu przyjmuje si\u0119 nast\u0119puj\u0105ce znaczenie poni\u017cszych poj\u0119\u0107: [&hellip;]<\/p>\n","protected":false},"author":4,"featured_media":0,"parent":0,"menu_order":0,"comment_status":"closed","ping_status":"closed","template":"content-with-sidebar-page-template.php","meta":{"_acf_changed":false,"footnotes":""},"class_list":["post-8092","page","type-page","status-publish","hentry"],"acf":[],"_links":{"self":[{"href":"https:\/\/alterdata.com\/pl\/wp-json\/wp\/v2\/pages\/8092","targetHints":{"allow":["GET"]}}],"collection":[{"href":"https:\/\/alterdata.com\/pl\/wp-json\/wp\/v2\/pages"}],"about":[{"href":"https:\/\/alterdata.com\/pl\/wp-json\/wp\/v2\/types\/page"}],"author":[{"embeddable":true,"href":"https:\/\/alterdata.com\/pl\/wp-json\/wp\/v2\/users\/4"}],"replies":[{"embeddable":true,"href":"https:\/\/alterdata.com\/pl\/wp-json\/wp\/v2\/comments?post=8092"}],"version-history":[{"count":6,"href":"https:\/\/alterdata.com\/pl\/wp-json\/wp\/v2\/pages\/8092\/revisions"}],"predecessor-version":[{"id":10332,"href":"https:\/\/alterdata.com\/pl\/wp-json\/wp\/v2\/pages\/8092\/revisions\/10332"}],"wp:attachment":[{"href":"https:\/\/alterdata.com\/pl\/wp-json\/wp\/v2\/media?parent=8092"}],"curies":[{"name":"wp","href":"https:\/\/api.w.org\/{rel}","templated":true}]}}