{"id":7683,"date":"2025-09-01T16:50:06","date_gmt":"2025-09-01T14:50:06","guid":{"rendered":"https:\/\/alterdata.com\/?page_id=7683"},"modified":"2026-04-08T14:34:45","modified_gmt":"2026-04-08T12:34:45","slug":"nasze-e-booki","status":"publish","type":"page","link":"https:\/\/alterdata.com\/pl\/nasze-e-booki\/","title":{"rendered":"Wiedza \/ Lista E-Book"},"content":{"rendered":"<div class=\"section-data-driven-services-block \"\n                  style=\"--section-data-driven-services-block-background-color: transparent;\"\n                >\n  <div class=\"container\">\n    <div class=\"row\">\n      <div class=\"col\">\n        <div class=\"section-data-driven-services-block__inner py-p-48 py-p-lg-60\">\n          <div class=\"row\">\n            <div class=\"col-12 col-lg-5\">\n              <h2 class=\"section-data-driven-services-block__title mb-p-31\"><h1>Poznaj nasze darmowe <br>e-booki dla biznesu i technologii<\/h1><\/h2>\n              <p class=\"section-data-driven-services-block__description\"><br>Zdob\u0105d\u017a praktyczn\u0105 wiedz\u0119 i inspiracje z r\u00f3\u017cnych obszar\u00f3w, od zarz\u0105dzania firm\u0105, przez sprzeda\u017c i marketing, a\u017c po AI i automatyzacj\u0119. Pobierz nasze e-booki i sprawd\u017a, jak mo\u017cesz rozwija\u0107 sw\u00f3j biznes dzi\u0119ki sprawdzonym wskaz\u00f3wkom i analizom.<\/p>\n                              <img decoding=\"async\" class=\"section-data-driven-services-block__main-icon img-fluid d-block mx-auto\" src=\"https:\/\/alterdata.com\/wp-content\/uploads\/2024\/11\/photo-5-1-1.png\" alt=\"M\u0119\u017cczyzna w b\u0142\u0119kitnej koszuli pracuje przy srebrnym laptopie Apple, z kubkiem w odcieniu niebieskim i smartwatchem na nadgarstku.\">\n                          <\/div>\n            <div class=\"col-12 col-lg-6 offset-lg-1\">\n              <div class=\"section-data-driven-services-block__list row\">\n                                  <div class=\"section-data-driven-services-block__item col-12 col-lg-6 mb-p-24\">\n                    <div class=\"section-data-driven-services-block__item-inner h-100 d-flex flex-column pt-p-24 px-p-24 pb-p-32\">\n                      <h3 class=\"section-data-driven-services-block__item-title mb-p-24\">Jak wdro\u017cy\u0107 Gen AI w pracy z dokumentami<\/h3>\n                      <p class=\"section-data-driven-services-block__item-description mb-p-24\">Dowiedz si\u0119, jak firmy wykorzystuj\u0105 generatywn\u0105 sztuczn\u0105 inteligencj\u0119 do usprawnienia proces\u00f3w, tworzenia tre\u015bci i automatyzacji pracy. E-book pokazuje realne przyk\u0142ady wdro\u017ce\u0144, korzy\u015bci biznesowe oraz kierunki rozwoju GenAI.<\/p>\n                                              <a class=\"section-data-driven-services-block__item-link mt-auto\" href=\"https:\/\/alterdata.com\/pl\/ebook-genai\/\" target=\"_blank\">Pobierz e-book<\/a>\n                                          <\/div>\n                  <\/div>\n                                  <div class=\"section-data-driven-services-block__item col-12 col-lg-6 mb-p-24\">\n                    <div class=\"section-data-driven-services-block__item-inner h-100 d-flex flex-column pt-p-24 px-p-24 pb-p-32\">\n                      <h3 class=\"section-data-driven-services-block__item-title mb-p-24\">Rozwi\u0105zania AI &#038; ML dla bran\u017cy Healthcare<\/h3>\n                      <p class=\"section-data-driven-services-block__item-description mb-p-24\">Poznaj najnowsze rozwi\u0105zania oparte na sztucznej inteligencji i uczeniu maszynowym w sektorze healthcare. Zobacz, jak AI wspiera diagnostyk\u0119, personalizacj\u0119 leczenia oraz poprawia efektywno\u015b\u0107 system\u00f3w medycznych.<\/p>\n                                              <a class=\"section-data-driven-services-block__item-link mt-auto\" href=\"https:\/\/alterdata.com\/pl\/ebook-ai-ml-healthcare\/\" target=\"_blank\">Pobierz e-book<\/a>\n                                          <\/div>\n                  <\/div>\n                                  <div class=\"section-data-driven-services-block__item col-12 col-lg-6 mb-p-24\">\n                    <div class=\"section-data-driven-services-block__item-inner h-100 d-flex flex-column pt-p-24 px-p-24 pb-p-32\">\n                      <h3 class=\"section-data-driven-services-block__item-title mb-p-24\">Sprawd\u017a gotowo\u015b\u0107 swojej organizacji na AI<\/h3>\n                      <p class=\"section-data-driven-services-block__item-description mb-p-24\">Dowiedz si\u0119, czy Twoja infrastruktura danych jest przygotowana na wdro\u017cenie AI.\r\n5-minutowa checklista pozwoli Ci oceni\u0107 kluczowe obszary, zidentyfikowa\u0107 luki i okre\u015bli\u0107, na jakim etapie jeste\u015b.<\/p>\n                                              <a class=\"section-data-driven-services-block__item-link mt-auto\" href=\"https:\/\/alterdata.com\/pl\/ebook-gotowosc-na-ai-checklista\/\" target=\"_blank\">Pobierz checklist\u0119<\/a>\n                                          <\/div>\n                  <\/div>\n                              <\/div>\n            <\/div>\n          <\/div>\n        <\/div>\n      <\/div>\n    <\/div>\n  <\/div>\n<\/div>","protected":false},"excerpt":{"rendered":"","protected":false},"author":4,"featured_media":0,"parent":0,"menu_order":0,"comment_status":"closed","ping_status":"closed","template":"","meta":{"_acf_changed":false,"footnotes":""},"class_list":["post-7683","page","type-page","status-publish","hentry"],"acf":[],"_links":{"self":[{"href":"https:\/\/alterdata.com\/pl\/wp-json\/wp\/v2\/pages\/7683","targetHints":{"allow":["GET"]}}],"collection":[{"href":"https:\/\/alterdata.com\/pl\/wp-json\/wp\/v2\/pages"}],"about":[{"href":"https:\/\/alterdata.com\/pl\/wp-json\/wp\/v2\/types\/page"}],"author":[{"embeddable":true,"href":"https:\/\/alterdata.com\/pl\/wp-json\/wp\/v2\/users\/4"}],"replies":[{"embeddable":true,"href":"https:\/\/alterdata.com\/pl\/wp-json\/wp\/v2\/comments?post=7683"}],"version-history":[{"count":10,"href":"https:\/\/alterdata.com\/pl\/wp-json\/wp\/v2\/pages\/7683\/revisions"}],"predecessor-version":[{"id":10546,"href":"https:\/\/alterdata.com\/pl\/wp-json\/wp\/v2\/pages\/7683\/revisions\/10546"}],"wp:attachment":[{"href":"https:\/\/alterdata.com\/pl\/wp-json\/wp\/v2\/media?parent=7683"}],"curies":[{"name":"wp","href":"https:\/\/api.w.org\/{rel}","templated":true}]}}