{"id":7578,"date":"2025-08-21T12:59:01","date_gmt":"2025-08-21T10:59:01","guid":{"rendered":"https:\/\/alterdata.com\/?page_id=7578"},"modified":"2025-09-12T13:26:59","modified_gmt":"2025-09-12T11:26:59","slug":"gcs","status":"publish","type":"page","link":"https:\/\/alterdata.com\/pl\/gcs\/","title":{"rendered":"Google Cloud Summit 2025"},"content":{"rendered":"<div class=\"section-key-benefits-block js-section-key-benefits-block \"\n                  style=\"--section-key-benefits-block-background-color: transparent;\"\n                >\n  <div class=\"container\">\n    <div class=\"row\">\n      <div class=\"col\">\n        <div class=\"section-key-benefits-block__inner py-p-48 py-p-lg-60\">\n                    <div class=\"section-key-benefits-block__benefits-wrapper row mb-p-48\">\n                          <div class=\"section-key-benefits-block__benefit js-section-key-benefits-block-benefit col-12 col-lg-4 py-p-8 py-p-lg-15 px-p-lg-15\">\n                <div class=\"section-key-benefits-block__benefit-inner d-flex flex-column align-items-center justify-content-start px-p-10 py-p-10 px-p-lg-36 py-p-lg-40 h-100\">\n                  <div class=\"section-key-benefits-block__title-wrapper js-section-key-benefits-block-title-wrapper d-flex flex-row flex-lg-column justify-content-start align-items-center w-100\">\n                    <img decoding=\"async\" src=\"https:\/\/alterdata.com\/wp-content\/uploads\/2025\/09\/image-221-1.png\" alt=\"Case Study P\u015aO\" class=\"section-key-benefits-block__icon d-none d-lg-block img-fluid mb-p-24\">\n                    <img decoding=\"async\" src=\"\" alt=\"Case Study P\u015aO\" class=\"section-key-benefits-block__icon-mobile d-lg-none img-fluid mr-p-8\">\n                    <h3 class=\"section-key-benefits-block__benefit-title text-center \">Case Study P\u015aO<\/h3>\n                    <img decoding=\"async\" class=\"section-key-benefits-block__chevron js-section-key-benefits-block-chevron img-fluid d-lg-none\" src=\"https:\/\/alterdata.com\/wp-content\/themes\/alterdata-theme\/src\/images\/blocks\/section-key-benefits-block\/chevron_up_icon.svg\" alt=\"Rozwi\u0144\">\n                  <\/div>\n                  <p class=\"section-key-benefits-block__benefit-description js-section-key-benefits-block-benefit-description  mt-p-24\"><div style=\"text-align: center;\">Dowiedz si\u0119, jak wdro\u017cyli\u015bmy nowoczesny \u2028Data Lakehouse oraz Dataform \u2028i uporz\u0105dkowali\u015bmy przep\u0142yw danych, dzi\u0119ki czemu firma szybciej odpowiada \u2028na potrzeby rynku.<br><br>\r\n<strong>Rozwi\u0105zanie pozwoli\u0142o na:<\/strong> standaryzacj\u0119 proces\u00f3w, eliminacj\u0119 b\u0142\u0119d\u00f3w r\u0119cznych i szybsze przygotowanie raport\u00f3w i analiz.<\/div>\r\n<br><br>\r\n<div style=\"text-align: center;\">\r\n  <a href=\"https:\/\/alterdata.com\/pl\/case-studies\/pso\/\" target=\"_blank\">\r\n    <strong>Czytaj wi\u0119cej<\/strong>\r\n  <\/a>\r\n<\/div>\r\n<\/p>\n                <\/div>\n              <\/div>\n                          <div class=\"section-key-benefits-block__benefit js-section-key-benefits-block-benefit col-12 col-lg-4 py-p-8 py-p-lg-15 px-p-lg-15\">\n                <div class=\"section-key-benefits-block__benefit-inner d-flex flex-column align-items-center justify-content-start px-p-10 py-p-10 px-p-lg-36 py-p-lg-40 h-100\">\n                  <div class=\"section-key-benefits-block__title-wrapper js-section-key-benefits-block-title-wrapper d-flex flex-row flex-lg-column justify-content-start align-items-center w-100\">\n                    <img decoding=\"async\" src=\"https:\/\/alterdata.com\/wp-content\/uploads\/2025\/09\/image-222-1.png\" alt=\"Case Study Nexera\" class=\"section-key-benefits-block__icon d-none d-lg-block img-fluid mb-p-24\">\n                    <img decoding=\"async\" src=\"\" alt=\"Case Study Nexera\" class=\"section-key-benefits-block__icon-mobile d-lg-none img-fluid mr-p-8\">\n                    <h3 class=\"section-key-benefits-block__benefit-title text-center \">Case Study Nexera<\/h3>\n                    <img decoding=\"async\" class=\"section-key-benefits-block__chevron js-section-key-benefits-block-chevron img-fluid d-lg-none\" src=\"https:\/\/alterdata.com\/wp-content\/themes\/alterdata-theme\/src\/images\/blocks\/section-key-benefits-block\/chevron_up_icon.svg\" alt=\"Rozwi\u0144\">\n                  <\/div>\n                  <p class=\"section-key-benefits-block__benefit-description js-section-key-benefits-block-benefit-description  mt-p-24\"><div style=\"text-align: center;\">Zobacz, jak pomogli\u015bmy Nexerze wykorzysta\u0107 Gemini LLM \u2028do analizy tysi\u0119cy dokument\u00f3w dotycz\u0105cych budowy sieci telekomunikacyjnej, dzi\u0119ki czemu firma zaoszcz\u0119dzi\u0142a \u2028czas i miliony z\u0142otych.<br><br>\r\n<strong>Rozwi\u0105zanie umo\u017cliwi\u0142o:<\/strong> automatyczne przetwarzanie i kategoryzacj\u0119 dokument\u00f3w, redukcj\u0119 ponad 2000 godzin pracy manualnej i szybszy dost\u0119p do informacji i raport\u00f3w.<\/div>\r\n<br><br>\r\n<div style=\"text-align: center;\">\r\n  <a href=\"https:\/\/alterdata.com\/pl\/case-studies\/automatyzacja-dokumentow-i-2000-godzin-odzyskanej-pracy-w-nexera\/\" target=\"_blank\">\r\n    <strong>Czytaj wi\u0119cej<\/strong>\r\n  <\/a>\r\n<\/div>\r\n<\/p>\n                <\/div>\n              <\/div>\n                          <div class=\"section-key-benefits-block__benefit js-section-key-benefits-block-benefit col-12 col-lg-4 py-p-8 py-p-lg-15 px-p-lg-15\">\n                <div class=\"section-key-benefits-block__benefit-inner d-flex flex-column align-items-center justify-content-start px-p-10 py-p-10 px-p-lg-36 py-p-lg-40 h-100\">\n                  <div class=\"section-key-benefits-block__title-wrapper js-section-key-benefits-block-title-wrapper d-flex flex-row flex-lg-column justify-content-start align-items-center w-100\">\n                    <img decoding=\"async\" src=\"https:\/\/alterdata.com\/wp-content\/uploads\/2025\/09\/image-223-1.png\" alt=\"Case Study AMS\" class=\"section-key-benefits-block__icon d-none d-lg-block img-fluid mb-p-24\">\n                    <img decoding=\"async\" src=\"\" alt=\"Case Study AMS\" class=\"section-key-benefits-block__icon-mobile d-lg-none img-fluid mr-p-8\">\n                    <h3 class=\"section-key-benefits-block__benefit-title text-center \">Case Study AMS<\/h3>\n                    <img decoding=\"async\" class=\"section-key-benefits-block__chevron js-section-key-benefits-block-chevron img-fluid d-lg-none\" src=\"https:\/\/alterdata.com\/wp-content\/themes\/alterdata-theme\/src\/images\/blocks\/section-key-benefits-block\/chevron_up_icon.svg\" alt=\"Rozwi\u0144\">\n                  <\/div>\n                  <p class=\"section-key-benefits-block__benefit-description js-section-key-benefits-block-benefit-description  mt-p-24\"><div style=\"text-align: center;\">Dowiedz si\u0119, jak w outdoorze cyfrowym razem z AMS zrewolucjonizowali\u015bmy reklam\u0119 opart\u0105 o widowni\u0119 wdra\u017caj\u0105c programatyczny model emisji z wykorzystaniem ML w BigQuery. \r\n<br><br>\r\n<strong>Rozwi\u0105zanie pozwoli\u0142o na: <\/strong>dok\u0142adniejszy pomiar efektywno\u015bci kampanii, szybkie \u0142\u0105czenie danych z r\u00f3\u017cnych kana\u0142\u00f3w i podejmowanie decyzji w czasie rzeczywistym.<\/div>\r\n<br><br>\r\n<div style=\"text-align: center;\">\r\n  <a href=\"https:\/\/alterdata.com\/pl\/case-studies\/ams\/\" target=\"_blank\">\r\n    <strong>Czytaj wi\u0119cej<\/strong>\r\n  <\/a>\r\n<\/div>\r\n<\/p>\n                <\/div>\n              <\/div>\n                          <div class=\"section-key-benefits-block__benefit js-section-key-benefits-block-benefit col-12 col-lg-4 py-p-8 py-p-lg-15 px-p-lg-15\">\n                <div class=\"section-key-benefits-block__benefit-inner d-flex flex-column align-items-center justify-content-start px-p-10 py-p-10 px-p-lg-36 py-p-lg-40 h-100\">\n                  <div class=\"section-key-benefits-block__title-wrapper js-section-key-benefits-block-title-wrapper d-flex flex-row flex-lg-column justify-content-start align-items-center w-100\">\n                    <img decoding=\"async\" src=\"https:\/\/alterdata.com\/wp-content\/uploads\/2025\/09\/alterek_1-4-1.png\" alt=\"Automatyzacja z Dataform\" class=\"section-key-benefits-block__icon d-none d-lg-block img-fluid mb-p-24\">\n                    <img decoding=\"async\" src=\"\" alt=\"Automatyzacja z Dataform\" class=\"section-key-benefits-block__icon-mobile d-lg-none img-fluid mr-p-8\">\n                    <h3 class=\"section-key-benefits-block__benefit-title text-center \">Automatyzacja z Dataform<\/h3>\n                    <img decoding=\"async\" class=\"section-key-benefits-block__chevron js-section-key-benefits-block-chevron img-fluid d-lg-none\" src=\"https:\/\/alterdata.com\/wp-content\/themes\/alterdata-theme\/src\/images\/blocks\/section-key-benefits-block\/chevron_up_icon.svg\" alt=\"Rozwi\u0144\">\n                  <\/div>\n                  <p class=\"section-key-benefits-block__benefit-description js-section-key-benefits-block-benefit-description  mt-p-24\"><div style=\"text-align: center;\">\r\nSprawd\u017a, jak mo\u017cna wykorzysta\u0107 Dataform do automatyzacji proces\u00f3w na danych.<br><br>\r\n  <br><a href=\"https:\/\/alterdata.com\/pl\/kontakt\/\" target=\"_blank\" rel=\"noopener\">\r\n    <strong>Um\u00f3w si\u0119 na demo<\/strong>\r\n  <\/a>\r\n<\/div>\r\n<\/p>\n                <\/div>\n              <\/div>\n                          <div class=\"section-key-benefits-block__benefit js-section-key-benefits-block-benefit col-12 col-lg-4 py-p-8 py-p-lg-15 px-p-lg-15\">\n                <div class=\"section-key-benefits-block__benefit-inner d-flex flex-column align-items-center justify-content-start px-p-10 py-p-10 px-p-lg-36 py-p-lg-40 h-100\">\n                  <div class=\"section-key-benefits-block__title-wrapper js-section-key-benefits-block-title-wrapper d-flex flex-row flex-lg-column justify-content-start align-items-center w-100\">\n                    <img decoding=\"async\" src=\"https:\/\/alterdata.com\/wp-content\/uploads\/2025\/09\/alterek_3-2-2.png\" alt=\"GenAI z dokumentami\" class=\"section-key-benefits-block__icon d-none d-lg-block img-fluid mb-p-24\">\n                    <img decoding=\"async\" src=\"\" alt=\"GenAI z dokumentami\" class=\"section-key-benefits-block__icon-mobile d-lg-none img-fluid mr-p-8\">\n                    <h3 class=\"section-key-benefits-block__benefit-title text-center \">GenAI z dokumentami<\/h3>\n                    <img decoding=\"async\" class=\"section-key-benefits-block__chevron js-section-key-benefits-block-chevron img-fluid d-lg-none\" src=\"https:\/\/alterdata.com\/wp-content\/themes\/alterdata-theme\/src\/images\/blocks\/section-key-benefits-block\/chevron_up_icon.svg\" alt=\"Rozwi\u0144\">\n                  <\/div>\n                  <p class=\"section-key-benefits-block__benefit-description js-section-key-benefits-block-benefit-description  mt-p-24\"><div style=\"text-align: center;\">\r\nOdkryj, jak sztuczna inteligencja automatyzuje codzienn\u0105 prac\u0119.<br><br>\r\n  <br><a href=\"https:\/\/alterdata.com\/pl\/kontakt\/\" target=\"_blank\" rel=\"noopener\">\r\n    <strong>Um\u00f3w si\u0119 na demo<\/strong>\r\n  <\/a>\r\n<\/div>\r\n<\/p>\n                <\/div>\n              <\/div>\n                          <div class=\"section-key-benefits-block__benefit js-section-key-benefits-block-benefit col-12 col-lg-4 py-p-8 py-p-lg-15 px-p-lg-15\">\n                <div class=\"section-key-benefits-block__benefit-inner d-flex flex-column align-items-center justify-content-start px-p-10 py-p-10 px-p-lg-36 py-p-lg-40 h-100\">\n                  <div class=\"section-key-benefits-block__title-wrapper js-section-key-benefits-block-title-wrapper d-flex flex-row flex-lg-column justify-content-start align-items-center w-100\">\n                    <img decoding=\"async\" src=\"https:\/\/alterdata.com\/wp-content\/uploads\/2025\/09\/alterek_2-2-2.png\" alt=\"Analityka reklam DOOH\" class=\"section-key-benefits-block__icon d-none d-lg-block img-fluid mb-p-24\">\n                    <img decoding=\"async\" src=\"\" alt=\"Analityka reklam DOOH\" class=\"section-key-benefits-block__icon-mobile d-lg-none img-fluid mr-p-8\">\n                    <h3 class=\"section-key-benefits-block__benefit-title text-center \">Analityka reklam DOOH<\/h3>\n                    <img decoding=\"async\" class=\"section-key-benefits-block__chevron js-section-key-benefits-block-chevron img-fluid d-lg-none\" src=\"https:\/\/alterdata.com\/wp-content\/themes\/alterdata-theme\/src\/images\/blocks\/section-key-benefits-block\/chevron_up_icon.svg\" alt=\"Rozwi\u0144\">\n                  <\/div>\n                  <p class=\"section-key-benefits-block__benefit-description js-section-key-benefits-block-benefit-description  mt-p-24\"><div style=\"text-align: center;\">\r\nSprawd\u017a na \u017cywo, jak dzia\u0142a analityka <br>reklam DOOH.<br><br>\r\n<br><a href=\"https:\/\/alterdata.com\/pl\/kontakt\/\" target=\"_blank\" rel=\"noopener\">\r\n    <strong>Um\u00f3w si\u0119 na demo<\/strong>\r\n  <\/a>\r\n<\/div>\r\n<\/p>\n                <\/div>\n              <\/div>\n                      <\/div>\n                    <div class=\"section-key-benefits-block__cta-wrapper d-flex flex-column flex-lg-row justify-content-center align-items-center\">\n            <p class=\"section-key-benefits-block__cta-content mr-p-lg-48 text-center mb-p-24 mb-p-lg-0\">Spodoba\u0142o Ci si\u0119 demo?<\/p>\n            <a href=\"https:\/\/alterdata.com\/pl\/kontakt\/\" class=\"section-key-benefits-block__cta-button px-p-51 py-p-10\" target=\"_blank\">Porozmawiajmy<\/a>\n          <\/div>\n                  <\/div>\n      <\/div>\n    <\/div>\n  <\/div>\n<\/div>\n\n\n<p><\/p>\n","protected":false},"excerpt":{"rendered":"","protected":false},"author":4,"featured_media":0,"parent":0,"menu_order":0,"comment_status":"closed","ping_status":"closed","template":"","meta":{"_acf_changed":false,"footnotes":""},"class_list":["post-7578","page","type-page","status-publish","hentry"],"acf":[],"_links":{"self":[{"href":"https:\/\/alterdata.com\/pl\/wp-json\/wp\/v2\/pages\/7578","targetHints":{"allow":["GET"]}}],"collection":[{"href":"https:\/\/alterdata.com\/pl\/wp-json\/wp\/v2\/pages"}],"about":[{"href":"https:\/\/alterdata.com\/pl\/wp-json\/wp\/v2\/types\/page"}],"author":[{"embeddable":true,"href":"https:\/\/alterdata.com\/pl\/wp-json\/wp\/v2\/users\/4"}],"replies":[{"embeddable":true,"href":"https:\/\/alterdata.com\/pl\/wp-json\/wp\/v2\/comments?post=7578"}],"version-history":[{"count":47,"href":"https:\/\/alterdata.com\/pl\/wp-json\/wp\/v2\/pages\/7578\/revisions"}],"predecessor-version":[{"id":7771,"href":"https:\/\/alterdata.com\/pl\/wp-json\/wp\/v2\/pages\/7578\/revisions\/7771"}],"wp:attachment":[{"href":"https:\/\/alterdata.com\/pl\/wp-json\/wp\/v2\/media?parent=7578"}],"curies":[{"name":"wp","href":"https:\/\/api.w.org\/{rel}","templated":true}]}}