{"id":7255,"date":"2025-08-06T14:32:17","date_gmt":"2025-08-06T12:32:17","guid":{"rendered":"https:\/\/alterdata.com\/?page_id=7255"},"modified":"2025-11-26T10:23:47","modified_gmt":"2025-11-26T09:23:47","slug":"nasze-dema","status":"publish","type":"page","link":"https:\/\/alterdata.com\/pl\/nasze-dema\/","title":{"rendered":"Wiedza \/ Lista DEMO"},"content":{"rendered":"<div class=\"section-data-driven-services-block \"\n                  style=\"--section-data-driven-services-block-background-color: transparent;\"\n                >\n  <div class=\"container\">\n    <div class=\"row\">\n      <div class=\"col\">\n        <div class=\"section-data-driven-services-block__inner py-p-48 py-p-lg-60\">\n          <div class=\"row\">\n            <div class=\"col-12 col-lg-5\">\n              <h2 class=\"section-data-driven-services-block__title mb-p-31\"><h1>Poznaj nasze gotowe rozwi\u0105zania z r\u00f3\u017cnych bran\u017c<\/h1><\/h2>\n              <p class=\"section-data-driven-services-block__description\">Zobacz, jak nowoczesne dashboardy i analizy mog\u0105 odmieni\u0107 Tw\u00f3j biznes. Przegl\u0105daj DEMO z wielu dziedzin<br>od finans\u00f3w, przez sprzeda\u017c, po AI i automatyzacj\u0119.<\/p>\n                              <img decoding=\"async\" class=\"section-data-driven-services-block__main-icon img-fluid d-block mx-auto\" src=\"https:\/\/alterdata.com\/wp-content\/uploads\/2025\/07\/Group-1000005797-1.png\" alt=\"M\u0119\u017cczyzna w szarym garniturze i jasnoniebieskiej koszuli pozuje na przezroczystym tle. Ma jasnobr\u0105zowe w\u0142osy, okulary i w\u0105sy, a jego postawa \u2014 z jedn\u0105 r\u0119k\u0105 opart\u0105 o brod\u0119, drug\u0105 skrzy\u017cowan\u0105 \u2014 sugeruje zadum\u0119, analiz\u0119 lub profesjonalne skupienie.\">\n                          <\/div>\n            <div class=\"col-12 col-lg-6 offset-lg-1\">\n              <div class=\"section-data-driven-services-block__list row\">\n                                  <div class=\"section-data-driven-services-block__item col-12 col-lg-6 mb-p-24\">\n                    <div class=\"section-data-driven-services-block__item-inner h-100 d-flex flex-column pt-p-24 px-p-24 pb-p-32\">\n                      <h3 class=\"section-data-driven-services-block__item-title mb-p-24\">E-commerce<br>Raport mar\u017cowy<\/h3>\n                      <p class=\"section-data-driven-services-block__item-description mb-p-24\">Uzyskaj dost\u0119p do wersji demo i sprawd\u017a, jak wykorzysta\u0107 dane do zwi\u0119kszenia zaanga\u017cowania klient\u00f3w, optymalizacji kampanii marketingowych i maksymalizacji przychod\u00f3w w e-commerce.\r\nZobacz w praktyce, jak analiza danych mo\u017ce realnie wp\u0142yn\u0105\u0107 na rozw\u00f3j Twojego sklepu online.<\/p>\n                                              <a class=\"section-data-driven-services-block__item-link mt-auto\" href=\"https:\/\/alterdata.com\/pl\/e-commerce-demo-form\/\" target=\"_blank\">Sprawd\u017a demo<\/a>\n                                          <\/div>\n                  <\/div>\n                                  <div class=\"section-data-driven-services-block__item col-12 col-lg-6 mb-p-24\">\n                    <div class=\"section-data-driven-services-block__item-inner h-100 d-flex flex-column pt-p-24 px-p-24 pb-p-32\">\n                      <h3 class=\"section-data-driven-services-block__item-title mb-p-24\">Gaming<br>User acquisition report<\/h3>\n                      <p class=\"section-data-driven-services-block__item-description mb-p-24\">Uzyskaj dost\u0119p do panelu demonstracyjnego i zobacz, jak dane mog\u0105 pom\u00f3c zwi\u0119kszy\u0107 zaanga\u017cowanie graczy, zoptymalizowa\u0107 kampanie marketingowe i maksymalizowa\u0107 przychody z gier.\r\nPrzekonaj si\u0119, jak nowoczesna analityka wspiera podejmowanie trafnych decyzji w bran\u017cy gamingowej.<\/p>\n                                              <a class=\"section-data-driven-services-block__item-link mt-auto\" href=\"https:\/\/alterdata.com\/pl\/gaming-demo-form\/\" target=\"_blank\">Sprawd\u017a demo<\/a>\n                                          <\/div>\n                  <\/div>\n                                  <div class=\"section-data-driven-services-block__item col-12 col-lg-6 mb-p-24\">\n                    <div class=\"section-data-driven-services-block__item-inner h-100 d-flex flex-column pt-p-24 px-p-24 pb-p-32\">\n                      <h3 class=\"section-data-driven-services-block__item-title mb-p-24\">Gen AI w procesach rekrutacyjnych HR<\/h3>\n                      <p class=\"section-data-driven-services-block__item-description mb-p-24\">Automatycznie klasyfikuj CV i skr\u00f3\u0107 czas rekrutacji dzi\u0119ki wykorzystaniu GenAI.\r\nWykorzystaj sztuczn\u0105 inteligencj\u0119 do szybkiej selekcji kandydat\u00f3w, eliminuj\u0105c \u017cmudne przegl\u0105danie dokument\u00f3w i skupiaj\u0105c si\u0119 na najlepszych profilach.<\/p>\n                                              <a class=\"section-data-driven-services-block__item-link mt-auto\" href=\"https:\/\/alterdata.com\/pl\/gen-ai-w-procesach-rekrutacyjnych-hr\/\" target=\"_blank\">Sprawd\u017a demo<\/a>\n                                          <\/div>\n                  <\/div>\n                                  <div class=\"section-data-driven-services-block__item col-12 col-lg-6 mb-p-24\">\n                    <div class=\"section-data-driven-services-block__item-inner h-100 d-flex flex-column pt-p-24 px-p-24 pb-p-32\">\n                      <h3 class=\"section-data-driven-services-block__item-title mb-p-24\">Gen AI do analizy tysi\u0119cy dokument\u00f3w w kilka sekund<\/h3>\n                      <p class=\"section-data-driven-services-block__item-description mb-p-24\">Automatyzuj analiz\u0119 dokument\u00f3w, odzyskaj kontrol\u0119 nad procesami i oszcz\u0119dzaj czas.\r\nDzi\u0119ki inteligentnym narz\u0119dziom skr\u00f3cisz czas przetwarzania informacji i zminimalizujesz ryzyko b\u0142\u0119d\u00f3w.<\/p>\n                                              <a class=\"section-data-driven-services-block__item-link mt-auto\" href=\"https:\/\/alterdata.com\/pl\/llm-do-analizy-duzych-dokumentow\/\" target=\"_blank\">Sprawd\u017a demo<\/a>\n                                          <\/div>\n                  <\/div>\n                                  <div class=\"section-data-driven-services-block__item col-12 col-lg-6 mb-p-24\">\n                    <div class=\"section-data-driven-services-block__item-inner h-100 d-flex flex-column pt-p-24 px-p-24 pb-p-32\">\n                      <h3 class=\"section-data-driven-services-block__item-title mb-p-24\">Gen AI do analizy opinii klient\u00f3w<\/h3>\n                      <p class=\"section-data-driven-services-block__item-description mb-p-24\">Zamie\u0144 opinie klient\u00f3w w konkretne wnioski, kt\u00f3re optymalizuj\u0105 sprzeda\u017c i wspieraj\u0105 rozw\u00f3j lepszych produkt\u00f3w.\r\nWykorzystaj dane zwrotne, aby szybciej reagowa\u0107 na potrzeby rynku i podejmowa\u0107 trafniejsze decyzje biznesowe.<\/p>\n                                              <a class=\"section-data-driven-services-block__item-link mt-auto\" href=\"https:\/\/alterdata.com\/pl\/gen-ai-do-analizy-opinii-klientow\/\" target=\"_blank\">Sprawd\u017a demo<\/a>\n                                          <\/div>\n                  <\/div>\n                              <\/div>\n            <\/div>\n          <\/div>\n        <\/div>\n      <\/div>\n    <\/div>\n  <\/div>\n<\/div>","protected":false},"excerpt":{"rendered":"","protected":false},"author":4,"featured_media":0,"parent":0,"menu_order":0,"comment_status":"closed","ping_status":"closed","template":"","meta":{"_acf_changed":false,"footnotes":""},"class_list":["post-7255","page","type-page","status-publish","hentry"],"acf":[],"_links":{"self":[{"href":"https:\/\/alterdata.com\/pl\/wp-json\/wp\/v2\/pages\/7255","targetHints":{"allow":["GET"]}}],"collection":[{"href":"https:\/\/alterdata.com\/pl\/wp-json\/wp\/v2\/pages"}],"about":[{"href":"https:\/\/alterdata.com\/pl\/wp-json\/wp\/v2\/types\/page"}],"author":[{"embeddable":true,"href":"https:\/\/alterdata.com\/pl\/wp-json\/wp\/v2\/users\/4"}],"replies":[{"embeddable":true,"href":"https:\/\/alterdata.com\/pl\/wp-json\/wp\/v2\/comments?post=7255"}],"version-history":[{"count":20,"href":"https:\/\/alterdata.com\/pl\/wp-json\/wp\/v2\/pages\/7255\/revisions"}],"predecessor-version":[{"id":8836,"href":"https:\/\/alterdata.com\/pl\/wp-json\/wp\/v2\/pages\/7255\/revisions\/8836"}],"wp:attachment":[{"href":"https:\/\/alterdata.com\/pl\/wp-json\/wp\/v2\/media?parent=7255"}],"curies":[{"name":"wp","href":"https:\/\/api.w.org\/{rel}","templated":true}]}}