{"id":5747,"date":"2025-05-27T11:54:40","date_gmt":"2025-05-27T09:54:40","guid":{"rendered":"https:\/\/alterdata.com\/?page_id=5747"},"modified":"2026-05-06T11:55:43","modified_gmt":"2026-05-06T09:55:43","slug":"data-ai-cloud-workshop-formularz-warsztaty-strategiczne","status":"publish","type":"page","link":"https:\/\/alterdata.com\/pl\/data-ai-cloud-workshop-formularz-warsztaty-strategiczne\/","title":{"rendered":"Data &amp; AI Cloud Workshop \/ Formularz &#8211; Warsztaty Strategiczne"},"content":{"rendered":"<div class=\"section-header-webinar-block \"\n                  style=\"--section-header-webinar-block-background-color: transparent;\"\n                >\n  <div class=\"container py-p-70 py-p-lg-55\">\n    <div class=\"row\">\n      <div class=\"col-12 col-lg-7 section-header-webinar-block__content pr-p-lg-49\">\n        <span class=\"section-header-webinar-block__date-title\">\n          Formularz\n        <\/span>\n        <p class=\"section-header-webinar-block__date-time mb-p-32 mb-p-lg-60\"><\/p>\n        <h2 class=\"section-header-webinar-block__title mb-p-40 mb-p-lg-30\">Warsztaty strategiczne<\/h2>\n        <p class=\"section-header-webinar-block__description d-none d-lg-block mb-p-lg-60\">Dzie\u0144 intensywnej pracy z ekspertami zako\u0144czy\u0142 si\u0119 gotow\u0105 list\u0105 szybkich zwyci\u0119stw i zalece\u0144<\/p>\n        <p class=\"section-header-webinar-block__cta-above mb-p-40 d-lg-none\"><\/p>\n        <p class=\"section-header-webinar-block__expert-intro d-none d-lg-block mb-p-lg-10\"><\/p>\n                  <div class=\"section-header-webinar-block__experts d-none d-lg-flex align-items-center row\">\n                          <div class=\"section-header-webinar-block__expert d-flex align-items-center mr-p-24 col-12 mb-p-20\">\n                                  <img decoding=\"async\" src=\"https:\/\/alterdata.com\/wp-content\/uploads\/2025\/05\/photo-1-2.png\" alt=\"S\u0142awomir Mytych\" class=\"section-header-webinar-block__expert-photo mr-p-16\">\n                                <p class=\"section-header-webinar-block__expert-name\">S\u0142awomir Mytych<\/p>\n                <p class=\"section-header-webinar-block__expert-title\">, Alterdata<\/p>\n              <\/div>\n                          <div class=\"section-header-webinar-block__expert d-flex align-items-center mr-p-24 col-12 mb-p-20\">\n                                  <img decoding=\"async\" src=\"https:\/\/alterdata.com\/wp-content\/uploads\/2025\/05\/photo-4.png\" alt=\"Adam Symerewicz\" class=\"section-header-webinar-block__expert-photo mr-p-16\">\n                                <p class=\"section-header-webinar-block__expert-name\">Adam Symerewicz<\/p>\n                <p class=\"section-header-webinar-block__expert-title\">, Alterdata<\/p>\n              <\/div>\n                      <\/div>\n        \n      <\/div>\n      <div class=\"col-12 col-lg-5 section-header-webinar-block__form px-p-24 px-p-lg-48 py-p-48 mb-p-48 mb-p-lg-0\">\n        \n<div class=\"wpcf7 no-js\" id=\"wpcf7-f5320-o1\" lang=\"pl-PL\" dir=\"ltr\" data-wpcf7-id=\"5320\">\n<div class=\"screen-reader-response\"><p role=\"status\" aria-live=\"polite\" aria-atomic=\"true\"><\/p> <ul><\/ul><\/div>\n<form action=\"\/pl\/wp-json\/wp\/v2\/pages\/5747#wpcf7-f5320-o1\" method=\"post\" class=\"wpcf7-form init\" aria-label=\"Formularz kontaktowy\" novalidate=\"novalidate\" data-status=\"init\">\n<fieldset class=\"hidden-fields-container\"><input type=\"hidden\" name=\"_wpcf7\" value=\"5320\" \/><input type=\"hidden\" name=\"_wpcf7_version\" value=\"6.1.5\" \/><input type=\"hidden\" name=\"_wpcf7_locale\" value=\"pl_PL\" \/><input type=\"hidden\" name=\"_wpcf7_unit_tag\" value=\"wpcf7-f5320-o1\" \/><input type=\"hidden\" name=\"_wpcf7_container_post\" value=\"0\" \/><input type=\"hidden\" name=\"_wpcf7_posted_data_hash\" value=\"\" \/><input type=\"hidden\" name=\"_wpcf7_recaptcha_response\" value=\"\" \/>\n<\/fieldset>\n<label>\n  <span>Imi\u0119 <span class=\"red-dot\">*<\/span><\/span>\n  <span class=\"wpcf7-form-control-wrap\" data-name=\"your-name\"><input size=\"40\" maxlength=\"400\" class=\"wpcf7-form-control wpcf7-text wpcf7-validates-as-required\" autocomplete=\"name\" aria-required=\"true\" aria-invalid=\"false\" placeholder=\"Wpisz swoje imi\u0119\" value=\"\" type=\"text\" name=\"your-name\" \/><\/span>\n<\/label>\n\n<label>\n  <span>Nazwisko <span class=\"red-dot\">*<\/span><\/span>\n  <span class=\"wpcf7-form-control-wrap\" data-name=\"your-last_name\"><input size=\"40\" maxlength=\"400\" class=\"wpcf7-form-control wpcf7-text wpcf7-validates-as-required\" autocomplete=\"name\" aria-required=\"true\" aria-invalid=\"false\" placeholder=\"Wpisz swoje naziwsko\" value=\"\" type=\"text\" name=\"your-last_name\" \/><\/span>\n<\/label>\n\n<label>\n  <span>E-mail <span class=\"red-dot\">*<\/span><\/span>\n  <span class=\"wpcf7-form-control-wrap\" data-name=\"your-email\"><input size=\"40\" maxlength=\"400\" class=\"wpcf7-form-control wpcf7-email wpcf7-validates-as-required wpcf7-text wpcf7-validates-as-email\" autocomplete=\"email\" aria-required=\"true\" aria-invalid=\"false\" placeholder=\"Wpisz adres E-mail\" value=\"\" type=\"email\" name=\"your-email\" \/><\/span>\n<\/label>\n\n<label>\n  <span>Firma <span class=\"red-dot\">*<\/span><\/span>\n  <span class=\"wpcf7-form-control-wrap\" data-name=\"your-company\"><input size=\"40\" maxlength=\"400\" class=\"wpcf7-form-control wpcf7-text wpcf7-validates-as-required\" autocomplete=\"company\" aria-required=\"true\" aria-invalid=\"false\" placeholder=\"Wpisz nazw\u0119 firmy\" value=\"\" type=\"text\" name=\"your-company\" \/><\/span>\n<\/label>\n\n<label class=\"acceptance\">\n\n  <span class=\"wpcf7-form-control-wrap\" data-name=\"accept-terms\"><span class=\"wpcf7-form-control wpcf7-acceptance\"><span class=\"wpcf7-list-item\"><label><input type=\"checkbox\" name=\"accept-terms\" value=\"1\" aria-invalid=\"false\" \/><span class=\"wpcf7-list-item-label\">Zapozna\u0142am\/-em si\u0119 z Regulaminem i akceptuj\u0119 postanowienia w nim zawarte. <span class=\"red-dot\">*<\/span><\/span><\/label><\/span><\/span><\/span>\n<\/label>\n\n<label class=\"acceptance\">\n  <span class=\"wpcf7-form-control-wrap\" data-name=\"accept-marketing\"><span class=\"wpcf7-form-control wpcf7-acceptance optional\"><span class=\"wpcf7-list-item\"><label><input type=\"checkbox\" name=\"accept-marketing\" value=\"1\" aria-invalid=\"false\" \/><span class=\"wpcf7-list-item-label\">Wyra\u017cam zgod\u0119 na otrzymywanie komunikacji marketingowej od Alterdata.io.<\/span><\/label><\/span><\/span><\/span>\n<\/label>\n\n<span class=\"info\"><span class=\"red-dot\">*<\/span> <span style=\"color:#383840;\">Pole obowi\u0105zkowe<\/span><\/span>\n\n<input class=\"wpcf7-form-control wpcf7-hidden\" value=\"2025_workshop_warsztat_strategiczny\" type=\"hidden\" name=\"form-name\" \/>\n\n<input class=\"wpcf7-form-control wpcf7-submit has-spinner\" type=\"submit\" value=\"Wy\u015blij formularz\" \/><div class=\"wpcf7-response-output\" aria-hidden=\"true\"><\/div>\n<\/form>\n<\/div>\n\n      <\/div>\n      <div class=\"col-12\">\n        <span class=\"section-header-webinar-block__cta-below d-lg-none\"><\/span>\n      <\/div>\n    <\/div>\n  <\/div>\n<\/div>\n\n<div class=\"section-why-webinar-block \"\n                  style=\"--section-why-webinar-block-background-color: transparent;\"\n                >\n  <div class=\"container\">\n    <div class=\"section-why-webinar-block__content row py-p-60 py-p-lg-70\">\n      <div class=\"col-12\">\n        <h2 class=\"section-why-webinar-block__title text-lg-center mb-p-40 mb-p-lg-60\">Co zyska Twoja firma dzi\u0119ki jednodniowym warsztatom strategicznym?<\/h2>\n      <\/div>\n      <div class=\"col-12\">\n        <ul class=\"section-why-webinar-block__list row\">\n                      <li class=\"section-why-webinar-block__item col-12 col-lg-6 mb-p-18 mb-p-lg-30\">\n              <div class=\"d-flex mb-p-0 mb-p-lg-10 d-flex align-items-start\">\n                <img decoding=\"async\" src=\"https:\/\/alterdata.com\/wp-content\/themes\/alterdata-theme\/src\/images\/blocks\/section-why-webinar-block\/tick_circle_ico.svg\" class=\"mr-p-15 img-fluid\" alt=\"Icon tick\">\n                <h3 class=\"section-why-webinar-block__item-title\">Jasno\u015b\u0107, od czego zacz\u0105\u0107 prac\u0119 z danymi i sztuczn\u0105 inteligencj\u0105<\/h3>\n              <\/div>\n              <p class=\"section-why-webinar-block__item-description d-none d-lg-block\">Zidentyfikujesz obszary o najwi\u0119kszym potencjale biznesowym i wybierzesz pierwszy przypadek u\u017cycia (use case), kt\u00f3ry naprawd\u0119 ma sens.<\/p>\n            <\/li>\n                      <li class=\"section-why-webinar-block__item col-12 col-lg-6 mb-p-18 mb-p-lg-30\">\n              <div class=\"d-flex mb-p-0 mb-p-lg-10 d-flex align-items-start\">\n                <img decoding=\"async\" src=\"https:\/\/alterdata.com\/wp-content\/themes\/alterdata-theme\/src\/images\/blocks\/section-why-webinar-block\/tick_circle_ico.svg\" class=\"mr-p-15 img-fluid\" alt=\"Icon tick\">\n                <h3 class=\"section-why-webinar-block__item-title\">Dostosowana strategia w zakresie danych i analityki dla firmy<\/h3>\n              <\/div>\n              <p class=\"section-why-webinar-block__item-description d-none d-lg-block\">Wsp\u00f3lnie opracujemy podej\u015bcie uwzgl\u0119dniaj\u0105ce cele biznesowe, istniej\u0105c\u0105 infrastruktur\u0119 i mo\u017cliwo\u015bci zespo\u0142u.<\/p>\n            <\/li>\n                      <li class=\"section-why-webinar-block__item col-12 col-lg-6 mb-p-18 mb-p-lg-30\">\n              <div class=\"d-flex mb-p-0 mb-p-lg-10 d-flex align-items-start\">\n                <img decoding=\"async\" src=\"https:\/\/alterdata.com\/wp-content\/themes\/alterdata-theme\/src\/images\/blocks\/section-why-webinar-block\/tick_circle_ico.svg\" class=\"mr-p-15 img-fluid\" alt=\"Icon tick\">\n                <h3 class=\"section-why-webinar-block__item-title\">Priorytetyzacja dzia\u0142a\u0144 w oparciu o rzeczywist\u0105 warto\u015b\u0107<\/h3>\n              <\/div>\n              <p class=\"section-why-webinar-block__item-description d-none d-lg-block\">Zyskasz gotow\u0105 list\u0119 priorytet\u00f3w &#8211; co wdro\u017cy\u0107 w pierwszej kolejno\u015bci, aby zobaczy\u0107 szybkie wyniki (szybkie zwyci\u0119stwa) i budowa\u0107 na tych kolejnych krokach.<\/p>\n            <\/li>\n                      <li class=\"section-why-webinar-block__item col-12 col-lg-6 mb-p-18 mb-p-lg-30\">\n              <div class=\"d-flex mb-p-0 mb-p-lg-10 d-flex align-items-start\">\n                <img decoding=\"async\" src=\"https:\/\/alterdata.com\/wp-content\/themes\/alterdata-theme\/src\/images\/blocks\/section-why-webinar-block\/tick_circle_ico.svg\" class=\"mr-p-15 img-fluid\" alt=\"Icon tick\">\n                <h3 class=\"section-why-webinar-block__item-title\">Zrozumienie gotowo\u015bci technologicznej zespo\u0142u i firmy<\/h3>\n              <\/div>\n              <p class=\"section-why-webinar-block__item-description d-none d-lg-block\">Przyjrzymy si\u0119, gdzie jeste\u015b dzisiaj &#8211; i co musi si\u0119 wydarzy\u0107, aby z powodzeniem wdro\u017cy\u0107 rozwi\u0105zania w zakresie danych i sztucznej inteligencji.<\/p>\n            <\/li>\n                      <li class=\"section-why-webinar-block__item col-12 col-lg-6 mb-p-18 mb-p-lg-30\">\n              <div class=\"d-flex mb-p-0 mb-p-lg-10 d-flex align-items-start\">\n                <img decoding=\"async\" src=\"https:\/\/alterdata.com\/wp-content\/themes\/alterdata-theme\/src\/images\/blocks\/section-why-webinar-block\/tick_circle_ico.svg\" class=\"mr-p-15 img-fluid\" alt=\"Icon tick\">\n                <h3 class=\"section-why-webinar-block__item-title\">Pocz\u0105tkowe wymagania bezpiecze\u0144stwa<\/h3>\n              <\/div>\n              <p class=\"section-why-webinar-block__item-description d-none d-lg-block\">Zdefiniujemy kluczowe aspekty bezpiecze\u0144stwa danych, zgodno\u015bci i odpowiedzialno\u015bci za dane.<\/p>\n            <\/li>\n                      <li class=\"section-why-webinar-block__item col-12 col-lg-6 mb-p-18 mb-p-lg-30\">\n              <div class=\"d-flex mb-p-0 mb-p-lg-10 d-flex align-items-start\">\n                <img decoding=\"async\" src=\"https:\/\/alterdata.com\/wp-content\/themes\/alterdata-theme\/src\/images\/blocks\/section-why-webinar-block\/tick_circle_ico.svg\" class=\"mr-p-15 img-fluid\" alt=\"Icon tick\">\n                <h3 class=\"section-why-webinar-block__item-title\">Podstawa do dalszego planowania MVP i mapy drogowej<\/h3>\n              <\/div>\n              <p class=\"section-why-webinar-block__item-description d-none d-lg-block\">Warsztaty s\u0105 punktem wyj\u015bcia do dalszych krok\u00f3w &#8211; takich jak budowanie MVP, szkolenia lub tworzenie pe\u0142nej strategii rozwoju danych.<\/p>\n            <\/li>\n                  <\/ul>\n      <\/div>\n\n    <\/div>\n  <\/div>\n<\/div>","protected":false},"excerpt":{"rendered":"","protected":false},"author":4,"featured_media":0,"parent":0,"menu_order":0,"comment_status":"closed","ping_status":"closed","template":"","meta":{"_acf_changed":false,"footnotes":""},"class_list":["post-5747","page","type-page","status-publish","hentry"],"acf":[],"_links":{"self":[{"href":"https:\/\/alterdata.com\/pl\/wp-json\/wp\/v2\/pages\/5747","targetHints":{"allow":["GET"]}}],"collection":[{"href":"https:\/\/alterdata.com\/pl\/wp-json\/wp\/v2\/pages"}],"about":[{"href":"https:\/\/alterdata.com\/pl\/wp-json\/wp\/v2\/types\/page"}],"author":[{"embeddable":true,"href":"https:\/\/alterdata.com\/pl\/wp-json\/wp\/v2\/users\/4"}],"replies":[{"embeddable":true,"href":"https:\/\/alterdata.com\/pl\/wp-json\/wp\/v2\/comments?post=5747"}],"version-history":[{"count":3,"href":"https:\/\/alterdata.com\/pl\/wp-json\/wp\/v2\/pages\/5747\/revisions"}],"predecessor-version":[{"id":10681,"href":"https:\/\/alterdata.com\/pl\/wp-json\/wp\/v2\/pages\/5747\/revisions\/10681"}],"wp:attachment":[{"href":"https:\/\/alterdata.com\/pl\/wp-json\/wp\/v2\/media?parent=5747"}],"curies":[{"name":"wp","href":"https:\/\/api.w.org\/{rel}","templated":true}]}}