{"id":542,"date":"2024-10-31T12:33:43","date_gmt":"2024-10-31T11:33:43","guid":{"rendered":"https:\/\/alterdata.com\/?page_id=542"},"modified":"2025-08-06T12:41:16","modified_gmt":"2025-08-06T10:41:16","slug":"gaming-demo-form","status":"publish","type":"page","link":"https:\/\/alterdata.com\/pl\/gaming-demo-form\/","title":{"rendered":"Gaming &#8211; User acquisition report (FORM)"},"content":{"rendered":"<div class=\"section-hero-block \"\n     style=\"--section-hero-block-background-color: transparent;\"\n        >\n  <div class=\"container\">\n    <div class=\"row\">\n      <div class=\"col\">\n        <div class=\"section-hero-block__inner\">\n          <div class=\"row\">\n            <div class=\"section-hero-block__content col-12 col-lg-6 py-p-50 py-p-lg-100\">\n              <h1 class=\"section-hero-block__title mb-p-36\">Gaming Analytics Dashboard<\/h1>\n              <p class=\"section-hero-block__description mb-p-60\">Uzyskaj dost\u0119p do demo panelu i odkryj, jak wykorzysta\u0107 dane, aby zwi\u0119kszy\u0107 zaanga\u017cowanie graczy, zoptymalizowa\u0107 kampanie i zmaksymalizowa\u0107 przychody z gry.<\/p>\n                          <\/div>\n            <div class=\"section-hero-block__image-wrapper col-12 col-lg-6 d-flex align-items-center justify-content-center\">\n              <img decoding=\"async\" src=\"https:\/\/alterdata.com\/wp-content\/uploads\/2025\/07\/Frame-1000005746-3.png\" alt=\"\" class=\"section-hero-block__image img-fluid\">\n            <\/div>\n          <\/div>\n        <\/div>\n      <\/div>\n    <\/div>\n  <\/div>\n\n  <\/div>\n\n\n<div class=\"section-contact-form-block \"\n                  style=\"--section-contact-form-block-background-color: transparent;\"\n                >\n  <div class=\"container\">\n    <div class=\"row\">\n      <div class=\"col\">\n        <div class=\"section-contact-form-block__inner\">\n          <div class=\"section-contact-form-block__content d-flex my-p-48 my-p-lg-80 mx-p-lg-120\">\n            <div class=\"section-contact-form-block__image d-none d-lg-flex align-items-center col-lg-5 mb-4 mb-md-0\">\n              <img decoding=\"async\" src=\"https:\/\/alterdata.com\/wp-content\/uploads\/2025\/06\/Frame-6-3-e1755601536873.png\" alt=\"Na zdj\u0119ciu u\u015bmiechni\u0119ty m\u0119\u017cczyzna w bia\u0142ej koszuli z podwini\u0119tymi r\u0119kawami, kt\u00f3ry stoi na jasnym tle, z lekkim u\u015bmiechem i gestem otwartej d\u0142oni skierowanej w bok.\" class=\"img-fluid\">\n                          <\/div>\n            <div class=\"section-contact-form-block__form-container col-12 col-lg-7\">\n              <h2 class=\"section-contact-form-block__title mb-p-32 pb-p-12 pb-p-lg-16\">Uzyskaj dost\u0119p do demo panelu<\/h2>\n                            <p class=\"section-contact-form-block__description mb-p-32\">Przegl\u0105daj szczeg\u00f3\u0142owe raporty i prognozy, kt\u00f3re pomog\u0105 Ci podejmowa\u0107 lepsze decyzje biznesowe.<\/p>\n                            \n<div class=\"wpcf7 no-js\" id=\"wpcf7-f1642-o1\" lang=\"pl-PL\" dir=\"ltr\" data-wpcf7-id=\"1642\">\n<div class=\"screen-reader-response\"><p role=\"status\" aria-live=\"polite\" aria-atomic=\"true\"><\/p> <ul><\/ul><\/div>\n<form action=\"\/pl\/wp-json\/wp\/v2\/pages\/542#wpcf7-f1642-o1\" method=\"post\" class=\"wpcf7-form init\" aria-label=\"Formularz kontaktowy\" novalidate=\"novalidate\" data-status=\"init\">\n<fieldset class=\"hidden-fields-container\"><input type=\"hidden\" name=\"_wpcf7\" value=\"1642\" \/><input type=\"hidden\" name=\"_wpcf7_version\" value=\"6.1.5\" \/><input type=\"hidden\" name=\"_wpcf7_locale\" value=\"pl_PL\" \/><input type=\"hidden\" name=\"_wpcf7_unit_tag\" value=\"wpcf7-f1642-o1\" \/><input type=\"hidden\" name=\"_wpcf7_container_post\" value=\"0\" \/><input type=\"hidden\" name=\"_wpcf7_posted_data_hash\" value=\"\" \/><input type=\"hidden\" name=\"_wpcf7_recaptcha_response\" value=\"\" \/>\n<\/fieldset>\n<label> <span>Name <span class=\"red-dot\">*<\/span><\/span>\n    <span class=\"wpcf7-form-control-wrap\" data-name=\"your-name\"><input size=\"40\" maxlength=\"400\" class=\"wpcf7-form-control wpcf7-text wpcf7-validates-as-required\" autocomplete=\"name\" aria-required=\"true\" aria-invalid=\"false\" placeholder=\"Name\" value=\"\" type=\"text\" name=\"your-name\" \/><\/span>\n<\/label>\n\n<label> <span>Last name <span class=\"red-dot\">*<\/span><\/span>\n    <span class=\"wpcf7-form-control-wrap\" data-name=\"your-lastname\"><input size=\"40\" maxlength=\"400\" class=\"wpcf7-form-control wpcf7-text wpcf7-validates-as-required\" autocomplete=\"name\" aria-required=\"true\" aria-invalid=\"false\" placeholder=\"Last name\" value=\"\" type=\"text\" name=\"your-lastname\" \/><\/span>\n<\/label>\n\n<label> <span>Google Workspace e-mail<span class=\"red-dot\">*<\/span><\/span>\n    <span class=\"wpcf7-form-control-wrap\" data-name=\"your-email\"><input size=\"40\" maxlength=\"400\" class=\"wpcf7-form-control wpcf7-email wpcf7-validates-as-required wpcf7-text wpcf7-validates-as-email\" autocomplete=\"email\" aria-required=\"true\" aria-invalid=\"false\" placeholder=\"E-mail\" value=\"\" type=\"email\" name=\"your-email\" \/><\/span>\n<\/label>\n\n<label class=\"phone\"> <span>Phone number<span class=\"red-dot\">*<\/span><\/span>\n  <div>\n    <span class=\"wpcf7-form-control-wrap\" data-name=\"your-prefix\"><select class=\"wpcf7-form-control wpcf7-select\" aria-invalid=\"false\" name=\"your-prefix\"><option value=\"+48\">+48<\/option><option value=\"+43\">+43<\/option><option value=\"+32\">+32<\/option><option value=\"+359\">+359<\/option><option value=\"+385\">+385<\/option><option value=\"+357\">+357<\/option><option value=\"+420\">+420<\/option><option value=\"+45\">+45<\/option><option value=\"+372\">+372<\/option><option value=\"+358\">+358<\/option><option value=\"+33\">+33<\/option><option value=\"+49\">+49<\/option><option value=\"+30\">+30<\/option><option value=\"+36\">+36<\/option><option value=\"+354\">+354<\/option><option value=\"+353\">+353<\/option><option value=\"+39\">+39<\/option><option value=\"+371\">+371<\/option><option value=\"+370\">+370<\/option><option value=\"+352\">+352<\/option><option value=\"+356\">+356<\/option><option value=\"+31\">+31<\/option><option value=\"+47\">+47<\/option><option value=\"+351\">+351<\/option><option value=\"+40\">+40<\/option><option value=\"+7\">+7<\/option><option value=\"+421\">+421<\/option><option value=\"+386\">+386<\/option><option value=\"+34\">+34<\/option><option value=\"+46\">+46<\/option><option value=\"+41\">+41<\/option><option value=\"+44\">+44<\/option><\/select><\/span>\n    <span class=\"wpcf7-form-control-wrap\" data-name=\"your-phone\"><input size=\"40\" maxlength=\"400\" class=\"wpcf7-form-control wpcf7-tel wpcf7-text wpcf7-validates-as-tel\" autocomplete=\"tel\" aria-invalid=\"false\" placeholder=\"123-458-976\" value=\"\" type=\"tel\" name=\"your-phone\" \/><\/span>\n  <\/div>\n<\/label>\n\n<label> <span>Company<span class=\"red-dot\">*<\/span><\/span>\n    <span class=\"wpcf7-form-control-wrap\" data-name=\"your-company\"><input size=\"40\" maxlength=\"400\" class=\"wpcf7-form-control wpcf7-text wpcf7-validates-as-required\" aria-required=\"true\" aria-invalid=\"false\" placeholder=\"Company\" value=\"\" type=\"text\" name=\"your-company\" \/><\/span>\n<\/label>\n\n<span style=\"font-size:12px;\">The controller of the personal data provided through the above form is Alterdata.io Sp. z o.o. based in Warsaw. Personal data will be processed for the purpose of contacting you in response to your message. You have the right to access your data, request its rectification, limit processing, request deletion, object to processing, and file a complaint with the supervisory authority. Detailed information about the processing of your personal data can be found in the <a href=\"https:\/\/alterdata.com\/polityka-prywatnosci\/\">Privacy Policy<\/a>.<\/span><br>\n\n<span class=\"info\"><span class=\"red-dot\">*<\/span> Required<\/span>\n\n<div class=\"gw\" style=\"display: flex; justify-content: start; align-items: center;\"><img decoding=\"async\" src=\"\/wp-content\/uploads\/2024\/11\/Frame.png\"><span style=\"margin-left: 5px; display: inline-block; font-size: 14px;\">Enter your Google Workspace account in the e-mail field.<\/span><\/div><br>\n<input class=\"wpcf7-form-control wpcf7-hidden\" value=\"prospecting_gaming\" type=\"hidden\" name=\"form-name\" \/>\n<input class=\"wpcf7-form-control wpcf7-submit has-spinner\" type=\"submit\" value=\"Send message\" \/><div class=\"wpcf7-response-output\" aria-hidden=\"true\"><\/div>\n<\/form>\n<\/div>\n\n            <\/div>\n          <\/div>\n        <\/div>\n      <\/div>\n    <\/div>\n  <\/div>\n<\/div>","protected":false},"excerpt":{"rendered":"","protected":false},"author":4,"featured_media":0,"parent":0,"menu_order":0,"comment_status":"closed","ping_status":"closed","template":"","meta":{"_acf_changed":false,"footnotes":""},"class_list":["post-542","page","type-page","status-publish","hentry"],"acf":[],"_links":{"self":[{"href":"https:\/\/alterdata.com\/pl\/wp-json\/wp\/v2\/pages\/542","targetHints":{"allow":["GET"]}}],"collection":[{"href":"https:\/\/alterdata.com\/pl\/wp-json\/wp\/v2\/pages"}],"about":[{"href":"https:\/\/alterdata.com\/pl\/wp-json\/wp\/v2\/types\/page"}],"author":[{"embeddable":true,"href":"https:\/\/alterdata.com\/pl\/wp-json\/wp\/v2\/users\/4"}],"replies":[{"embeddable":true,"href":"https:\/\/alterdata.com\/pl\/wp-json\/wp\/v2\/comments?post=542"}],"version-history":[{"count":15,"href":"https:\/\/alterdata.com\/pl\/wp-json\/wp\/v2\/pages\/542\/revisions"}],"predecessor-version":[{"id":7267,"href":"https:\/\/alterdata.com\/pl\/wp-json\/wp\/v2\/pages\/542\/revisions\/7267"}],"wp:attachment":[{"href":"https:\/\/alterdata.com\/pl\/wp-json\/wp\/v2\/media?parent=542"}],"curies":[{"name":"wp","href":"https:\/\/api.w.org\/{rel}","templated":true}]}}