{"id":540,"date":"2024-10-31T12:29:06","date_gmt":"2024-10-31T11:29:06","guid":{"rendered":"https:\/\/alterdata.com\/?page_id=540"},"modified":"2026-04-16T11:10:06","modified_gmt":"2026-04-16T09:10:06","slug":"e-commerce-demo","status":"publish","type":"page","link":"https:\/\/alterdata.com\/pl\/e-commerce-demo\/","title":{"rendered":"E-commerce &#8211; Raport mar\u017cowy (DEMO)"},"content":{"rendered":"<div class=\"section-dashboard-demo-block \"\n                  style=\"--section-dashboard-demo-block-background-color: transparent;\"\n                >\n  <div class=\"container\">\n    <div class=\"row pt-p-48 pb-p-60 pt-p-lg-50 pb-p-lg-120\">\n      <div class=\"col\">\n        <p class=\"section-dashboard-demo-block__description text-lg-center mb-p-24 mb-p-lg-30\">E-commerce Demo Dashboard<\/p>\n        <h2 class=\"section-dashboard-demo-block__title text-lg-center mb-p-40 mb-p-lg-70\">Sprawd\u017a nasze demo<\/h2>\n        <div class=\"section-dashboard-demo-block__iframe text-center\">\n          <center><iframe loading=\"lazy\" width=\"1300\" height=\"1000\" src=\"https:\/\/lookerstudio.google.com\/embed\/reporting\/6c2b2f79-a12f-460c-ae26-a9f84273de86\/page\/p_84fml97q...\" frameborder=\"0\" style=\"border:0\" allowfullscreen sandbox=\"allow-storage-access-by-user-activation allow-scripts allow-same-origin allow-popups allow-popups-to-escape-sandbox\"><\/iframe><\/center>\n        <\/div>\n      <\/div>\n    <\/div>\n  <\/div>\n<\/div>\n\n<div class=\"section-bottom-hero-block \"\n                >\n  <div class=\"container\">\n    <div class=\"row\">\n      <div class=\"col\">\n        <div class=\"section-bottom-hero-block__inner\">\n          <div class=\"section-bottom-hero-block__content pt-p-60 mb-p-60 pt-p-lg-90 mb-p-lg-90 d-flex justify-content-center flex-column align-items-center text-center\">\n            <h2 class=\"section-bottom-hero-block__title mb-p-24\">Odkryj, jak dane poprawiaj\u0105 wydajno\u015b\u0107<\/h2>\n            <p class=\"section-bottom-hero-block__description mb-p-32 mb-p-lg-48\">Pomagamy przekszta\u0142ci\u0107 dane w strategiczny zas\u00f3b organizacji, kt\u00f3ry wspiera lepsze decyzje,\u2028szybki rozw\u00f3j i pomaga wypracowa\u0107 przewag\u0119 konkurencyjn\u0105.\r\n\r\n<\/p>\n            <a href=\"https:\/\/alterdata.com\/pl\/kontakt\/\" class=\"section-bottom-hero-block__button px-p-51 py-p-15\">Porozmawiajmy<\/a>\n          <\/div>\n        <\/div>\n      <\/div>\n    <\/div>\n  <\/div>\n<\/div>","protected":false},"excerpt":{"rendered":"","protected":false},"author":4,"featured_media":0,"parent":0,"menu_order":0,"comment_status":"closed","ping_status":"closed","template":"","meta":{"_acf_changed":false,"footnotes":""},"class_list":["post-540","page","type-page","status-publish","hentry"],"acf":[],"_links":{"self":[{"href":"https:\/\/alterdata.com\/pl\/wp-json\/wp\/v2\/pages\/540","targetHints":{"allow":["GET"]}}],"collection":[{"href":"https:\/\/alterdata.com\/pl\/wp-json\/wp\/v2\/pages"}],"about":[{"href":"https:\/\/alterdata.com\/pl\/wp-json\/wp\/v2\/types\/page"}],"author":[{"embeddable":true,"href":"https:\/\/alterdata.com\/pl\/wp-json\/wp\/v2\/users\/4"}],"replies":[{"embeddable":true,"href":"https:\/\/alterdata.com\/pl\/wp-json\/wp\/v2\/comments?post=540"}],"version-history":[{"count":17,"href":"https:\/\/alterdata.com\/pl\/wp-json\/wp\/v2\/pages\/540\/revisions"}],"predecessor-version":[{"id":7192,"href":"https:\/\/alterdata.com\/pl\/wp-json\/wp\/v2\/pages\/540\/revisions\/7192"}],"wp:attachment":[{"href":"https:\/\/alterdata.com\/pl\/wp-json\/wp\/v2\/media?parent=540"}],"curies":[{"name":"wp","href":"https:\/\/api.w.org\/{rel}","templated":true}]}}