{"id":5303,"date":"2025-05-27T11:28:32","date_gmt":"2025-05-27T09:28:32","guid":{"rendered":"https:\/\/alterdata.com\/?page_id=5303"},"modified":"2025-11-26T10:22:13","modified_gmt":"2025-11-26T09:22:13","slug":"formularz-data-ai-cloud-workshop","status":"publish","type":"page","link":"https:\/\/alterdata.com\/pl\/formularz-data-ai-cloud-workshop\/","title":{"rendered":"Data &amp; AI Cloud Workshop \/ Formularz"},"content":{"rendered":"<div class=\"section-header-webinar-block \"\n                  style=\"--section-header-webinar-block-background-color: transparent;\"\n                >\n  <div class=\"container py-p-70 py-p-lg-55\">\n    <div class=\"row\">\n      <div class=\"col-12 col-lg-7 section-header-webinar-block__content pr-p-lg-49\">\n        <span class=\"section-header-webinar-block__date-title\">\n          Formularz\n        <\/span>\n        <p class=\"section-header-webinar-block__date-time mb-p-32 mb-p-lg-60\"><\/p>\n        <h2 class=\"section-header-webinar-block__title mb-p-40 mb-p-lg-30\"><h1>Warsztaty <br>Data &#038; AI Cloud<\/h1><\/h2>\n        <p class=\"section-header-webinar-block__description d-none d-lg-block mb-p-lg-60\">Kompleksowy program dla Twojego zespo\u0142u:\r\n<br>Od strategii danych po gotowe rekomendacje wdro\u017ceniowe<\/p>\n        <p class=\"section-header-webinar-block__cta-above mb-p-40 d-lg-none\"><\/p>\n        <p class=\"section-header-webinar-block__expert-intro d-none d-lg-block mb-p-lg-10\"><\/p>\n                  <div class=\"section-header-webinar-block__experts d-none d-lg-flex align-items-center row\">\n                          <div class=\"section-header-webinar-block__expert d-flex align-items-center mr-p-24 col-12 mb-p-20\">\n                                  <img decoding=\"async\" src=\"https:\/\/alterdata.com\/wp-content\/uploads\/2025\/05\/photo-1-2.png\" alt=\"S\u0142awomir Mytych\" class=\"section-header-webinar-block__expert-photo mr-p-16\">\n                                <p class=\"section-header-webinar-block__expert-name\">S\u0142awomir Mytych<\/p>\n                <p class=\"section-header-webinar-block__expert-title\">, Alterdata<\/p>\n              <\/div>\n                          <div class=\"section-header-webinar-block__expert d-flex align-items-center mr-p-24 col-12 mb-p-20\">\n                                  <img decoding=\"async\" src=\"https:\/\/alterdata.com\/wp-content\/uploads\/2025\/05\/photo-4.png\" alt=\"Adam Symerewicz\" class=\"section-header-webinar-block__expert-photo mr-p-16\">\n                                <p class=\"section-header-webinar-block__expert-name\">Adam Symerewicz<\/p>\n                <p class=\"section-header-webinar-block__expert-title\">, Alterdata<\/p>\n              <\/div>\n                      <\/div>\n        \n      <\/div>\n      <div class=\"col-12 col-lg-5 section-header-webinar-block__form px-p-24 px-p-lg-48 py-p-48 mb-p-48 mb-p-lg-0\">\n        \n<div class=\"wpcf7 no-js\" id=\"wpcf7-f5186-o1\" lang=\"pl-PL\" dir=\"ltr\" data-wpcf7-id=\"5186\">\n<div class=\"screen-reader-response\"><p role=\"status\" aria-live=\"polite\" aria-atomic=\"true\"><\/p> <ul><\/ul><\/div>\n<form action=\"\/pl\/wp-json\/wp\/v2\/pages\/5303#wpcf7-f5186-o1\" method=\"post\" class=\"wpcf7-form init\" aria-label=\"Formularz kontaktowy\" novalidate=\"novalidate\" data-status=\"init\">\n<fieldset class=\"hidden-fields-container\"><input type=\"hidden\" name=\"_wpcf7\" value=\"5186\" \/><input type=\"hidden\" name=\"_wpcf7_version\" value=\"6.1.5\" \/><input type=\"hidden\" name=\"_wpcf7_locale\" value=\"pl_PL\" \/><input type=\"hidden\" name=\"_wpcf7_unit_tag\" value=\"wpcf7-f5186-o1\" \/><input type=\"hidden\" name=\"_wpcf7_container_post\" value=\"0\" \/><input type=\"hidden\" name=\"_wpcf7_posted_data_hash\" value=\"\" \/><input type=\"hidden\" name=\"_wpcf7_recaptcha_response\" value=\"\" \/>\n<\/fieldset>\n<label>\n  <span>Imi\u0119 <span class=\"red-dot\">*<\/span><\/span>\n  <span class=\"wpcf7-form-control-wrap\" data-name=\"your-name\"><input size=\"40\" maxlength=\"400\" class=\"wpcf7-form-control wpcf7-text wpcf7-validates-as-required\" autocomplete=\"name\" aria-required=\"true\" aria-invalid=\"false\" placeholder=\"Wpisz swoje imi\u0119\" value=\"\" type=\"text\" name=\"your-name\" \/><\/span>\n<\/label>\n\n<label>\n  <span>Nazwisko <span class=\"red-dot\">*<\/span><\/span>\n  <span class=\"wpcf7-form-control-wrap\" data-name=\"your-last_name\"><input size=\"40\" maxlength=\"400\" class=\"wpcf7-form-control wpcf7-text wpcf7-validates-as-required\" autocomplete=\"name\" aria-required=\"true\" aria-invalid=\"false\" placeholder=\"Wpisz swoje naziwsko\" value=\"\" type=\"text\" name=\"your-last_name\" \/><\/span>\n<\/label>\n\n<label>\n  <span>E-mail <span class=\"red-dot\">*<\/span><\/span>\n  <span class=\"wpcf7-form-control-wrap\" data-name=\"your-email\"><input size=\"40\" maxlength=\"400\" class=\"wpcf7-form-control wpcf7-email wpcf7-validates-as-required wpcf7-text wpcf7-validates-as-email\" autocomplete=\"email\" aria-required=\"true\" aria-invalid=\"false\" placeholder=\"Wpisz adres E-mail\" value=\"\" type=\"email\" name=\"your-email\" \/><\/span>\n<\/label>\n\n<label>\n  <span>Firma <span class=\"red-dot\">*<\/span><\/span>\n  <span class=\"wpcf7-form-control-wrap\" data-name=\"your-company\"><input size=\"40\" maxlength=\"400\" class=\"wpcf7-form-control wpcf7-text wpcf7-validates-as-required\" autocomplete=\"company\" aria-required=\"true\" aria-invalid=\"false\" placeholder=\"Wpisz nazw\u0119 firmy\" value=\"\" type=\"text\" name=\"your-company\" \/><\/span>\n<\/label>\n\n<label class=\"acceptance\">\n\n  <span class=\"wpcf7-form-control-wrap\" data-name=\"accept-terms\"><span class=\"wpcf7-form-control wpcf7-acceptance\"><span class=\"wpcf7-list-item\"><label><input type=\"checkbox\" name=\"accept-terms\" value=\"1\" aria-invalid=\"false\" \/><span class=\"wpcf7-list-item-label\">Zapozna\u0142am\/-em si\u0119 z Regulaminem i akceptuj\u0119 postanowienia w nim zawarte. <span class=\"red-dot\">*<\/span><\/span><\/label><\/span><\/span><\/span>\n<\/label>\n\n<label class=\"acceptance\">\n  <span class=\"wpcf7-form-control-wrap\" data-name=\"accept-marketing\"><span class=\"wpcf7-form-control wpcf7-acceptance optional\"><span class=\"wpcf7-list-item\"><label><input type=\"checkbox\" name=\"accept-marketing\" value=\"1\" aria-invalid=\"false\" \/><span class=\"wpcf7-list-item-label\">Wyra\u017cam zgod\u0119 na otrzymywanie komunikacji marketingowej od Alterdata.io.<\/span><\/label><\/span><\/span><\/span>\n<\/label>\n\n<span class=\"info\"><span class=\"red-dot\">*<\/span> <span style=\"color:#383840;\">Pole obowi\u0105zkowe<\/span><\/span>\n\n<input class=\"wpcf7-form-control wpcf7-hidden\" value=\"2025_workshop\" type=\"hidden\" name=\"form-name\" \/>\n\n<input class=\"wpcf7-form-control wpcf7-submit has-spinner\" type=\"submit\" value=\"Wy\u015blij formularz\" \/><div class=\"wpcf7-response-output\" aria-hidden=\"true\"><\/div>\n<\/form>\n<\/div>\n\n      <\/div>\n      <div class=\"col-12\">\n        <span class=\"section-header-webinar-block__cta-below d-lg-none\"><\/span>\n      <\/div>\n    <\/div>\n  <\/div>\n<\/div>\n\n<div class=\"section-why-webinar-block \"\n                  style=\"--section-why-webinar-block-background-color: transparent;\"\n                >\n  <div class=\"container\">\n    <div class=\"section-why-webinar-block__content row py-p-60 py-p-lg-70\">\n      <div class=\"col-12\">\n        <h2 class=\"section-why-webinar-block__title text-lg-center mb-p-40 mb-p-lg-60\"> Co zyska Twoja firma dzi\u0119ki <br>warsztatom Data &#038; AI Cloud?<\/h2>\n      <\/div>\n      <div class=\"col-12\">\n        <ul class=\"section-why-webinar-block__list row\">\n                      <li class=\"section-why-webinar-block__item col-12 col-lg-6 mb-p-18 mb-p-lg-30\">\n              <div class=\"d-flex mb-p-0 mb-p-lg-10 d-flex align-items-start\">\n                <img decoding=\"async\" src=\"https:\/\/alterdata.com\/wp-content\/themes\/alterdata-theme\/src\/images\/blocks\/section-why-webinar-block\/tick_circle_ico.svg\" class=\"mr-p-15 img-fluid\" alt=\"Icon tick\">\n                <h3 class=\"section-why-webinar-block__item-title\">Przyspieszenie decyzji dzi\u0119ki lepszej analizie danych<\/h3>\n              <\/div>\n              <p class=\"section-why-webinar-block__item-description d-none d-lg-block\">Zautomatyzujesz raportowanie, zyskasz dost\u0119p do przejrzystych dashboard\u00f3w i predykcji KPI, co u\u0142atwi podejmowanie decyzji na podstawie danych.<\/p>\n            <\/li>\n                      <li class=\"section-why-webinar-block__item col-12 col-lg-6 mb-p-18 mb-p-lg-30\">\n              <div class=\"d-flex mb-p-0 mb-p-lg-10 d-flex align-items-start\">\n                <img decoding=\"async\" src=\"https:\/\/alterdata.com\/wp-content\/themes\/alterdata-theme\/src\/images\/blocks\/section-why-webinar-block\/tick_circle_ico.svg\" class=\"mr-p-15 img-fluid\" alt=\"Icon tick\">\n                <h3 class=\"section-why-webinar-block__item-title\">Gotowy prototyp (MVP) dopasowanego rozwi\u0105zania<\/h3>\n              <\/div>\n              <p class=\"section-why-webinar-block__item-description d-none d-lg-block\">Zbudujesz realnie dzia\u0142aj\u0105ce rozwi\u0105zanie oparte na Twoich danych \u2013 gotowe do test\u00f3w lub dalszego rozwoju.\r\n\r\n<\/p>\n            <\/li>\n                      <li class=\"section-why-webinar-block__item col-12 col-lg-6 mb-p-18 mb-p-lg-30\">\n              <div class=\"d-flex mb-p-0 mb-p-lg-10 d-flex align-items-start\">\n                <img decoding=\"async\" src=\"https:\/\/alterdata.com\/wp-content\/themes\/alterdata-theme\/src\/images\/blocks\/section-why-webinar-block\/tick_circle_ico.svg\" class=\"mr-p-15 img-fluid\" alt=\"Icon tick\">\n                <h3 class=\"section-why-webinar-block__item-title\">Wzmocnienie kompetencji Twojego zespo\u0142u<\/h3>\n              <\/div>\n              <p class=\"section-why-webinar-block__item-description d-none d-lg-block\">Tw\u00f3j zesp\u00f3\u0142 zdob\u0119dzie praktyczne umiej\u0119tno\u015bci pracy z narz\u0119dziami Google Cloud: BigQuery, Looker, Vertex AI i innymi.\r\n\r\n<\/p>\n            <\/li>\n                      <li class=\"section-why-webinar-block__item col-12 col-lg-6 mb-p-18 mb-p-lg-30\">\n              <div class=\"d-flex mb-p-0 mb-p-lg-10 d-flex align-items-start\">\n                <img decoding=\"async\" src=\"https:\/\/alterdata.com\/wp-content\/themes\/alterdata-theme\/src\/images\/blocks\/section-why-webinar-block\/tick_circle_ico.svg\" class=\"mr-p-15 img-fluid\" alt=\"Icon tick\">\n                <h3 class=\"section-why-webinar-block__item-title\">Jasn\u0105 roadmap\u0119 rozwoju danych i AI<\/h3>\n              <\/div>\n              <p class=\"section-why-webinar-block__item-description d-none d-lg-block\">Opuszczasz warsztat z konkretnym planem dzia\u0142ania \u2013 dopasowanym do cel\u00f3w biznesowych, zasob\u00f3w i mo\u017cliwo\u015bci Twojej firmy.\r\n\r\n<\/p>\n            <\/li>\n                      <li class=\"section-why-webinar-block__item col-12 col-lg-6 mb-p-18 mb-p-lg-30\">\n              <div class=\"d-flex mb-p-0 mb-p-lg-10 d-flex align-items-start\">\n                <img decoding=\"async\" src=\"https:\/\/alterdata.com\/wp-content\/themes\/alterdata-theme\/src\/images\/blocks\/section-why-webinar-block\/tick_circle_ico.svg\" class=\"mr-p-15 img-fluid\" alt=\"Icon tick\">\n                <h3 class=\"section-why-webinar-block__item-title\">Samodzielno\u015b\u0107 i niezale\u017cno\u015b\u0107 technologiczna zespo\u0142u<\/h3>\n              <\/div>\n              <p class=\"section-why-webinar-block__item-description d-none d-lg-block\">Otrzymujesz dokumentacj\u0119, kod i know-how, kt\u00f3re pozwol\u0105 Twojemu zespo\u0142owi dzia\u0142a\u0107 niezale\u017cnie \u2013 bez dalszego wsparcia z zewn\u0105trz.<\/p>\n            <\/li>\n                      <li class=\"section-why-webinar-block__item col-12 col-lg-6 mb-p-18 mb-p-lg-30\">\n              <div class=\"d-flex mb-p-0 mb-p-lg-10 d-flex align-items-start\">\n                <img decoding=\"async\" src=\"https:\/\/alterdata.com\/wp-content\/themes\/alterdata-theme\/src\/images\/blocks\/section-why-webinar-block\/tick_circle_ico.svg\" class=\"mr-p-15 img-fluid\" alt=\"Icon tick\">\n                <h3 class=\"section-why-webinar-block__item-title\">Lepsz\u0105 wsp\u00f3\u0142prac\u0119 mi\u0119dzy biznesem a IT<\/h3>\n              <\/div>\n              <p class=\"section-why-webinar-block__item-description d-none d-lg-block\">Warsztat zbli\u017ca oba \u015bwiaty \u2013 pomaga lepiej si\u0119 komunikowa\u0107, wyznacza\u0107 wsp\u00f3lne cele i szybciej wdra\u017ca\u0107 projekty oparte na danych.<\/p>\n            <\/li>\n                  <\/ul>\n      <\/div>\n\n    <\/div>\n  <\/div>\n<\/div>","protected":false},"excerpt":{"rendered":"","protected":false},"author":4,"featured_media":0,"parent":0,"menu_order":0,"comment_status":"closed","ping_status":"closed","template":"","meta":{"_acf_changed":false,"footnotes":""},"class_list":["post-5303","page","type-page","status-publish","hentry"],"acf":[],"_links":{"self":[{"href":"https:\/\/alterdata.com\/pl\/wp-json\/wp\/v2\/pages\/5303","targetHints":{"allow":["GET"]}}],"collection":[{"href":"https:\/\/alterdata.com\/pl\/wp-json\/wp\/v2\/pages"}],"about":[{"href":"https:\/\/alterdata.com\/pl\/wp-json\/wp\/v2\/types\/page"}],"author":[{"embeddable":true,"href":"https:\/\/alterdata.com\/pl\/wp-json\/wp\/v2\/users\/4"}],"replies":[{"embeddable":true,"href":"https:\/\/alterdata.com\/pl\/wp-json\/wp\/v2\/comments?post=5303"}],"version-history":[{"count":18,"href":"https:\/\/alterdata.com\/pl\/wp-json\/wp\/v2\/pages\/5303\/revisions"}],"predecessor-version":[{"id":8834,"href":"https:\/\/alterdata.com\/pl\/wp-json\/wp\/v2\/pages\/5303\/revisions\/8834"}],"wp:attachment":[{"href":"https:\/\/alterdata.com\/pl\/wp-json\/wp\/v2\/media?parent=5303"}],"curies":[{"name":"wp","href":"https:\/\/api.w.org\/{rel}","templated":true}]}}