{"id":4710,"date":"2025-04-23T08:28:17","date_gmt":"2025-04-23T06:28:17","guid":{"rendered":"https:\/\/alterdata.com\/?page_id=4710"},"modified":"2025-08-06T13:08:19","modified_gmt":"2025-08-06T11:08:19","slug":"gen-ai-w-procesach-rekrutacyjnych-hr-demo","status":"publish","type":"page","link":"https:\/\/alterdata.com\/pl\/gen-ai-w-procesach-rekrutacyjnych-hr-demo\/","title":{"rendered":"Gen AI w procesach rekrutacyjnych HR (DEMO)"},"content":{"rendered":"<div class=\"section-bottom-hero-block \"\n                  style=\"--section-bottom-hero-block-background-color: transparent;\"\n                >\n  <div class=\"container\">\n    <div class=\"row\">\n      <div class=\"col\">\n        <div class=\"section-bottom-hero-block__inner\">\n          <div class=\"section-bottom-hero-block__content pt-p-60 mb-p-60 pt-p-lg-90 mb-p-lg-90 d-flex justify-content-center flex-column align-items-center text-center\">\n            <h2 class=\"section-bottom-hero-block__title mb-p-24\">Zastanawiasz si\u0119 nad PoC rozwi\u0105zania Gen AI w swojej firmie?<\/h2>\n            <p class=\"section-bottom-hero-block__description mb-p-32 mb-p-lg-48\">Z Alterdata nie tracisz czasu na d\u0142ugie wdro\u017cenia. W kr\u00f3tkim czasie otrzymujesz gotowy do u\u017cycia produkt, kt\u00f3ry realnie dzia\u0142a i przynosi efekty.<\/p>\n            <a href=\"https:\/\/alterdata.com\/pl\/kontakt\/\" class=\"section-bottom-hero-block__button px-p-51 py-p-15\">Porozmawiajmy o Gen AI<\/a>\n          <\/div>\n        <\/div>\n      <\/div>\n    <\/div>\n  <\/div>\n<\/div>\n\n<div class=\"section-dashboard-demo-block \"\n                  style=\"--section-dashboard-demo-block-background-color: transparent;\"\n                >\n  <div class=\"container\">\n    <div class=\"row pt-p-48 pb-p-60 pt-p-lg-50 pb-p-lg-120\">\n      <div class=\"col\">\n        <p class=\"section-dashboard-demo-block__description text-lg-center mb-p-24 mb-p-lg-30\"><\/p>\n        <h2 class=\"section-dashboard-demo-block__title text-lg-center mb-p-40 mb-p-lg-70\">Sprawd\u017a nasze demo<\/h2>\n        <div class=\"section-dashboard-demo-block__iframe text-center\">\n          <iframe loading=\"lazy\" width=\"1200\" height=\"665\" src=\"https:\/\/www.youtube.com\/embed\/algbASj0bBA?si=H68ox5WLFO4AzUWz&amp;start=664\" title=\"YouTube video player\" frameborder=\"0\" allow=\"accelerometer; autoplay; clipboard-write; encrypted-media; gyroscope; picture-in-picture; web-share\" referrerpolicy=\"strict-origin-when-cross-origin\" allowfullscreen><\/iframe>\n        <\/div>\n      <\/div>\n    <\/div>\n  <\/div>\n<\/div>","protected":false},"excerpt":{"rendered":"","protected":false},"author":4,"featured_media":0,"parent":0,"menu_order":0,"comment_status":"closed","ping_status":"closed","template":"","meta":{"_acf_changed":false,"footnotes":""},"class_list":["post-4710","page","type-page","status-publish","hentry"],"acf":[],"_links":{"self":[{"href":"https:\/\/alterdata.com\/pl\/wp-json\/wp\/v2\/pages\/4710","targetHints":{"allow":["GET"]}}],"collection":[{"href":"https:\/\/alterdata.com\/pl\/wp-json\/wp\/v2\/pages"}],"about":[{"href":"https:\/\/alterdata.com\/pl\/wp-json\/wp\/v2\/types\/page"}],"author":[{"embeddable":true,"href":"https:\/\/alterdata.com\/pl\/wp-json\/wp\/v2\/users\/4"}],"replies":[{"embeddable":true,"href":"https:\/\/alterdata.com\/pl\/wp-json\/wp\/v2\/comments?post=4710"}],"version-history":[{"count":2,"href":"https:\/\/alterdata.com\/pl\/wp-json\/wp\/v2\/pages\/4710\/revisions"}],"predecessor-version":[{"id":4712,"href":"https:\/\/alterdata.com\/pl\/wp-json\/wp\/v2\/pages\/4710\/revisions\/4712"}],"wp:attachment":[{"href":"https:\/\/alterdata.com\/pl\/wp-json\/wp\/v2\/media?parent=4710"}],"curies":[{"name":"wp","href":"https:\/\/api.w.org\/{rel}","templated":true}]}}