{"id":4696,"date":"2025-04-23T08:22:21","date_gmt":"2025-04-23T06:22:21","guid":{"rendered":"https:\/\/alterdata.com\/?page_id=4696"},"modified":"2026-04-16T10:58:06","modified_gmt":"2026-04-16T08:58:06","slug":"gen-ai-do-analizy-tysiecy-dokumentow-w-kilka-sekund-demo","status":"publish","type":"page","link":"https:\/\/alterdata.com\/pl\/gen-ai-do-analizy-tysiecy-dokumentow-w-kilka-sekund-demo\/","title":{"rendered":"Gen AI do analizy tysi\u0119cy dokument\u00f3w w kilka sekund (DEMO)"},"content":{"rendered":"<div class=\"section-bottom-hero-block \"\n                  style=\"--section-bottom-hero-block-background-color: transparent;\"\n                >\n  <div class=\"container\">\n    <div class=\"row\">\n      <div class=\"col\">\n        <div class=\"section-bottom-hero-block__inner\">\n          <div class=\"section-bottom-hero-block__content pt-p-60 mb-p-60 pt-p-lg-90 mb-p-lg-90 d-flex justify-content-center flex-column align-items-center text-center\">\n            <h2 class=\"section-bottom-hero-block__title mb-p-24\"><h1>Gen AI do analizy tysi\u0119cy dokument\u00f3w w kilka sekund<\/h1><p>&nbsp;<\/p><h2>Zastanawiasz si\u0119 nad PoC rozwi\u0105zania Gen AI w swojej firmie?<\/h2><\/h2>\n            <p class=\"section-bottom-hero-block__description mb-p-32 mb-p-lg-48\">Z Alterdata nie tracisz czasu na d\u0142ugie wdro\u017cenia. W kr\u00f3tkim czasie otrzymujesz gotowy do u\u017cycia produkt, kt\u00f3ry realnie dzia\u0142a i przynosi efekty.<\/p>\n            <a href=\"https:\/\/alterdata.com\/pl\/kontakt\/\" class=\"section-bottom-hero-block__button px-p-51 py-p-15\">Porozmawiajmy o Gen AI<\/a>\n          <\/div>\n        <\/div>\n      <\/div>\n    <\/div>\n  <\/div>\n<\/div>\n\n<div class=\"section-dashboard-demo-block \"\n                  style=\"--section-dashboard-demo-block-background-color: transparent;\"\n                >\n  <div class=\"container\">\n    <div class=\"row pt-p-48 pb-p-60 pt-p-lg-50 pb-p-lg-120\">\n      <div class=\"col\">\n        <p class=\"section-dashboard-demo-block__description text-lg-center mb-p-24 mb-p-lg-30\"><\/p>\n        <h2 class=\"section-dashboard-demo-block__title text-lg-center mb-p-40 mb-p-lg-70\">Sprawd\u017a nasze demo<\/h2>\n        <div class=\"section-dashboard-demo-block__iframe text-center\">\n          <iframe loading=\"lazy\" width=\"1200\" height=\"665\" src=\"https:\/\/www.youtube.com\/embed\/algbASj0bBA?si=QX-eqYdF1SjEygpn&amp;start=140\" title=\"YouTube video player\" frameborder=\"0\" allow=\"accelerometer; autoplay; clipboard-write; encrypted-media; gyroscope; picture-in-picture; web-share\" referrerpolicy=\"strict-origin-when-cross-origin\" allowfullscreen><\/iframe>\n        <\/div>\n      <\/div>\n    <\/div>\n  <\/div>\n<\/div>","protected":false},"excerpt":{"rendered":"","protected":false},"author":4,"featured_media":0,"parent":0,"menu_order":0,"comment_status":"closed","ping_status":"closed","template":"","meta":{"_acf_changed":false,"footnotes":""},"class_list":["post-4696","page","type-page","status-publish","hentry"],"acf":[],"_links":{"self":[{"href":"https:\/\/alterdata.com\/pl\/wp-json\/wp\/v2\/pages\/4696","targetHints":{"allow":["GET"]}}],"collection":[{"href":"https:\/\/alterdata.com\/pl\/wp-json\/wp\/v2\/pages"}],"about":[{"href":"https:\/\/alterdata.com\/pl\/wp-json\/wp\/v2\/types\/page"}],"author":[{"embeddable":true,"href":"https:\/\/alterdata.com\/pl\/wp-json\/wp\/v2\/users\/4"}],"replies":[{"embeddable":true,"href":"https:\/\/alterdata.com\/pl\/wp-json\/wp\/v2\/comments?post=4696"}],"version-history":[{"count":12,"href":"https:\/\/alterdata.com\/pl\/wp-json\/wp\/v2\/pages\/4696\/revisions"}],"predecessor-version":[{"id":10599,"href":"https:\/\/alterdata.com\/pl\/wp-json\/wp\/v2\/pages\/4696\/revisions\/10599"}],"wp:attachment":[{"href":"https:\/\/alterdata.com\/pl\/wp-json\/wp\/v2\/media?parent=4696"}],"curies":[{"name":"wp","href":"https:\/\/api.w.org\/{rel}","templated":true}]}}