{"id":4691,"date":"2025-04-22T14:01:18","date_gmt":"2025-04-22T12:01:18","guid":{"rendered":"https:\/\/alterdata.com\/?page_id=4691"},"modified":"2026-01-28T06:59:08","modified_gmt":"2026-01-28T05:59:08","slug":"nagranie-gen-ai-w-strukturyzacji-dokumentow","status":"publish","type":"page","link":"https:\/\/alterdata.com\/pl\/nagranie-gen-ai-w-strukturyzacji-dokumentow\/","title":{"rendered":"Nagranie: Gen AI w strukturyzacji dokument\u00f3w"},"content":{"rendered":"<div class=\"section-dashboard-demo-block \"\n                  style=\"--section-dashboard-demo-block-background-color: transparent;\"\n                >\n  <div class=\"container\">\n    <div class=\"row pt-p-48 pb-p-60 pt-p-lg-50 pb-p-lg-120\">\n      <div class=\"col\">\n        <p class=\"section-dashboard-demo-block__description text-lg-center mb-p-24 mb-p-lg-30\">Biznes oparty o dane 1-2.04.2025<\/p>\n        <h2 class=\"section-dashboard-demo-block__title text-lg-center mb-p-40 mb-p-lg-70\">GenAI w akcji: Strukturyzacja danych z dokument\u00f3w <br> S\u0142awomir Mytych, Alterdata<\/h2>\n        <div class=\"section-dashboard-demo-block__iframe text-center\">\n          <iframe loading=\"lazy\" width=\"1200\" height=\"665\" src=\"https:\/\/www.youtube.com\/embed\/algbASj0bBA?si=nrmVJvocJ2ZXKqAd\" title=\"YouTube video player\" frameborder=\"0\" allow=\"accelerometer; autoplay; clipboard-write; encrypted-media; gyroscope; picture-in-picture; web-share\" referrerpolicy=\"strict-origin-when-cross-origin\" allowfullscreen><\/iframe>\n        <\/div>\n      <\/div>\n    <\/div>\n  <\/div>\n<\/div>\n\n<div class=\"section-why-webinar-block \"\n                  style=\"--section-why-webinar-block-background-color: transparent;\"\n                >\n  <div class=\"container\">\n    <div class=\"section-why-webinar-block__content row py-p-60 py-p-lg-70\">\n      <div class=\"col-12\">\n        <h2 class=\"section-why-webinar-block__title text-lg-center mb-p-40 mb-p-lg-60\">Z tego nagrania dowiesz si\u0119:<\/h2>\n      <\/div>\n      <div class=\"col-12\">\n        <ul class=\"section-why-webinar-block__list row\">\n                      <li class=\"section-why-webinar-block__item col-12 col-lg-6 mb-p-18 mb-p-lg-30\">\n              <div class=\"d-flex mb-p-0 mb-p-lg-10 d-flex align-items-start\">\n                <img decoding=\"async\" src=\"https:\/\/alterdata.com\/wp-content\/themes\/alterdata-theme\/src\/images\/blocks\/section-why-webinar-block\/tick_circle_ico.svg\" class=\"mr-p-15 img-fluid\" alt=\"Icon tick\">\n                <h3 class=\"section-why-webinar-block__item-title\">Jak z pomoc\u0105 LLM mo\u017cna analizowa\u0107 i porz\u0105dkowa\u0107 faktury, CV, bilety czy polisy<\/h3>\n              <\/div>\n              <p class=\"section-why-webinar-block__item-description d-none d-lg-block\"><\/p>\n            <\/li>\n                      <li class=\"section-why-webinar-block__item col-12 col-lg-6 mb-p-18 mb-p-lg-30\">\n              <div class=\"d-flex mb-p-0 mb-p-lg-10 d-flex align-items-start\">\n                <img decoding=\"async\" src=\"https:\/\/alterdata.com\/wp-content\/themes\/alterdata-theme\/src\/images\/blocks\/section-why-webinar-block\/tick_circle_ico.svg\" class=\"mr-p-15 img-fluid\" alt=\"Icon tick\">\n                <h3 class=\"section-why-webinar-block__item-title\">W jaki spos\u00f3b dzia\u0142a konfiguracja dokument\u00f3w i wyci\u0105ganie danych w formacie dostosowanym do potrzeb biznesu<\/h3>\n              <\/div>\n              <p class=\"section-why-webinar-block__item-description d-none d-lg-block\"><\/p>\n            <\/li>\n                      <li class=\"section-why-webinar-block__item col-12 col-lg-6 mb-p-18 mb-p-lg-30\">\n              <div class=\"d-flex mb-p-0 mb-p-lg-10 d-flex align-items-start\">\n                <img decoding=\"async\" src=\"https:\/\/alterdata.com\/wp-content\/themes\/alterdata-theme\/src\/images\/blocks\/section-why-webinar-block\/tick_circle_ico.svg\" class=\"mr-p-15 img-fluid\" alt=\"Icon tick\">\n                <h3 class=\"section-why-webinar-block__item-title\">Jak modele takie jak Gemini mog\u0105 wspiera\u0107 klasyfikacj\u0119, kontekstowe rozumienie tre\u015bci i dzia\u0142anie aplikacji automatyzuj\u0105cych codzienn\u0105 prac\u0119<\/h3>\n              <\/div>\n              <p class=\"section-why-webinar-block__item-description d-none d-lg-block\"><\/p>\n            <\/li>\n                      <li class=\"section-why-webinar-block__item col-12 col-lg-6 mb-p-18 mb-p-lg-30\">\n              <div class=\"d-flex mb-p-0 mb-p-lg-10 d-flex align-items-start\">\n                <img decoding=\"async\" src=\"https:\/\/alterdata.com\/wp-content\/themes\/alterdata-theme\/src\/images\/blocks\/section-why-webinar-block\/tick_circle_ico.svg\" class=\"mr-p-15 img-fluid\" alt=\"Icon tick\">\n                <h3 class=\"section-why-webinar-block__item-title\">Ile naprawd\u0119 kosztuje przetwarzanie dokument\u00f3w w Gen AI i gdzie warto zacz\u0105\u0107 od prostego POC-a.<\/h3>\n              <\/div>\n              <p class=\"section-why-webinar-block__item-description d-none d-lg-block\"><\/p>\n            <\/li>\n                  <\/ul>\n      <\/div>\n\n    <\/div>\n  <\/div>\n<\/div>","protected":false},"excerpt":{"rendered":"","protected":false},"author":4,"featured_media":0,"parent":0,"menu_order":0,"comment_status":"closed","ping_status":"closed","template":"","meta":{"_acf_changed":false,"footnotes":""},"class_list":["post-4691","page","type-page","status-publish","hentry"],"acf":[],"_links":{"self":[{"href":"https:\/\/alterdata.com\/pl\/wp-json\/wp\/v2\/pages\/4691","targetHints":{"allow":["GET"]}}],"collection":[{"href":"https:\/\/alterdata.com\/pl\/wp-json\/wp\/v2\/pages"}],"about":[{"href":"https:\/\/alterdata.com\/pl\/wp-json\/wp\/v2\/types\/page"}],"author":[{"embeddable":true,"href":"https:\/\/alterdata.com\/pl\/wp-json\/wp\/v2\/users\/4"}],"replies":[{"embeddable":true,"href":"https:\/\/alterdata.com\/pl\/wp-json\/wp\/v2\/comments?post=4691"}],"version-history":[{"count":3,"href":"https:\/\/alterdata.com\/pl\/wp-json\/wp\/v2\/pages\/4691\/revisions"}],"predecessor-version":[{"id":8732,"href":"https:\/\/alterdata.com\/pl\/wp-json\/wp\/v2\/pages\/4691\/revisions\/8732"}],"wp:attachment":[{"href":"https:\/\/alterdata.com\/pl\/wp-json\/wp\/v2\/media?parent=4691"}],"curies":[{"name":"wp","href":"https:\/\/api.w.org\/{rel}","templated":true}]}}