{"id":4565,"date":"2025-04-22T11:44:56","date_gmt":"2025-04-22T09:44:56","guid":{"rendered":"https:\/\/alterdata.com\/?page_id=4565"},"modified":"2026-01-28T06:48:56","modified_gmt":"2026-01-28T05:48:56","slug":"nagranie-nowa-jakosc-integracji-danych-case-study-generate-capital","status":"publish","type":"page","link":"https:\/\/alterdata.com\/pl\/nagranie-nowa-jakosc-integracji-danych-case-study-generate-capital\/","title":{"rendered":"Nagranie: Nowa jako\u015b\u0107 integracji danych \u2013 case study Generate Capital"},"content":{"rendered":"<div class=\"section-dashboard-demo-block \"\n                  style=\"--section-dashboard-demo-block-background-color: transparent;\"\n                >\n  <div class=\"container\">\n    <div class=\"row pt-p-48 pb-p-60 pt-p-lg-50 pb-p-lg-120\">\n      <div class=\"col\">\n        <p class=\"section-dashboard-demo-block__description text-lg-center mb-p-24 mb-p-lg-30\">Biznes oparty o dane 1-2.04.2025<\/p>\n        <h2 class=\"section-dashboard-demo-block__title text-lg-center mb-p-40 mb-p-lg-70\">Nowa jako\u015b\u0107 integracji danych <br> case study Generate Capital <br> Kasper Jab\u0142o\u0144ski, Alterdata<\/h2>\n        <div class=\"section-dashboard-demo-block__iframe text-center\">\n          <iframe loading=\"lazy\" width=\"1200\" height=\"665\" src=\"https:\/\/www.youtube.com\/embed\/Aia73Vs3IvM?si=Jdwec4Rv4COy_-Bf\" title=\"YouTube video player\" frameborder=\"0\" allow=\"accelerometer; autoplay; clipboard-write; encrypted-media; gyroscope; picture-in-picture; web-share\" referrerpolicy=\"strict-origin-when-cross-origin\" allowfullscreen><\/iframe>\n        <\/div>\n      <\/div>\n    <\/div>\n  <\/div>\n<\/div>\n\n<div class=\"section-why-webinar-block \"\n                  style=\"--section-why-webinar-block-background-color: transparent;\"\n                >\n  <div class=\"container\">\n    <div class=\"section-why-webinar-block__content row py-p-60 py-p-lg-70\">\n      <div class=\"col-12\">\n        <h2 class=\"section-why-webinar-block__title text-lg-center mb-p-40 mb-p-lg-60\">Z tego nagrania dowiesz si\u0119:<\/h2>\n      <\/div>\n      <div class=\"col-12\">\n        <ul class=\"section-why-webinar-block__list row\">\n                      <li class=\"section-why-webinar-block__item col-12 col-lg-6 mb-p-18 mb-p-lg-30\">\n              <div class=\"d-flex mb-p-0 mb-p-lg-10 d-flex align-items-start\">\n                <img decoding=\"async\" src=\"https:\/\/alterdata.com\/wp-content\/themes\/alterdata-theme\/src\/images\/blocks\/section-why-webinar-block\/tick_circle_ico.svg\" class=\"mr-p-15 img-fluid\" alt=\"Icon tick\">\n                <h3 class=\"section-why-webinar-block__item-title\">Jak rozpocz\u0105\u0107 migracj\u0119 do chmury i rozbudowa\u0107 <br>zesp\u00f3\u0142 DE<\/h3>\n              <\/div>\n              <p class=\"section-why-webinar-block__item-description d-none d-lg-block\"><\/p>\n            <\/li>\n                      <li class=\"section-why-webinar-block__item col-12 col-lg-6 mb-p-18 mb-p-lg-30\">\n              <div class=\"d-flex mb-p-0 mb-p-lg-10 d-flex align-items-start\">\n                <img decoding=\"async\" src=\"https:\/\/alterdata.com\/wp-content\/themes\/alterdata-theme\/src\/images\/blocks\/section-why-webinar-block\/tick_circle_ico.svg\" class=\"mr-p-15 img-fluid\" alt=\"Icon tick\">\n                <h3 class=\"section-why-webinar-block__item-title\">Co oznacza efektywna integracja danych w praktyce<\/h3>\n              <\/div>\n              <p class=\"section-why-webinar-block__item-description d-none d-lg-block\"><\/p>\n            <\/li>\n                      <li class=\"section-why-webinar-block__item col-12 col-lg-6 mb-p-18 mb-p-lg-30\">\n              <div class=\"d-flex mb-p-0 mb-p-lg-10 d-flex align-items-start\">\n                <img decoding=\"async\" src=\"https:\/\/alterdata.com\/wp-content\/themes\/alterdata-theme\/src\/images\/blocks\/section-why-webinar-block\/tick_circle_ico.svg\" class=\"mr-p-15 img-fluid\" alt=\"Icon tick\">\n                <h3 class=\"section-why-webinar-block__item-title\">Jak redukcja d\u0142ugu technologicznego przek\u0142ada si\u0119 na wyniki biznesowe<\/h3>\n              <\/div>\n              <p class=\"section-why-webinar-block__item-description d-none d-lg-block\"><\/p>\n            <\/li>\n                      <li class=\"section-why-webinar-block__item col-12 col-lg-6 mb-p-18 mb-p-lg-30\">\n              <div class=\"d-flex mb-p-0 mb-p-lg-10 d-flex align-items-start\">\n                <img decoding=\"async\" src=\"https:\/\/alterdata.com\/wp-content\/themes\/alterdata-theme\/src\/images\/blocks\/section-why-webinar-block\/tick_circle_ico.svg\" class=\"mr-p-15 img-fluid\" alt=\"Icon tick\">\n                <h3 class=\"section-why-webinar-block__item-title\">Jak planowa\u0107 strategi\u0119 i skalowa\u0107 platform\u0119 danych etapami<\/h3>\n              <\/div>\n              <p class=\"section-why-webinar-block__item-description d-none d-lg-block\"><\/p>\n            <\/li>\n                  <\/ul>\n      <\/div>\n\n    <\/div>\n  <\/div>\n<\/div>","protected":false},"excerpt":{"rendered":"","protected":false},"author":4,"featured_media":0,"parent":0,"menu_order":0,"comment_status":"closed","ping_status":"closed","template":"","meta":{"_acf_changed":false,"footnotes":""},"class_list":["post-4565","page","type-page","status-publish","hentry"],"acf":[],"_links":{"self":[{"href":"https:\/\/alterdata.com\/pl\/wp-json\/wp\/v2\/pages\/4565","targetHints":{"allow":["GET"]}}],"collection":[{"href":"https:\/\/alterdata.com\/pl\/wp-json\/wp\/v2\/pages"}],"about":[{"href":"https:\/\/alterdata.com\/pl\/wp-json\/wp\/v2\/types\/page"}],"author":[{"embeddable":true,"href":"https:\/\/alterdata.com\/pl\/wp-json\/wp\/v2\/users\/4"}],"replies":[{"embeddable":true,"href":"https:\/\/alterdata.com\/pl\/wp-json\/wp\/v2\/comments?post=4565"}],"version-history":[{"count":8,"href":"https:\/\/alterdata.com\/pl\/wp-json\/wp\/v2\/pages\/4565\/revisions"}],"predecessor-version":[{"id":8737,"href":"https:\/\/alterdata.com\/pl\/wp-json\/wp\/v2\/pages\/4565\/revisions\/8737"}],"wp:attachment":[{"href":"https:\/\/alterdata.com\/pl\/wp-json\/wp\/v2\/media?parent=4565"}],"curies":[{"name":"wp","href":"https:\/\/api.w.org\/{rel}","templated":true}]}}