{"id":4559,"date":"2025-04-22T11:42:41","date_gmt":"2025-04-22T09:42:41","guid":{"rendered":"https:\/\/alterdata.com\/?page_id=4559"},"modified":"2026-01-28T06:56:34","modified_gmt":"2026-01-28T05:56:34","slug":"nagranie-jak-dobrac-narzedzia-do-integracji-danych-kluczowe-decyzje-w-chmurze","status":"publish","type":"page","link":"https:\/\/alterdata.com\/pl\/nagranie-jak-dobrac-narzedzia-do-integracji-danych-kluczowe-decyzje-w-chmurze\/","title":{"rendered":"Nagranie: Jak dobra\u0107 narz\u0119dzia do integracji danych &#8211; kluczowe decyzje w chmurze"},"content":{"rendered":"<div class=\"section-dashboard-demo-block \"\n                  style=\"--section-dashboard-demo-block-background-color: transparent;\"\n                >\n  <div class=\"container\">\n    <div class=\"row pt-p-48 pb-p-60 pt-p-lg-50 pb-p-lg-120\">\n      <div class=\"col\">\n        <p class=\"section-dashboard-demo-block__description text-lg-center mb-p-24 mb-p-lg-30\">Biznes oparty o dane 1-2.04.2025<\/p>\n        <h2 class=\"section-dashboard-demo-block__title text-lg-center mb-p-40 mb-p-lg-70\">Jak dobra\u0107 narz\u0119dzia do integracji danych <br> Adam Symerewicz, Alterdata<\/h2>\n        <div class=\"section-dashboard-demo-block__iframe text-center\">\n          <iframe loading=\"lazy\" width=\"1200\" height=\"665\" src=\"https:\/\/www.youtube.com\/embed\/A9g-1PxksF0?si=ncUh8YPzUelj05No\" title=\"YouTube video player\" frameborder=\"0\" allow=\"accelerometer; autoplay; clipboard-write; encrypted-media; gyroscope; picture-in-picture; web-share\" referrerpolicy=\"strict-origin-when-cross-origin\" allowfullscreen><\/iframe>\n        <\/div>\n      <\/div>\n    <\/div>\n  <\/div>\n<\/div>\n\n<div class=\"section-why-webinar-block \"\n                  style=\"--section-why-webinar-block-background-color: transparent;\"\n                >\n  <div class=\"container\">\n    <div class=\"section-why-webinar-block__content row py-p-60 py-p-lg-70\">\n      <div class=\"col-12\">\n        <h2 class=\"section-why-webinar-block__title text-lg-center mb-p-40 mb-p-lg-60\">Z tego nagrania dowiesz si\u0119:<\/h2>\n      <\/div>\n      <div class=\"col-12\">\n        <ul class=\"section-why-webinar-block__list row\">\n                      <li class=\"section-why-webinar-block__item col-12 col-lg-6 mb-p-18 mb-p-lg-30\">\n              <div class=\"d-flex mb-p-0 mb-p-lg-10 d-flex align-items-start\">\n                <img decoding=\"async\" src=\"https:\/\/alterdata.com\/wp-content\/themes\/alterdata-theme\/src\/images\/blocks\/section-why-webinar-block\/tick_circle_ico.svg\" class=\"mr-p-15 img-fluid\" alt=\"Icon tick\">\n                <h3 class=\"section-why-webinar-block__item-title\">Kiedy zdecydowa\u0107 si\u0119 na rozwi\u0105zania serverless, a kiedy na podej\u015bcie tradycyjne<\/h3>\n              <\/div>\n              <p class=\"section-why-webinar-block__item-description d-none d-lg-block\"><\/p>\n            <\/li>\n                      <li class=\"section-why-webinar-block__item col-12 col-lg-6 mb-p-18 mb-p-lg-30\">\n              <div class=\"d-flex mb-p-0 mb-p-lg-10 d-flex align-items-start\">\n                <img decoding=\"async\" src=\"https:\/\/alterdata.com\/wp-content\/themes\/alterdata-theme\/src\/images\/blocks\/section-why-webinar-block\/tick_circle_ico.svg\" class=\"mr-p-15 img-fluid\" alt=\"Icon tick\">\n                <h3 class=\"section-why-webinar-block__item-title\">Jakie pytania zada\u0107 przed wdro\u017ceniem narz\u0119dzi integracyjnych<\/h3>\n              <\/div>\n              <p class=\"section-why-webinar-block__item-description d-none d-lg-block\"><\/p>\n            <\/li>\n                      <li class=\"section-why-webinar-block__item col-12 col-lg-6 mb-p-18 mb-p-lg-30\">\n              <div class=\"d-flex mb-p-0 mb-p-lg-10 d-flex align-items-start\">\n                <img decoding=\"async\" src=\"https:\/\/alterdata.com\/wp-content\/themes\/alterdata-theme\/src\/images\/blocks\/section-why-webinar-block\/tick_circle_ico.svg\" class=\"mr-p-15 img-fluid\" alt=\"Icon tick\">\n                <h3 class=\"section-why-webinar-block__item-title\">Jak efektywnie por\u00f3wna\u0107 dost\u0119pne rozwi\u0105zania ETL\/ELT<\/h3>\n              <\/div>\n              <p class=\"section-why-webinar-block__item-description d-none d-lg-block\"><\/p>\n            <\/li>\n                      <li class=\"section-why-webinar-block__item col-12 col-lg-6 mb-p-18 mb-p-lg-30\">\n              <div class=\"d-flex mb-p-0 mb-p-lg-10 d-flex align-items-start\">\n                <img decoding=\"async\" src=\"https:\/\/alterdata.com\/wp-content\/themes\/alterdata-theme\/src\/images\/blocks\/section-why-webinar-block\/tick_circle_ico.svg\" class=\"mr-p-15 img-fluid\" alt=\"Icon tick\">\n                <h3 class=\"section-why-webinar-block__item-title\">Jak integracja danych wp\u0142ywa na reszt\u0119 Twojej architektury chmurowej<\/h3>\n              <\/div>\n              <p class=\"section-why-webinar-block__item-description d-none d-lg-block\"><\/p>\n            <\/li>\n                  <\/ul>\n      <\/div>\n\n    <\/div>\n  <\/div>\n<\/div>","protected":false},"excerpt":{"rendered":"","protected":false},"author":4,"featured_media":0,"parent":0,"menu_order":0,"comment_status":"closed","ping_status":"closed","template":"","meta":{"_acf_changed":false,"footnotes":""},"class_list":["post-4559","page","type-page","status-publish","hentry"],"acf":[],"_links":{"self":[{"href":"https:\/\/alterdata.com\/pl\/wp-json\/wp\/v2\/pages\/4559","targetHints":{"allow":["GET"]}}],"collection":[{"href":"https:\/\/alterdata.com\/pl\/wp-json\/wp\/v2\/pages"}],"about":[{"href":"https:\/\/alterdata.com\/pl\/wp-json\/wp\/v2\/types\/page"}],"author":[{"embeddable":true,"href":"https:\/\/alterdata.com\/pl\/wp-json\/wp\/v2\/users\/4"}],"replies":[{"embeddable":true,"href":"https:\/\/alterdata.com\/pl\/wp-json\/wp\/v2\/comments?post=4559"}],"version-history":[{"count":6,"href":"https:\/\/alterdata.com\/pl\/wp-json\/wp\/v2\/pages\/4559\/revisions"}],"predecessor-version":[{"id":8735,"href":"https:\/\/alterdata.com\/pl\/wp-json\/wp\/v2\/pages\/4559\/revisions\/8735"}],"wp:attachment":[{"href":"https:\/\/alterdata.com\/pl\/wp-json\/wp\/v2\/media?parent=4559"}],"curies":[{"name":"wp","href":"https:\/\/api.w.org\/{rel}","templated":true}]}}