{"id":4555,"date":"2025-04-22T11:50:17","date_gmt":"2025-04-22T09:50:17","guid":{"rendered":"https:\/\/alterdata.com\/?page_id=4555"},"modified":"2026-01-28T07:06:19","modified_gmt":"2026-01-28T06:06:19","slug":"nagranie-architektura-danych-przyszlosci-jak-wykorzystac-potencjal-wielu-chmur","status":"publish","type":"page","link":"https:\/\/alterdata.com\/pl\/nagranie-architektura-danych-przyszlosci-jak-wykorzystac-potencjal-wielu-chmur\/","title":{"rendered":"Nagranie: Architektura danych przysz\u0142o\u015bci \u2013 jak wykorzysta\u0107 potencja\u0142 wielu chmur"},"content":{"rendered":"<div class=\"section-dashboard-demo-block \"\n                  style=\"--section-dashboard-demo-block-background-color: transparent;\"\n                >\n  <div class=\"container\">\n    <div class=\"row pt-p-48 pb-p-60 pt-p-lg-50 pb-p-lg-120\">\n      <div class=\"col\">\n        <p class=\"section-dashboard-demo-block__description text-lg-center mb-p-24 mb-p-lg-30\">Biznes oparty o dane 1-2.04.2025<\/p>\n        <h2 class=\"section-dashboard-demo-block__title text-lg-center mb-p-40 mb-p-lg-70\"> Architektura danych przysz\u0142o\u015bci: jak wykorzysta\u0107 potencja\u0142 wielu chmur \u2013 S\u0142awomir Mytych<\/h2>\n        <div class=\"section-dashboard-demo-block__iframe text-center\">\n          <iframe loading=\"lazy\" width=\"1200\" height=\"665\" src=\"https:\/\/www.youtube.com\/embed\/uDEm6mk86u4?si=ym1s_cLf3wtIlznj\"YouTube video player\" frameborder=\"0\" allow=\"accelerometer; autoplay; clipboard-write; encrypted-media; gyroscope; picture-in-picture; web-share\" referrerpolicy=\"strict-origin-when-cross-origin\" allowfullscreen><\/iframe>\n        <\/div>\n      <\/div>\n    <\/div>\n  <\/div>\n<\/div>\n\n\n<p><\/p>\n","protected":false},"excerpt":{"rendered":"","protected":false},"author":4,"featured_media":0,"parent":0,"menu_order":0,"comment_status":"closed","ping_status":"closed","template":"","meta":{"_acf_changed":false,"footnotes":""},"class_list":["post-4555","page","type-page","status-publish","hentry"],"acf":[],"_links":{"self":[{"href":"https:\/\/alterdata.com\/pl\/wp-json\/wp\/v2\/pages\/4555","targetHints":{"allow":["GET"]}}],"collection":[{"href":"https:\/\/alterdata.com\/pl\/wp-json\/wp\/v2\/pages"}],"about":[{"href":"https:\/\/alterdata.com\/pl\/wp-json\/wp\/v2\/types\/page"}],"author":[{"embeddable":true,"href":"https:\/\/alterdata.com\/pl\/wp-json\/wp\/v2\/users\/4"}],"replies":[{"embeddable":true,"href":"https:\/\/alterdata.com\/pl\/wp-json\/wp\/v2\/comments?post=4555"}],"version-history":[{"count":10,"href":"https:\/\/alterdata.com\/pl\/wp-json\/wp\/v2\/pages\/4555\/revisions"}],"predecessor-version":[{"id":9954,"href":"https:\/\/alterdata.com\/pl\/wp-json\/wp\/v2\/pages\/4555\/revisions\/9954"}],"wp:attachment":[{"href":"https:\/\/alterdata.com\/pl\/wp-json\/wp\/v2\/media?parent=4555"}],"curies":[{"name":"wp","href":"https:\/\/api.w.org\/{rel}","templated":true}]}}