{"id":4484,"date":"2025-04-15T14:17:09","date_gmt":"2025-04-15T12:17:09","guid":{"rendered":"https:\/\/alterdata.com\/?page_id=4484"},"modified":"2025-07-29T12:44:25","modified_gmt":"2025-07-29T10:44:25","slug":"gen-ai-opinie-demo","status":"publish","type":"page","link":"https:\/\/alterdata.com\/pl\/gen-ai-opinie-demo\/","title":{"rendered":"Gen AI do analizy opinii klient\u00f3w (DEMO)"},"content":{"rendered":"<div class=\"section-dashboard-demo-block \"\n                  style=\"--section-dashboard-demo-block-background-color: transparent;\"\n                >\n  <div class=\"container\">\n    <div class=\"row pt-p-48 pb-p-60 pt-p-lg-50 pb-p-lg-120\">\n      <div class=\"col\">\n        <p class=\"section-dashboard-demo-block__description text-lg-center mb-p-24 mb-p-lg-30\">Gen AI do analizy opinii klient\u00f3w<\/p>\n        <h2 class=\"section-dashboard-demo-block__title text-lg-center mb-p-40 mb-p-lg-70\">Sprawd\u017a nasze demo<\/h2>\n        <div class=\"section-dashboard-demo-block__iframe text-center\">\n          <center><iframe loading=\"lazy\" width=\"1300\" height=\"1000\" src=\"https:\/\/lookerstudio.google.com\/embed\/reporting\/34ad784f-706a-46f1-9d81-762a19cde219\/page\/iQbKE\" frameborder=\"0\" style=\"border:0\" allowfullscreen sandbox=\"allow-storage-access-by-user-activation allow-scripts allow-same-origin allow-popups allow-popups-to-escape-sandbox\"><\/iframe><\/center>\n        <\/div>\n      <\/div>\n    <\/div>\n  <\/div>\n<\/div>\n\n<div class=\"section-bottom-hero-block \"\n                  style=\"--section-bottom-hero-block-background-color: transparent;\"\n                >\n  <div class=\"container\">\n    <div class=\"row\">\n      <div class=\"col\">\n        <div class=\"section-bottom-hero-block__inner\">\n          <div class=\"section-bottom-hero-block__content pt-p-60 mb-p-60 pt-p-lg-90 mb-p-lg-90 d-flex justify-content-center flex-column align-items-center text-center\">\n            <h2 class=\"section-bottom-hero-block__title mb-p-24\">Odkryj, jak dane poprawiaj\u0105 wydajno\u015b\u0107<\/h2>\n            <p class=\"section-bottom-hero-block__description mb-p-32 mb-p-lg-48\">Pomagamy przekszta\u0142ci\u0107 dane w strategiczny zas\u00f3b organizacji, kt\u00f3ry wspiera lepsze decyzje,u2028szybki rozw\u00f3j i pomaga wypracowa\u0107 przewag\u0119 konkurencyjn\u0105.<\/p>\n            <a href=\"https:\/\/alterdata.com\/pl\/kontakt\/\" class=\"section-bottom-hero-block__button px-p-51 py-p-15\">Porozmawiajmy<\/a>\n          <\/div>\n        <\/div>\n      <\/div>\n    <\/div>\n  <\/div>\n<\/div>","protected":false},"excerpt":{"rendered":"","protected":false},"author":4,"featured_media":0,"parent":0,"menu_order":0,"comment_status":"closed","ping_status":"closed","template":"","meta":{"_acf_changed":false,"footnotes":""},"class_list":["post-4484","page","type-page","status-publish","hentry"],"acf":[],"_links":{"self":[{"href":"https:\/\/alterdata.com\/pl\/wp-json\/wp\/v2\/pages\/4484","targetHints":{"allow":["GET"]}}],"collection":[{"href":"https:\/\/alterdata.com\/pl\/wp-json\/wp\/v2\/pages"}],"about":[{"href":"https:\/\/alterdata.com\/pl\/wp-json\/wp\/v2\/types\/page"}],"author":[{"embeddable":true,"href":"https:\/\/alterdata.com\/pl\/wp-json\/wp\/v2\/users\/4"}],"replies":[{"embeddable":true,"href":"https:\/\/alterdata.com\/pl\/wp-json\/wp\/v2\/comments?post=4484"}],"version-history":[{"count":5,"href":"https:\/\/alterdata.com\/pl\/wp-json\/wp\/v2\/pages\/4484\/revisions"}],"predecessor-version":[{"id":6983,"href":"https:\/\/alterdata.com\/pl\/wp-json\/wp\/v2\/pages\/4484\/revisions\/6983"}],"wp:attachment":[{"href":"https:\/\/alterdata.com\/pl\/wp-json\/wp\/v2\/media?parent=4484"}],"curies":[{"name":"wp","href":"https:\/\/api.w.org\/{rel}","templated":true}]}}