{"id":4287,"date":"2025-04-08T12:55:22","date_gmt":"2025-04-08T10:55:22","guid":{"rendered":"https:\/\/alterdata.com\/?page_id=4287"},"modified":"2026-02-13T14:33:54","modified_gmt":"2026-02-13T13:33:54","slug":"ebook-ai-ml-healthcare","status":"publish","type":"page","link":"https:\/\/alterdata.com\/pl\/ebook-ai-ml-healthcare\/","title":{"rendered":"Ebook: Rozwi\u0105zania AI dla bran\u017cy medycznej"},"content":{"rendered":"<div class=\"section-webinar-form-block \"\n                  style=\"--section-webinar-form-block-background-color: transparent;\"\n                          id=\"pobierz\"\n        >\n  <div class=\"container py-p-48 pt-p-lg-90 mb-p-lg-40\">\n    <div class=\"row\">\n      <div class=\"col-12 col-lg-6\">\n        <p class=\"section-webinar-form-block__prefix-title mb-p-32 mb-p-lg-60\"><h1>Rozwi\u0105zania AI &#038; ML dla bran\u017cy Healthcare<\/h1><\/p>\n        <h2 class=\"section-webinar-form-block__title mb-p-40\"><br>Zobacz, jak AI rewolucjonizuje medycyn\u0119, jakie wyzwania stoj\u0105 przed plac\u00f3wkami i jak skutecznie mo\u017cna je pokona\u0107 dzi\u0119ki nowoczesnym rozwi\u0105zaniom.<\/h2>\n        <img decoding=\"async\" src=\"https:\/\/alterdata.com\/wp-content\/uploads\/2025\/04\/alter-1-1-1.png\" class=\"section-webinar-form-block__image img-fluid\" alt=\"Alterdata\">\n      <\/div>\n      <div class=\"col-12 col-lg-5 offset-lg-1\">\n        <div class=\"section-webinar-form-block__form py-p-24 px-p-24 py-p-lg-48 px-p-lg-48\">\n          \n<div class=\"wpcf7 no-js\" id=\"wpcf7-f4336-o1\" lang=\"pl-PL\" dir=\"ltr\" data-wpcf7-id=\"4336\">\n<div class=\"screen-reader-response\"><p role=\"status\" aria-live=\"polite\" aria-atomic=\"true\"><\/p> <ul><\/ul><\/div>\n<form action=\"\/pl\/wp-json\/wp\/v2\/pages\/4287#wpcf7-f4336-o1\" method=\"post\" class=\"wpcf7-form init\" aria-label=\"Formularz kontaktowy\" novalidate=\"novalidate\" data-status=\"init\">\n<fieldset class=\"hidden-fields-container\"><input type=\"hidden\" name=\"_wpcf7\" value=\"4336\" \/><input type=\"hidden\" name=\"_wpcf7_version\" value=\"6.1.5\" \/><input type=\"hidden\" name=\"_wpcf7_locale\" value=\"pl_PL\" \/><input type=\"hidden\" name=\"_wpcf7_unit_tag\" value=\"wpcf7-f4336-o1\" \/><input type=\"hidden\" name=\"_wpcf7_container_post\" value=\"0\" \/><input type=\"hidden\" name=\"_wpcf7_posted_data_hash\" value=\"\" \/><input type=\"hidden\" name=\"_wpcf7_recaptcha_response\" value=\"\" \/>\n<\/fieldset>\n<label>\n  <span>Imi\u0119 <span class=\"red-dot\">*<\/span><\/span>\n  <span class=\"wpcf7-form-control-wrap\" data-name=\"your-name\"><input size=\"40\" maxlength=\"400\" class=\"wpcf7-form-control wpcf7-text wpcf7-validates-as-required\" autocomplete=\"name\" aria-required=\"true\" aria-invalid=\"false\" placeholder=\"Imi\u0119\" value=\"\" type=\"text\" name=\"your-name\" \/><\/span>\n<\/label>\n\n<label>\n  <span>E-mail <span class=\"red-dot\">*<\/span><\/span>\n  <span class=\"wpcf7-form-control-wrap\" data-name=\"your-email\"><input size=\"40\" maxlength=\"400\" class=\"wpcf7-form-control wpcf7-email wpcf7-validates-as-required wpcf7-text wpcf7-validates-as-email\" autocomplete=\"email\" aria-required=\"true\" aria-invalid=\"false\" placeholder=\"E-mail\" value=\"\" type=\"email\" name=\"your-email\" \/><\/span>\n<\/label>\n\n<label class=\"acceptance\">\n  <span class=\"wpcf7-form-control-wrap\" data-name=\"accept-terms\"><span class=\"wpcf7-form-control wpcf7-acceptance\"><span class=\"wpcf7-list-item\"><label><input type=\"checkbox\" name=\"accept-terms\" value=\"1\" aria-invalid=\"false\" \/><span class=\"wpcf7-list-item-label\">Zapozna\u0142am\/-em si\u0119 z <a href=\"https:\/\/alterdata.com\/pl\/polityka-prywatnosci\/\" target=\"_blank\" rel=\"noopener noreferrer\">Regulaminem<\/a> i akceptuj\u0119 postanowienia w nim zawarte. <span class=\"red-dot\">*<\/span><\/span><\/label><\/span><\/span><\/span>\n<\/label>\n\n\n<label class=\"acceptance\">\n  <span class=\"wpcf7-form-control-wrap\" data-name=\"accept-marketing\"><span class=\"wpcf7-form-control wpcf7-acceptance optional\"><span class=\"wpcf7-list-item\"><label><input type=\"checkbox\" name=\"accept-marketing\" value=\"1\" aria-invalid=\"false\" \/><span class=\"wpcf7-list-item-label\">Wyra\u017cam zgod\u0119 na otrzymywanie komunikacji marketingowej od Alterdata.<\/span><\/label><\/span><\/span><\/span>\n<\/label>\n\n<span class=\"info\"><span class=\"red-dot\">*<\/span> <span style=\"color:#383840;\">Pole obowi\u0105zkowe<\/span><\/span>\n\n<input class=\"wpcf7-form-control wpcf7-hidden\" value=\"2025_landing_healthcare_ebook\" type=\"hidden\" name=\"form-name\" \/>\n\n<input class=\"wpcf7-form-control wpcf7-submit has-spinner\" type=\"submit\" value=\"Otrzymaj e-book na maila\" \/><div class=\"wpcf7-response-output\" aria-hidden=\"true\"><\/div>\n<\/form>\n<\/div>\n\n        <\/div>\n      <\/div>\n    <\/div>\n  <\/div>\n<\/div>\n\n<div class=\"section-why-webinar-block \"\n                  style=\"--section-why-webinar-block-background-color: transparent;\"\n                >\n  <div class=\"container\">\n    <div class=\"section-why-webinar-block__content row py-p-60 py-p-lg-70\">\n      <div class=\"col-12\">\n        <h2 class=\"section-why-webinar-block__title text-lg-center mb-p-40 mb-p-lg-60\">Wyzwania bran\u017cy medycznej, <br>kt\u00f3re eliminujemy dzi\u0119ki AI<\/h2>\n      <\/div>\n      <div class=\"col-12\">\n        <ul class=\"section-why-webinar-block__list row\">\n                      <li class=\"section-why-webinar-block__item col-12 col-lg-6 mb-p-18 mb-p-lg-30\">\n              <div class=\"d-flex mb-p-0 mb-p-lg-10 d-flex align-items-start\">\n                <img decoding=\"async\" src=\"https:\/\/alterdata.com\/wp-content\/themes\/alterdata-theme\/src\/images\/blocks\/section-why-webinar-block\/tick_circle_ico.svg\" class=\"mr-p-15 img-fluid\" alt=\"Icon tick\">\n                <h3 class=\"section-why-webinar-block__item-title\">Dane, kt\u00f3re nie wspieraj\u0105 decyzji<\/h3>\n              <\/div>\n              <p class=\"section-why-webinar-block__item-description d-none d-lg-block\">Rozproszone \u017ar\u00f3d\u0142a informacji i brak sp\u00f3jnej analizy sprawiaj\u0105, \u017ce dane nie przek\u0142adaj\u0105 si\u0119 na trafne decyzje strategiczne i operacyjne.<\/p>\n            <\/li>\n                      <li class=\"section-why-webinar-block__item col-12 col-lg-6 mb-p-18 mb-p-lg-30\">\n              <div class=\"d-flex mb-p-0 mb-p-lg-10 d-flex align-items-start\">\n                <img decoding=\"async\" src=\"https:\/\/alterdata.com\/wp-content\/themes\/alterdata-theme\/src\/images\/blocks\/section-why-webinar-block\/tick_circle_ico.svg\" class=\"mr-p-15 img-fluid\" alt=\"Icon tick\">\n                <h3 class=\"section-why-webinar-block__item-title\">Zbyt wolna reakcja operacyjna<\/h3>\n              <\/div>\n              <p class=\"section-why-webinar-block__item-description d-none d-lg-block\">Brak dost\u0119pu do aktualnych danych w czasie rzeczywistym spowalnia zarz\u0105dzanie zasobami, personelem i obci\u0105\u017ceniem plac\u00f3wek.<\/p>\n            <\/li>\n                      <li class=\"section-why-webinar-block__item col-12 col-lg-6 mb-p-18 mb-p-lg-30\">\n              <div class=\"d-flex mb-p-0 mb-p-lg-10 d-flex align-items-start\">\n                <img decoding=\"async\" src=\"https:\/\/alterdata.com\/wp-content\/themes\/alterdata-theme\/src\/images\/blocks\/section-why-webinar-block\/tick_circle_ico.svg\" class=\"mr-p-15 img-fluid\" alt=\"Icon tick\">\n                <h3 class=\"section-why-webinar-block__item-title\">Raportowanie bez realnej warto\u015bci predykcyjnej<\/h3>\n              <\/div>\n              <p class=\"section-why-webinar-block__item-description d-none d-lg-block\">Statyczne raporty nie pozwalaj\u0105 identyfikowa\u0107 ryzyk i optymalizowa\u0107 dzia\u0142a\u0144. Potrzebne s\u0105 narz\u0119dzia predykcyjne i automatyczna analiza anomalii.<\/p>\n            <\/li>\n                      <li class=\"section-why-webinar-block__item col-12 col-lg-6 mb-p-18 mb-p-lg-30\">\n              <div class=\"d-flex mb-p-0 mb-p-lg-10 d-flex align-items-start\">\n                <img decoding=\"async\" src=\"https:\/\/alterdata.com\/wp-content\/themes\/alterdata-theme\/src\/images\/blocks\/section-why-webinar-block\/tick_circle_ico.svg\" class=\"mr-p-15 img-fluid\" alt=\"Icon tick\">\n                <h3 class=\"section-why-webinar-block__item-title\">Presja koszt\u00f3w i regulacji<\/h3>\n              <\/div>\n              <p class=\"section-why-webinar-block__item-description d-none d-lg-block\">Wysokie wymagania compliance i rosn\u0105ce koszty operacyjne ograniczaj\u0105 rozw\u00f3j \u2013 bez technologii trudno je pogodzi\u0107 z efektywno\u015bci\u0105 dzia\u0142ania.<\/p>\n            <\/li>\n                  <\/ul>\n      <\/div>\n\n    <\/div>\n  <\/div>\n<\/div>\n\n\n<p><\/p>\n","protected":false},"excerpt":{"rendered":"","protected":false},"author":4,"featured_media":0,"parent":0,"menu_order":0,"comment_status":"closed","ping_status":"closed","template":"","meta":{"_acf_changed":false,"footnotes":""},"class_list":["post-4287","page","type-page","status-publish","hentry"],"acf":[],"_links":{"self":[{"href":"https:\/\/alterdata.com\/pl\/wp-json\/wp\/v2\/pages\/4287","targetHints":{"allow":["GET"]}}],"collection":[{"href":"https:\/\/alterdata.com\/pl\/wp-json\/wp\/v2\/pages"}],"about":[{"href":"https:\/\/alterdata.com\/pl\/wp-json\/wp\/v2\/types\/page"}],"author":[{"embeddable":true,"href":"https:\/\/alterdata.com\/pl\/wp-json\/wp\/v2\/users\/4"}],"replies":[{"embeddable":true,"href":"https:\/\/alterdata.com\/pl\/wp-json\/wp\/v2\/comments?post=4287"}],"version-history":[{"count":31,"href":"https:\/\/alterdata.com\/pl\/wp-json\/wp\/v2\/pages\/4287\/revisions"}],"predecessor-version":[{"id":10524,"href":"https:\/\/alterdata.com\/pl\/wp-json\/wp\/v2\/pages\/4287\/revisions\/10524"}],"wp:attachment":[{"href":"https:\/\/alterdata.com\/pl\/wp-json\/wp\/v2\/media?parent=4287"}],"curies":[{"name":"wp","href":"https:\/\/api.w.org\/{rel}","templated":true}]}}