{"id":3246,"date":"2025-02-12T10:34:41","date_gmt":"2025-02-12T09:34:41","guid":{"rendered":"https:\/\/alterdata.com\/?page_id=3246"},"modified":"2025-11-26T10:15:55","modified_gmt":"2025-11-26T09:15:55","slug":"nagranie-migracja-do-chmury-case-study-tylko","status":"publish","type":"page","link":"https:\/\/alterdata.com\/pl\/nagranie-migracja-do-chmury-case-study-tylko\/","title":{"rendered":"Nagranie: Migracja do chmury: Case Study Tylko.com"},"content":{"rendered":"<div class=\"section-dashboard-demo-block \"\n                  style=\"--section-dashboard-demo-block-background-color: transparent;\"\n                >\n  <div class=\"container\">\n    <div class=\"row pt-p-48 pb-p-60 pt-p-lg-50 pb-p-lg-120\">\n      <div class=\"col\">\n        <p class=\"section-dashboard-demo-block__description text-lg-center mb-p-24 mb-p-lg-30\">Biznes oparty o dane: Inspiracje <\/p>\n        <h2 class=\"section-dashboard-demo-block__title text-lg-center mb-p-40 mb-p-lg-70\">Migracja do Chmury: Od Startupu do \u015aredniej Wielko\u015bci Firmy <br> Wojciech Skrabalak, Tylko<\/h2>\n        <div class=\"section-dashboard-demo-block__iframe text-center\">\n          <iframe loading=\"lazy\" width=\"1200\" height=\"665\" src=\"https:\/\/www.youtube.com\/embed\/cdzWLeimKfk?si=rR1RjX9ynSbfnh_V\" title=\"YouTube video player\" frameborder=\"0\" allow=\"accelerometer; autoplay; clipboard-write; encrypted-media; gyroscope; picture-in-picture; web-share\" referrerpolicy=\"strict-origin-when-cross-origin\" allowfullscreen><\/iframe>\n        <\/div>\n      <\/div>\n    <\/div>\n  <\/div>\n<\/div>\n\n<div class=\"section-why-webinar-block \"\n                  style=\"--section-why-webinar-block-background-color: transparent;\"\n                >\n  <div class=\"container\">\n    <div class=\"section-why-webinar-block__content row py-p-60 py-p-lg-70\">\n      <div class=\"col-12\">\n        <h2 class=\"section-why-webinar-block__title text-lg-center mb-p-40 mb-p-lg-60\">Z tego nagrania dowiesz si\u0119:<\/h2>\n      <\/div>\n      <div class=\"col-12\">\n        <ul class=\"section-why-webinar-block__list row\">\n                      <li class=\"section-why-webinar-block__item col-12 col-lg-6 mb-p-18 mb-p-lg-30\">\n              <div class=\"d-flex mb-p-0 mb-p-lg-10 d-flex align-items-start\">\n                <img decoding=\"async\" src=\"https:\/\/alterdata.com\/wp-content\/themes\/alterdata-theme\/src\/images\/blocks\/section-why-webinar-block\/tick_circle_ico.svg\" class=\"mr-p-15 img-fluid\" alt=\"Icon tick\">\n                <h3 class=\"section-why-webinar-block__item-title\">Jakie korzy\u015bci daje migracja firmy do chmury?<\/h3>\n              <\/div>\n              <p class=\"section-why-webinar-block__item-description d-none d-lg-block\"><\/p>\n            <\/li>\n                      <li class=\"section-why-webinar-block__item col-12 col-lg-6 mb-p-18 mb-p-lg-30\">\n              <div class=\"d-flex mb-p-0 mb-p-lg-10 d-flex align-items-start\">\n                <img decoding=\"async\" src=\"https:\/\/alterdata.com\/wp-content\/themes\/alterdata-theme\/src\/images\/blocks\/section-why-webinar-block\/tick_circle_ico.svg\" class=\"mr-p-15 img-fluid\" alt=\"Icon tick\">\n                <h3 class=\"section-why-webinar-block__item-title\">Jak zapewni\u0107 wysok\u0105 jako\u015b\u0107 i sp\u00f3jno\u015b\u0107 danych w chmurze?<\/h3>\n              <\/div>\n              <p class=\"section-why-webinar-block__item-description d-none d-lg-block\"><\/p>\n            <\/li>\n                      <li class=\"section-why-webinar-block__item col-12 col-lg-6 mb-p-18 mb-p-lg-30\">\n              <div class=\"d-flex mb-p-0 mb-p-lg-10 d-flex align-items-start\">\n                <img decoding=\"async\" src=\"https:\/\/alterdata.com\/wp-content\/themes\/alterdata-theme\/src\/images\/blocks\/section-why-webinar-block\/tick_circle_ico.svg\" class=\"mr-p-15 img-fluid\" alt=\"Icon tick\">\n                <h3 class=\"section-why-webinar-block__item-title\">Jakie wyzwania czekaj\u0105 firmy podczas przej\u015bcia na chmur\u0119?<\/h3>\n              <\/div>\n              <p class=\"section-why-webinar-block__item-description d-none d-lg-block\"><\/p>\n            <\/li>\n                      <li class=\"section-why-webinar-block__item col-12 col-lg-6 mb-p-18 mb-p-lg-30\">\n              <div class=\"d-flex mb-p-0 mb-p-lg-10 d-flex align-items-start\">\n                <img decoding=\"async\" src=\"https:\/\/alterdata.com\/wp-content\/themes\/alterdata-theme\/src\/images\/blocks\/section-why-webinar-block\/tick_circle_ico.svg\" class=\"mr-p-15 img-fluid\" alt=\"Icon tick\">\n                <h3 class=\"section-why-webinar-block__item-title\">Jakie narz\u0119dzia Google Cloud pomagaj\u0105 w optymalizacji proces\u00f3w developerskich?<\/h3>\n              <\/div>\n              <p class=\"section-why-webinar-block__item-description d-none d-lg-block\"><\/p>\n            <\/li>\n                  <\/ul>\n      <\/div>\n\n    <\/div>\n  <\/div>\n<\/div>","protected":false},"excerpt":{"rendered":"","protected":false},"author":4,"featured_media":0,"parent":0,"menu_order":0,"comment_status":"closed","ping_status":"closed","template":"","meta":{"_acf_changed":false,"footnotes":""},"class_list":["post-3246","page","type-page","status-publish","hentry"],"acf":[],"_links":{"self":[{"href":"https:\/\/alterdata.com\/pl\/wp-json\/wp\/v2\/pages\/3246","targetHints":{"allow":["GET"]}}],"collection":[{"href":"https:\/\/alterdata.com\/pl\/wp-json\/wp\/v2\/pages"}],"about":[{"href":"https:\/\/alterdata.com\/pl\/wp-json\/wp\/v2\/types\/page"}],"author":[{"embeddable":true,"href":"https:\/\/alterdata.com\/pl\/wp-json\/wp\/v2\/users\/4"}],"replies":[{"embeddable":true,"href":"https:\/\/alterdata.com\/pl\/wp-json\/wp\/v2\/comments?post=3246"}],"version-history":[{"count":6,"href":"https:\/\/alterdata.com\/pl\/wp-json\/wp\/v2\/pages\/3246\/revisions"}],"predecessor-version":[{"id":8831,"href":"https:\/\/alterdata.com\/pl\/wp-json\/wp\/v2\/pages\/3246\/revisions\/8831"}],"wp:attachment":[{"href":"https:\/\/alterdata.com\/pl\/wp-json\/wp\/v2\/media?parent=3246"}],"curies":[{"name":"wp","href":"https:\/\/api.w.org\/{rel}","templated":true}]}}