{"id":10682,"date":"2025-07-07T14:07:59","date_gmt":"2025-07-07T12:07:59","guid":{"rendered":"https:\/\/alterdata.com\/?page_id=10682"},"modified":"2026-05-06T12:16:32","modified_gmt":"2026-05-06T10:16:32","slug":"p2e-campaign-contact-form","status":"publish","type":"page","link":"https:\/\/alterdata.com\/pl\/p2e-campaign-contact-form\/","title":{"rendered":"P2E Campaign &#8211; Contact Form"},"content":{"rendered":"<div class=\"section-header-webinar-block \"\n                  style=\"--section-header-webinar-block-background-color: transparent;\"\n                >\n  <div class=\"container py-p-70 py-p-lg-55\">\n    <div class=\"row\">\n      <div class=\"col-12 col-lg-7 section-header-webinar-block__content pr-p-lg-49\">\n        <span class=\"section-header-webinar-block__date-title\">\n          Skontaktuj si\u0119!\n        <\/span>\n        <p class=\"section-header-webinar-block__date-time mb-p-32 mb-p-lg-60\"><\/p>\n        <h2 class=\"section-header-webinar-block__title mb-p-40 mb-p-lg-30\">Czy Tw\u00f3j system motywacyjny poch\u0142ania zyski, a Ty nawet tego nie zauwa\u017casz?<\/h2>\n        <p class=\"section-header-webinar-block__description d-none d-lg-block mb-p-lg-60\">Skorzystaj z bezp\u0142atnej oceny wydajno\u015bci przeprowadzonej przez nasz zesp\u00f3\u0142 ds. danych.<\/p>\n        <p class=\"section-header-webinar-block__cta-above mb-p-40 d-lg-none\"><\/p>\n        <p class=\"section-header-webinar-block__expert-intro d-none d-lg-block mb-p-lg-10\"><\/p>\n                  <div class=\"section-header-webinar-block__experts d-none d-lg-flex align-items-center row\">\n                          <div class=\"section-header-webinar-block__expert d-flex align-items-center mr-p-24 col-12 mb-p-20\">\n                                  <img decoding=\"async\" src=\"https:\/\/alterdata.com\/wp-content\/uploads\/2024\/12\/photo-4-2.png\" alt=\"Wojciech Szl\u0119zak\" class=\"section-header-webinar-block__expert-photo mr-p-16\">\n                                <p class=\"section-header-webinar-block__expert-name\">Wojciech Szl\u0119zak<\/p>\n                <p class=\"section-header-webinar-block__expert-title\">, Data Analysis &#038; Science Lead, Alterdata<\/p>\n              <\/div>\n                      <\/div>\n        \n      <\/div>\n      <div class=\"col-12 col-lg-5 section-header-webinar-block__form px-p-24 px-p-lg-48 py-p-48 mb-p-48 mb-p-lg-0\">\n        \n<div class=\"wpcf7 no-js\" id=\"wpcf7-f6125-o1\" lang=\"pl-PL\" dir=\"ltr\" data-wpcf7-id=\"6125\">\n<div class=\"screen-reader-response\"><p role=\"status\" aria-live=\"polite\" aria-atomic=\"true\"><\/p> <ul><\/ul><\/div>\n<form action=\"\/pl\/wp-json\/wp\/v2\/pages\/10682#wpcf7-f6125-o1\" method=\"post\" class=\"wpcf7-form init\" aria-label=\"Formularz kontaktowy\" novalidate=\"novalidate\" data-status=\"init\">\n<fieldset class=\"hidden-fields-container\"><input type=\"hidden\" name=\"_wpcf7\" value=\"6125\" \/><input type=\"hidden\" name=\"_wpcf7_version\" value=\"6.1.5\" \/><input type=\"hidden\" name=\"_wpcf7_locale\" value=\"pl_PL\" \/><input type=\"hidden\" name=\"_wpcf7_unit_tag\" value=\"wpcf7-f6125-o1\" \/><input type=\"hidden\" name=\"_wpcf7_container_post\" value=\"0\" \/><input type=\"hidden\" name=\"_wpcf7_posted_data_hash\" value=\"\" \/><input type=\"hidden\" name=\"_wpcf7_recaptcha_response\" value=\"\" \/>\n<\/fieldset>\n<label>\n  <span>Name <span class=\"red-dot\">*<\/span><\/span>\n  <span class=\"wpcf7-form-control-wrap\" data-name=\"your-name\"><input size=\"40\" maxlength=\"400\" class=\"wpcf7-form-control wpcf7-text wpcf7-validates-as-required\" autocomplete=\"name\" aria-required=\"true\" aria-invalid=\"false\" placeholder=\"Name\" value=\"\" type=\"text\" name=\"your-name\" \/><\/span>\n<\/label>\n\n<label>\n  <span>Last name <span class=\"red-dot\">*<\/span><\/span>\n  <span class=\"wpcf7-form-control-wrap\" data-name=\"your-last_name\"><input size=\"40\" maxlength=\"400\" class=\"wpcf7-form-control wpcf7-text wpcf7-validates-as-required\" autocomplete=\"name\" aria-required=\"true\" aria-invalid=\"false\" placeholder=\"Last name\" value=\"\" type=\"text\" name=\"your-last_name\" \/><\/span>\n<\/label>\n\n<label>\n  <span>E-mail <span class=\"red-dot\">*<\/span><\/span>\n  <span class=\"wpcf7-form-control-wrap\" data-name=\"your-email\"><input size=\"40\" maxlength=\"400\" class=\"wpcf7-form-control wpcf7-email wpcf7-validates-as-required wpcf7-text wpcf7-validates-as-email\" autocomplete=\"email\" aria-required=\"true\" aria-invalid=\"false\" placeholder=\"E-mail\" value=\"\" type=\"email\" name=\"your-email\" \/><\/span>\n<\/label>\n\n<label>\n  <span>Company <span class=\"red-dot\">*<\/span><\/span>\n  <span class=\"wpcf7-form-control-wrap\" data-name=\"your-company\"><input size=\"40\" maxlength=\"400\" class=\"wpcf7-form-control wpcf7-text wpcf7-validates-as-required\" autocomplete=\"company\" aria-required=\"true\" aria-invalid=\"false\" placeholder=\"Company\" value=\"\" type=\"text\" name=\"your-company\" \/><\/span>\n<\/label>\n\n<label class=\"acceptance\">\n\n  <span class=\"wpcf7-form-control-wrap\" data-name=\"accept-terms\"><span class=\"wpcf7-form-control wpcf7-acceptance\"><span class=\"wpcf7-list-item\"><label><input type=\"checkbox\" name=\"accept-terms\" value=\"1\" aria-invalid=\"false\" \/><span class=\"wpcf7-list-item-label\">I have read the Regulations and accept the provisions contained therein. <span class=\"red-dot\">*<\/span><\/span><\/label><\/span><\/span><\/span>\n<\/label>\n\n<label class=\"acceptance\">\n  <span class=\"wpcf7-form-control-wrap\" data-name=\"accept-marketing\"><span class=\"wpcf7-form-control wpcf7-acceptance optional\"><span class=\"wpcf7-list-item\"><label><input type=\"checkbox\" name=\"accept-marketing\" value=\"1\" aria-invalid=\"false\" \/><span class=\"wpcf7-list-item-label\">I agree to receive marketing communications from Alterdata.io.<\/span><\/label><\/span><\/span><\/span>\n<\/label>\n\n<span class=\"info\"><span class=\"red-dot\">*<\/span> <span style=\"color:#383840;\">Required<\/span><\/span>\n\n<input class=\"wpcf7-form-control wpcf7-hidden\" value=\"2025_campaign_P2E\" type=\"hidden\" name=\"form-name\" \/>\n\n<input class=\"wpcf7-form-control wpcf7-submit has-spinner\" type=\"submit\" value=\"Send form\" \/><div class=\"wpcf7-response-output\" aria-hidden=\"true\"><\/div>\n<\/form>\n<\/div>\n\n      <\/div>\n      <div class=\"col-12\">\n        <span class=\"section-header-webinar-block__cta-below d-lg-none\"><\/span>\n      <\/div>\n    <\/div>\n  <\/div>\n<\/div>\n\n<div class=\"section-why-webinar-block \"\n                  style=\"--section-why-webinar-block-background-color: transparent;\"\n                >\n  <div class=\"container\">\n    <div class=\"section-why-webinar-block__content row py-p-60 py-p-lg-70\">\n      <div class=\"col-12\">\n        <h2 class=\"section-why-webinar-block__title text-lg-center mb-p-40 mb-p-lg-60\">Porozmawiajmy o tym, jak mo\u017cemy pom\u00f3c Ci usprawni\u0107 system nagr\u00f3d i poprawi\u0107 wyniki w zakresie pozyskiwania u\u017cytkownik\u00f3w <br><h4><center>Oto, w jakich obszarach mo\u017cemy co\u015b zmieni\u0107:<\/center><h4><br><\/h2>\n      <\/div>\n      <div class=\"col-12\">\n        <ul class=\"section-why-webinar-block__list row\">\n                      <li class=\"section-why-webinar-block__item col-12 col-lg-6 mb-p-18 mb-p-lg-30\">\n              <div class=\"d-flex mb-p-0 mb-p-lg-10 d-flex align-items-start\">\n                <img decoding=\"async\" src=\"https:\/\/alterdata.com\/wp-content\/themes\/alterdata-theme\/src\/images\/blocks\/section-why-webinar-block\/tick_circle_ico.svg\" class=\"mr-p-15 img-fluid\" alt=\"Icon tick\">\n                <h3 class=\"section-why-webinar-block__item-title\">Dok\u0142adna diagnostyka wycieku z uszczelnienia<\/h3>\n              <\/div>\n              <p class=\"section-why-webinar-block__item-description d-none d-lg-block\">Pomagamy zidentyfikowa\u0107, w jakich obszarach Tw\u00f3j system nagr\u00f3d mo\u017ce generowa\u0107 zbyt wysokie koszty oraz gdzie niepostrze\u017cenie tracisz mar\u017c\u0119 &#8211; u\u017cytkownik po u\u017cytkowniku<\/p>\n            <\/li>\n                      <li class=\"section-why-webinar-block__item col-12 col-lg-6 mb-p-18 mb-p-lg-30\">\n              <div class=\"d-flex mb-p-0 mb-p-lg-10 d-flex align-items-start\">\n                <img decoding=\"async\" src=\"https:\/\/alterdata.com\/wp-content\/themes\/alterdata-theme\/src\/images\/blocks\/section-why-webinar-block\/tick_circle_ico.svg\" class=\"mr-p-15 img-fluid\" alt=\"Icon tick\">\n                <h3 class=\"section-why-webinar-block__item-title\">Bardziej przemy\u015blana struktura lejka sprzeda\u017cowego i systemu nagr\u00f3d<\/h3>\n              <\/div>\n              <p class=\"section-why-webinar-block__item-description d-none d-lg-block\">Pokazujemy, jak lepiej dostosowa\u0107 \u015bcie\u017ck\u0119 konwersji i system nagr\u00f3d do potrzeb odbiorc\u00f3w oraz modelu monetyzacji<\/p>\n            <\/li>\n                      <li class=\"section-why-webinar-block__item col-12 col-lg-6 mb-p-18 mb-p-lg-30\">\n              <div class=\"d-flex mb-p-0 mb-p-lg-10 d-flex align-items-start\">\n                <img decoding=\"async\" src=\"https:\/\/alterdata.com\/wp-content\/themes\/alterdata-theme\/src\/images\/blocks\/section-why-webinar-block\/tick_circle_ico.svg\" class=\"mr-p-15 img-fluid\" alt=\"Icon tick\">\n                <h3 class=\"section-why-webinar-block__item-title\">Mo\u017cliwo\u015bci segmentacji, kt\u00f3re warto zbada\u0107<\/h3>\n              <\/div>\n              <p class=\"section-why-webinar-block__item-description d-none d-lg-block\">Pokazujemy, w jaki spos\u00f3b wzorce zachowa\u0144 u\u017cytkownik\u00f3w mog\u0105 pom\u00f3c w bardziej precyzyjnym kierowaniu reklam, co mo\u017ce potencjalnie podwoi\u0107 wska\u017anik instalacji na u\u017cytkownika<\/p>\n            <\/li>\n                      <li class=\"section-why-webinar-block__item col-12 col-lg-6 mb-p-18 mb-p-lg-30\">\n              <div class=\"d-flex mb-p-0 mb-p-lg-10 d-flex align-items-start\">\n                <img decoding=\"async\" src=\"https:\/\/alterdata.com\/wp-content\/themes\/alterdata-theme\/src\/images\/blocks\/section-why-webinar-block\/tick_circle_ico.svg\" class=\"mr-p-15 img-fluid\" alt=\"Icon tick\">\n                <h3 class=\"section-why-webinar-block__item-title\">Podsumowanie wynik\u00f3w UA z prognozami<\/h3>\n              <\/div>\n              <p class=\"section-why-webinar-block__item-description d-none d-lg-block\">Oceniamy aktualny stan Pa\u0144stwa strategii pozyskiwania u\u017cytkownik\u00f3w oraz wskazujemy, w jakich obszarach zmiany oparte na danych mog\u0142yby zwi\u0119kszy\u0107 zwrot z inwestycji w reklam\u0119 (ROAS) i ograniczy\u0107 nieefektywne wydatki<\/p>\n            <\/li>\n                      <li class=\"section-why-webinar-block__item col-12 col-lg-6 mb-p-18 mb-p-lg-30\">\n              <div class=\"d-flex mb-p-0 mb-p-lg-10 d-flex align-items-start\">\n                <img decoding=\"async\" src=\"https:\/\/alterdata.com\/wp-content\/themes\/alterdata-theme\/src\/images\/blocks\/section-why-webinar-block\/tick_circle_ico.svg\" class=\"mr-p-15 img-fluid\" alt=\"Icon tick\">\n                <h3 class=\"section-why-webinar-block__item-title\">Szacunki dotycz\u0105ce nak\u0142adu pracy i skutk\u00f3w<\/h3>\n              <\/div>\n              <p class=\"section-why-webinar-block__item-description d-none d-lg-block\">Przedstawiamy, jakie zmiany s\u0105 realistyczne, co by\u0142oby do tego potrzebne oraz jakiego rodzaju korzy\u015bci mo\u017cna by si\u0119 spodziewa\u0107<\/p>\n            <\/li>\n                      <li class=\"section-why-webinar-block__item col-12 col-lg-6 mb-p-18 mb-p-lg-30\">\n              <div class=\"d-flex mb-p-0 mb-p-lg-10 d-flex align-items-start\">\n                <img decoding=\"async\" src=\"https:\/\/alterdata.com\/wp-content\/themes\/alterdata-theme\/src\/images\/blocks\/section-why-webinar-block\/tick_circle_ico.svg\" class=\"mr-p-15 img-fluid\" alt=\"Icon tick\">\n                <h3 class=\"section-why-webinar-block__item-title\">Kolejne kroki we wsp\u00f3\u0142pracy z partnerami<\/h3>\n              <\/div>\n              <p class=\"section-why-webinar-block__item-description d-none d-lg-block\">Dostarczamy analizy, kt\u00f3re pomagaj\u0105 w prowadzeniu konstruktywnych rozm\u00f3w z partnerami zajmuj\u0105cymi si\u0119 monetyzacj\u0105 oraz umo\u017cliwiaj\u0105 pewne renegocjowanie stawek CPI<\/p>\n            <\/li>\n                  <\/ul>\n      <\/div>\n\n    <\/div>\n  <\/div>\n<\/div>\n\n\n<p><\/p>\n","protected":false},"excerpt":{"rendered":"","protected":false},"author":4,"featured_media":0,"parent":0,"menu_order":0,"comment_status":"closed","ping_status":"closed","template":"","meta":{"_acf_changed":false,"footnotes":""},"class_list":["post-10682","page","type-page","status-publish","hentry"],"acf":[],"_links":{"self":[{"href":"https:\/\/alterdata.com\/pl\/wp-json\/wp\/v2\/pages\/10682","targetHints":{"allow":["GET"]}}],"collection":[{"href":"https:\/\/alterdata.com\/pl\/wp-json\/wp\/v2\/pages"}],"about":[{"href":"https:\/\/alterdata.com\/pl\/wp-json\/wp\/v2\/types\/page"}],"author":[{"embeddable":true,"href":"https:\/\/alterdata.com\/pl\/wp-json\/wp\/v2\/users\/4"}],"replies":[{"embeddable":true,"href":"https:\/\/alterdata.com\/pl\/wp-json\/wp\/v2\/comments?post=10682"}],"version-history":[{"count":2,"href":"https:\/\/alterdata.com\/pl\/wp-json\/wp\/v2\/pages\/10682\/revisions"}],"predecessor-version":[{"id":10685,"href":"https:\/\/alterdata.com\/pl\/wp-json\/wp\/v2\/pages\/10682\/revisions\/10685"}],"wp:attachment":[{"href":"https:\/\/alterdata.com\/pl\/wp-json\/wp\/v2\/media?parent=10682"}],"curies":[{"name":"wp","href":"https:\/\/api.w.org\/{rel}","templated":true}]}}