{"id":10523,"date":"2026-04-08T14:20:59","date_gmt":"2026-04-08T12:20:59","guid":{"rendered":"https:\/\/alterdata.com\/?page_id=10523"},"modified":"2026-04-08T14:21:00","modified_gmt":"2026-04-08T12:21:00","slug":"ebook-gotowosc-na-ai-checklista","status":"publish","type":"page","link":"https:\/\/alterdata.com\/pl\/ebook-gotowosc-na-ai-checklista\/","title":{"rendered":"Ebook: Gotowo\u015b\u0107 na AI &#8211; checklista"},"content":{"rendered":"<div class=\"section-webinar-form-block \"\n                  style=\"--section-webinar-form-block-background-color: transparent;\"\n                          id=\"pobierz\"\n        >\n  <div class=\"container py-p-48 pt-p-lg-90 mb-p-lg-40\">\n    <div class=\"row\">\n      <div class=\"col-12 col-lg-6\">\n        <p class=\"section-webinar-form-block__prefix-title mb-p-32 mb-p-lg-60\"><h1>Sprawd\u017a, czy Twoja firma jest gotowa na AI<\/h1><\/p>\n        <h2 class=\"section-webinar-form-block__title mb-p-40\"><br>5-minutowa checklista, kt\u00f3ra pozwoli Ci oceni\u0107 gotowo\u015b\u0107 Twojej organizacji na wdro\u017cenie AI w 10 kluczowych obszarach infrastruktury danych.<\/h2>\n        <img decoding=\"async\" src=\"\" class=\"section-webinar-form-block__image img-fluid\" alt=\"Alterdata\">\n      <\/div>\n      <div class=\"col-12 col-lg-5 offset-lg-1\">\n        <div class=\"section-webinar-form-block__form py-p-24 px-p-24 py-p-lg-48 px-p-lg-48\">\n          \n<div class=\"wpcf7 no-js\" id=\"wpcf7-f10527-o1\" lang=\"pl-PL\" dir=\"ltr\" data-wpcf7-id=\"10527\">\n<div class=\"screen-reader-response\"><p role=\"status\" aria-live=\"polite\" aria-atomic=\"true\"><\/p> <ul><\/ul><\/div>\n<form action=\"\/pl\/wp-json\/wp\/v2\/pages\/10523#wpcf7-f10527-o1\" method=\"post\" class=\"wpcf7-form init\" aria-label=\"Formularz kontaktowy\" novalidate=\"novalidate\" data-status=\"init\">\n<fieldset class=\"hidden-fields-container\"><input type=\"hidden\" name=\"_wpcf7\" value=\"10527\" \/><input type=\"hidden\" name=\"_wpcf7_version\" value=\"6.1.5\" \/><input type=\"hidden\" name=\"_wpcf7_locale\" value=\"pl_PL\" \/><input type=\"hidden\" name=\"_wpcf7_unit_tag\" value=\"wpcf7-f10527-o1\" \/><input type=\"hidden\" name=\"_wpcf7_container_post\" value=\"0\" \/><input type=\"hidden\" name=\"_wpcf7_posted_data_hash\" value=\"\" \/><input type=\"hidden\" name=\"_wpcf7_recaptcha_response\" value=\"\" \/>\n<\/fieldset>\n<label>\n  <span>Imi\u0119 i nazwisko<span class=\"red-dot\">*<\/span><\/span>\n  <span class=\"wpcf7-form-control-wrap\" data-name=\"your-name\"><input size=\"40\" maxlength=\"400\" class=\"wpcf7-form-control wpcf7-text wpcf7-validates-as-required\" autocomplete=\"name\" aria-required=\"true\" aria-invalid=\"false\" placeholder=\"Imi\u0119 i nazwisko\" value=\"\" type=\"text\" name=\"your-name\" \/><\/span>\n<\/label>\n\n<label>\n  <span>Firma<span class=\"red-dot\">*<\/span><\/span>\n  <span class=\"wpcf7-form-control-wrap\" data-name=\"your-company\"><input size=\"40\" maxlength=\"400\" class=\"wpcf7-form-control wpcf7-text wpcf7-validates-as-required\" autocomplete=\"company\" aria-required=\"true\" aria-invalid=\"false\" placeholder=\"Nazwa firmy\" value=\"\" type=\"text\" name=\"your-company\" \/><\/span>\n<\/label>\n\n<label>\n  <span>E-mail <span class=\"red-dot\">*<\/span><\/span>\n  <span class=\"wpcf7-form-control-wrap\" data-name=\"your-email\"><input size=\"40\" maxlength=\"400\" class=\"wpcf7-form-control wpcf7-email wpcf7-validates-as-required wpcf7-text wpcf7-validates-as-email\" autocomplete=\"email\" aria-required=\"true\" aria-invalid=\"false\" placeholder=\"Adres e-mail\" value=\"\" type=\"email\" name=\"your-email\" \/><\/span>\n<\/label>\n\n<label class=\"acceptance\">\n  <span class=\"wpcf7-form-control-wrap\" data-name=\"accept-terms\"><span class=\"wpcf7-form-control wpcf7-acceptance\"><span class=\"wpcf7-list-item\"><label><input type=\"checkbox\" name=\"accept-terms\" value=\"1\" aria-invalid=\"false\" \/><span class=\"wpcf7-list-item-label\">Zapozna\u0142am\/-em si\u0119 z <a href=\"https:\/\/alterdata.com\/pl\/polityka-prywatnosci\/\" target=\"_blank\" rel=\"noopener noreferrer\">Regulaminem<\/a> i akceptuj\u0119 postanowienia w nim zawarte. <span class=\"red-dot\">*<\/span><\/span><\/label><\/span><\/span><\/span>\n<\/label>\n\n\n<label class=\"acceptance\">\n  <span class=\"wpcf7-form-control-wrap\" data-name=\"accept-marketing\"><span class=\"wpcf7-form-control wpcf7-acceptance optional\"><span class=\"wpcf7-list-item\"><label><input type=\"checkbox\" name=\"accept-marketing\" value=\"1\" aria-invalid=\"false\" \/><span class=\"wpcf7-list-item-label\">Wyra\u017cam zgod\u0119 na otrzymywanie komunikacji marketingowej od Alterdata.<\/span><\/label><\/span><\/span><\/span>\n<\/label>\n\n<span class=\"info\"><span class=\"red-dot\">*<\/span> <span style=\"color:#383840;\">Pole obowi\u0105zkowe<\/span><\/span>\n\n<input class=\"wpcf7-form-control wpcf7-hidden\" value=\"2026_landing_ai_readiness_ebook (PL)\" type=\"hidden\" name=\"form-name\" \/>\n\n<input class=\"wpcf7-form-control wpcf7-submit has-spinner\" type=\"submit\" value=\"Otrzymaj e-book na maila\" \/><div class=\"wpcf7-response-output\" aria-hidden=\"true\"><\/div>\n<\/form>\n<\/div>\n\n        <\/div>\n      <\/div>\n    <\/div>\n  <\/div>\n<\/div>\n\n<div class=\"section-why-webinar-block \"\n                  style=\"--section-why-webinar-block-background-color: transparent;\"\n                >\n  <div class=\"container\">\n    <div class=\"section-why-webinar-block__content row py-p-60 py-p-lg-70\">\n      <div class=\"col-12\">\n        <h2 class=\"section-why-webinar-block__title text-lg-center mb-p-40 mb-p-lg-60\">Dlaczego wi\u0119kszo\u015b\u0107 nowych projekt\u00f3w AI nie dowozi wynik\u00f3w<\/h2>\n      <\/div>\n      <div class=\"col-12\">\n        <ul class=\"section-why-webinar-block__list row\">\n                      <li class=\"section-why-webinar-block__item col-12 col-lg-6 mb-p-18 mb-p-lg-30\">\n              <div class=\"d-flex mb-p-0 mb-p-lg-10 d-flex align-items-start\">\n                <img decoding=\"async\" src=\"https:\/\/alterdata.com\/wp-content\/themes\/alterdata-theme\/src\/images\/blocks\/section-why-webinar-block\/tick_circle_ico.svg\" class=\"mr-p-15 img-fluid\" alt=\"Icon tick\">\n                <h3 class=\"section-why-webinar-block__item-title\">Dane, kt\u00f3rym nie mo\u017cna ufa\u0107<\/h3>\n              <\/div>\n              <p class=\"section-why-webinar-block__item-description d-none d-lg-block\">Rozproszone systemy, brak integracji i niesp\u00f3jne definicje sprawiaj\u0105, \u017ce dane nie nadaj\u0105 si\u0119 do AI &#8211; a modele ucz\u0105 si\u0119 na b\u0142\u0119dach.<\/p>\n            <\/li>\n                      <li class=\"section-why-webinar-block__item col-12 col-lg-6 mb-p-18 mb-p-lg-30\">\n              <div class=\"d-flex mb-p-0 mb-p-lg-10 d-flex align-items-start\">\n                <img decoding=\"async\" src=\"https:\/\/alterdata.com\/wp-content\/themes\/alterdata-theme\/src\/images\/blocks\/section-why-webinar-block\/tick_circle_ico.svg\" class=\"mr-p-15 img-fluid\" alt=\"Icon tick\">\n                <h3 class=\"section-why-webinar-block__item-title\">R\u0119czne i niestabilne procesy danych<\/h3>\n              <\/div>\n              <p class=\"section-why-webinar-block__item-description d-none d-lg-block\">Pipeline\u2019y oparte na skryptach i manualnych dzia\u0142aniach nie s\u0105 skalowalne &#8211; ka\u017cde wdro\u017cenie AI ko\u0144czy si\u0119 problemami operacyjnymi.<\/p>\n            <\/li>\n                      <li class=\"section-why-webinar-block__item col-12 col-lg-6 mb-p-18 mb-p-lg-30\">\n              <div class=\"d-flex mb-p-0 mb-p-lg-10 d-flex align-items-start\">\n                <img decoding=\"async\" src=\"https:\/\/alterdata.com\/wp-content\/themes\/alterdata-theme\/src\/images\/blocks\/section-why-webinar-block\/tick_circle_ico.svg\" class=\"mr-p-15 img-fluid\" alt=\"Icon tick\">\n                <h3 class=\"section-why-webinar-block__item-title\">Brak gotowo\u015bci infrastruktury pod AI<\/h3>\n              <\/div>\n              <p class=\"section-why-webinar-block__item-description d-none d-lg-block\">Bez \u015brodowisk do trenowania, wdra\u017cania i monitorowania modeli, AI pozostaje tylko eksperymentem.<\/p>\n            <\/li>\n                      <li class=\"section-why-webinar-block__item col-12 col-lg-6 mb-p-18 mb-p-lg-30\">\n              <div class=\"d-flex mb-p-0 mb-p-lg-10 d-flex align-items-start\">\n                <img decoding=\"async\" src=\"https:\/\/alterdata.com\/wp-content\/themes\/alterdata-theme\/src\/images\/blocks\/section-why-webinar-block\/tick_circle_ico.svg\" class=\"mr-p-15 img-fluid\" alt=\"Icon tick\">\n                <h3 class=\"section-why-webinar-block__item-title\">Decyzje podejmowane z op\u00f3\u017anieniem<\/h3>\n              <\/div>\n              <p class=\"section-why-webinar-block__item-description d-none d-lg-block\">Brak przetwarzania w czasie rzeczywistym oznacza, \u017ce reagujesz za p\u00f3\u017ano &#8211; a AI nie ma wp\u0142ywu na operacje.<\/p>\n            <\/li>\n                      <li class=\"section-why-webinar-block__item col-12 col-lg-6 mb-p-18 mb-p-lg-30\">\n              <div class=\"d-flex mb-p-0 mb-p-lg-10 d-flex align-items-start\">\n                <img decoding=\"async\" src=\"https:\/\/alterdata.com\/wp-content\/themes\/alterdata-theme\/src\/images\/blocks\/section-why-webinar-block\/tick_circle_ico.svg\" class=\"mr-p-15 img-fluid\" alt=\"Icon tick\">\n                <h3 class=\"section-why-webinar-block__item-title\">Brak governance i kontroli nad danymi<\/h3>\n              <\/div>\n              <p class=\"section-why-webinar-block__item-description d-none d-lg-block\">Niejasna w\u0142asno\u015b\u0107 danych, brak dokumentacji i kontroli dost\u0119pu blokuj\u0105 rozw\u00f3j AI i zwi\u0119kszaj\u0105 ryzyko.<\/p>\n            <\/li>\n                      <li class=\"section-why-webinar-block__item col-12 col-lg-6 mb-p-18 mb-p-lg-30\">\n              <div class=\"d-flex mb-p-0 mb-p-lg-10 d-flex align-items-start\">\n                <img decoding=\"async\" src=\"https:\/\/alterdata.com\/wp-content\/themes\/alterdata-theme\/src\/images\/blocks\/section-why-webinar-block\/tick_circle_ico.svg\" class=\"mr-p-15 img-fluid\" alt=\"Icon tick\">\n                <h3 class=\"section-why-webinar-block__item-title\">Chaos w analityce i raportowaniu<\/h3>\n              <\/div>\n              <p class=\"section-why-webinar-block__item-description d-none d-lg-block\">R\u00f3\u017cne zespo\u0142y maj\u0105 r\u00f3\u017cne liczby &#8211; bez wsp\u00f3lnego \u017ar\u00f3d\u0142a prawdy AI tylko pog\u0142\u0119bia ten problem.<\/p>\n            <\/li>\n                  <\/ul>\n      <\/div>\n\n    <\/div>\n  <\/div>\n<\/div>\n\n\n<p><\/p>\n","protected":false},"excerpt":{"rendered":"","protected":false},"author":4,"featured_media":0,"parent":0,"menu_order":0,"comment_status":"closed","ping_status":"closed","template":"","meta":{"_acf_changed":false,"footnotes":""},"class_list":["post-10523","page","type-page","status-publish","hentry"],"acf":[],"_links":{"self":[{"href":"https:\/\/alterdata.com\/pl\/wp-json\/wp\/v2\/pages\/10523","targetHints":{"allow":["GET"]}}],"collection":[{"href":"https:\/\/alterdata.com\/pl\/wp-json\/wp\/v2\/pages"}],"about":[{"href":"https:\/\/alterdata.com\/pl\/wp-json\/wp\/v2\/types\/page"}],"author":[{"embeddable":true,"href":"https:\/\/alterdata.com\/pl\/wp-json\/wp\/v2\/users\/4"}],"replies":[{"embeddable":true,"href":"https:\/\/alterdata.com\/pl\/wp-json\/wp\/v2\/comments?post=10523"}],"version-history":[{"count":5,"href":"https:\/\/alterdata.com\/pl\/wp-json\/wp\/v2\/pages\/10523\/revisions"}],"predecessor-version":[{"id":10543,"href":"https:\/\/alterdata.com\/pl\/wp-json\/wp\/v2\/pages\/10523\/revisions\/10543"}],"wp:attachment":[{"href":"https:\/\/alterdata.com\/pl\/wp-json\/wp\/v2\/media?parent=10523"}],"curies":[{"name":"wp","href":"https:\/\/api.w.org\/{rel}","templated":true}]}}