{"id":10165,"date":"2026-02-18T12:06:38","date_gmt":"2026-02-18T11:06:38","guid":{"rendered":"https:\/\/alterdata.com\/?page_id=10165"},"modified":"2026-02-18T12:06:40","modified_gmt":"2026-02-18T11:06:40","slug":"rekrutacja-alterdata-it","status":"publish","type":"page","link":"https:\/\/alterdata.com\/pl\/rekrutacja-alterdata-it\/","title":{"rendered":"Rekrutacja &#8211; Alterdata"},"content":{"rendered":"<div class=\"section-dashboard-demo-block \"\n                  style=\"--section-dashboard-demo-block-background-color: transparent;\"\n                >\n  <div class=\"container\">\n    <div class=\"row pt-p-48 pb-p-60 pt-p-lg-50 pb-p-lg-120\">\n      <div class=\"col\">\n        <p class=\"section-dashboard-demo-block__description text-lg-center mb-p-24 mb-p-lg-30\">Formularz rekrutacji do Alterdata<\/p>\n        <h2 class=\"section-dashboard-demo-block__title text-lg-center mb-p-40 mb-p-lg-70\">Wype\u0142nij formularz oraz za\u0142\u0105cz swoje CV. Skontaktujemy si\u0119 niebawem.<\/h2>\n        <div class=\"section-dashboard-demo-block__iframe text-center\">\n          <iframe loading=\"lazy\" src=\"https:\/\/forms.monday.com\/forms\/embed\/73d6406573ba1410a092fde09ad492e5?r=use1\" width=\"750\" height=\"3000\" style=\"border: 0; box-shadow: 5px 5px 56px 0px rgba(0,0,0,0.25);\"><\/iframe>\n        <\/div>\n      <\/div>\n    <\/div>\n  <\/div>\n<\/div>\n\n\n<p><\/p>\n","protected":false},"excerpt":{"rendered":"","protected":false},"author":4,"featured_media":0,"parent":0,"menu_order":0,"comment_status":"closed","ping_status":"closed","template":"","meta":{"_acf_changed":false,"footnotes":""},"class_list":["post-10165","page","type-page","status-publish","hentry"],"acf":[],"_links":{"self":[{"href":"https:\/\/alterdata.com\/pl\/wp-json\/wp\/v2\/pages\/10165","targetHints":{"allow":["GET"]}}],"collection":[{"href":"https:\/\/alterdata.com\/pl\/wp-json\/wp\/v2\/pages"}],"about":[{"href":"https:\/\/alterdata.com\/pl\/wp-json\/wp\/v2\/types\/page"}],"author":[{"embeddable":true,"href":"https:\/\/alterdata.com\/pl\/wp-json\/wp\/v2\/users\/4"}],"replies":[{"embeddable":true,"href":"https:\/\/alterdata.com\/pl\/wp-json\/wp\/v2\/comments?post=10165"}],"version-history":[{"count":1,"href":"https:\/\/alterdata.com\/pl\/wp-json\/wp\/v2\/pages\/10165\/revisions"}],"predecessor-version":[{"id":10167,"href":"https:\/\/alterdata.com\/pl\/wp-json\/wp\/v2\/pages\/10165\/revisions\/10167"}],"wp:attachment":[{"href":"https:\/\/alterdata.com\/pl\/wp-json\/wp\/v2\/media?parent=10165"}],"curies":[{"name":"wp","href":"https:\/\/api.w.org\/{rel}","templated":true}]}}