{"id":10086,"date":"2026-02-13T12:38:32","date_gmt":"2026-02-13T11:38:32","guid":{"rendered":"https:\/\/alterdata.com\/?page_id=10086"},"modified":"2026-02-13T12:38:33","modified_gmt":"2026-02-13T11:38:33","slug":"nagranie-jak-tworzyc-firmowego-doradce-ai-6-11-2025","status":"publish","type":"page","link":"https:\/\/alterdata.com\/pl\/nagranie-jak-tworzyc-firmowego-doradce-ai-6-11-2025\/","title":{"rendered":"Nagranie: Jak tworzy\u0107 firmowego Doradc\u0119 AI? (6.11.2025)"},"content":{"rendered":"<div class=\"section-dashboard-demo-block \"\n                  style=\"--section-dashboard-demo-block-background-color: transparent;\"\n                >\n  <div class=\"container\">\n    <div class=\"row pt-p-48 pb-p-60 pt-p-lg-50 pb-p-lg-120\">\n      <div class=\"col\">\n        <p class=\"section-dashboard-demo-block__description text-lg-center mb-p-24 mb-p-lg-30\">Biznes oparty o dane 6.11.2025<\/p>\n        <h2 class=\"section-dashboard-demo-block__title text-lg-center mb-p-40 mb-p-lg-70\">Jak tworzy\u0107 firmowego Doradc\u0119 AI? \u2013 Bart\u0142omiej Wo\u0142y\u0144czyk<\/h2>\n        <div class=\"section-dashboard-demo-block__iframe text-center\">\n          <iframe loading=\"lazy\" width=\"1200\" height=\"665\" src=\"https:\/\/www.youtube.com\/embed\/nHfMWlOh2SI?si=MA13WXUc-HxS_0so\"YouTube video player\" frameborder=\"0\" allow=\"accelerometer; autoplay; clipboard-write; encrypted-media; gyroscope; picture-in-picture; web-share\" referrerpolicy=\"strict-origin-when-cross-origin\" allowfullscreen><\/iframe>\n        <\/div>\n      <\/div>\n    <\/div>\n  <\/div>\n<\/div>\n\n\n<p><\/p>\n","protected":false},"excerpt":{"rendered":"","protected":false},"author":4,"featured_media":0,"parent":0,"menu_order":0,"comment_status":"closed","ping_status":"closed","template":"","meta":{"_acf_changed":false,"footnotes":""},"class_list":["post-10086","page","type-page","status-publish","hentry"],"acf":[],"_links":{"self":[{"href":"https:\/\/alterdata.com\/pl\/wp-json\/wp\/v2\/pages\/10086","targetHints":{"allow":["GET"]}}],"collection":[{"href":"https:\/\/alterdata.com\/pl\/wp-json\/wp\/v2\/pages"}],"about":[{"href":"https:\/\/alterdata.com\/pl\/wp-json\/wp\/v2\/types\/page"}],"author":[{"embeddable":true,"href":"https:\/\/alterdata.com\/pl\/wp-json\/wp\/v2\/users\/4"}],"replies":[{"embeddable":true,"href":"https:\/\/alterdata.com\/pl\/wp-json\/wp\/v2\/comments?post=10086"}],"version-history":[{"count":1,"href":"https:\/\/alterdata.com\/pl\/wp-json\/wp\/v2\/pages\/10086\/revisions"}],"predecessor-version":[{"id":10090,"href":"https:\/\/alterdata.com\/pl\/wp-json\/wp\/v2\/pages\/10086\/revisions\/10090"}],"wp:attachment":[{"href":"https:\/\/alterdata.com\/pl\/wp-json\/wp\/v2\/media?parent=10086"}],"curies":[{"name":"wp","href":"https:\/\/api.w.org\/{rel}","templated":true}]}}